{"id":744845,"date":"2025-08-28T02:06:06","date_gmt":"2025-08-27T23:06:06","guid":{"rendered":"https:\/\/roveyayinevi.com.tr\/index.php\/urun\/golbez-ve-caa-prensi-ile-ruzgarin-gunlugu\/"},"modified":"2026-04-16T02:56:44","modified_gmt":"2026-04-15T23:56:44","slug":"golbez-ve-caa-prensi-ile-ruzgarin-gunlugu","status":"publish","type":"product","link":"https:\/\/roveyayinevi.com.tr\/index.php\/urun\/golbez-ve-caa-prensi-ile-ruzgarin-gunlugu\/","title":{"rendered":"Golbez Ve \u00c7aa Prensi \u0130le R\u00fczgar\u0131n G\u00fcnl\u00fc\u011f\u00fc"},"content":{"rendered":"<p>Umutlar! Ya ger\u00e7ekle\u015fecekse? Bizi korumak i\u00e7in gecikiyorsa? Ve yak\u0131nsa ger\u00e7ekle\u015fmesi! Haz\u0131r m\u0131y\u0131z? Kendini bulma yolunda, Sorumluluklar\u0131n\u0131 k\u00fc\u00e7\u00fcmseme! G\u00f6revlerini yapmaya devam et! Zaman\u0131 geldi\u011finde Bir de bakm\u0131\u015fs\u0131n; G\u00f6ky\u00fcz\u00fcne te\u015fekk\u00fcrle g\u00fcl\u00fcms\u00fcyorsun! Yolunda ilerlerken destek mi gerekli? Okuduk\u00e7a netle\u015fir yollar! Bu kitap; Desteklerinden biri<\/p>\n","protected":false},"excerpt":{"rendered":"<p>Umutlar! Ya ger\u00e7ekle\u015fecekse? Bizi korumak i\u00e7in gecikiyorsa? Ve yak\u0131nsa ger\u00e7ekle\u015fmesi! Haz\u0131r m\u0131y\u0131z? Kendini bulma yolunda, Sorumluluklar\u0131n\u0131 k\u00fc\u00e7\u00fcmseme! G\u00f6revlerini yapmaya devam et! Zaman\u0131 geldi\u011finde Bir de bakm\u0131\u015fs\u0131n;<span class=\"excerpt-hellip\"> [\u2026]<\/span><\/p>\n","protected":false},"featured_media":0,"template":"","meta":{"_monsterinsights_skip_tracking":false,"_monsterinsights_sitenote_active":false,"_monsterinsights_sitenote_note":"","_monsterinsights_sitenote_category":0},"product_brand":[],"product_cat":[12291,12711],"product_tag":[],"class_list":{"0":"post-744845","1":"product","2":"type-product","3":"status-publish","5":"product_cat-edebiyat","6":"product_cat-roman-oyku","7":"pa_cilt-ciltsiz","8":"pa_tur-kitap","9":"pa_yayinevi-bilgin-kultur-sanat","10":"pa_yazar-aynur-yaman","12":"first","13":"instock","14":"sale","15":"shipping-taxable","16":"purchasable","17":"product-type-simple"},"_links":{"self":[{"href":"https:\/\/roveyayinevi.com.tr\/index.php\/wp-json\/wp\/v2\/product\/744845","targetHints":{"allow":["GET"]}}],"collection":[{"href":"https:\/\/roveyayinevi.com.tr\/index.php\/wp-json\/wp\/v2\/product"}],"about":[{"href":"https:\/\/roveyayinevi.com.tr\/index.php\/wp-json\/wp\/v2\/types\/product"}],"wp:attachment":[{"href":"https:\/\/roveyayinevi.com.tr\/index.php\/wp-json\/wp\/v2\/media?parent=744845"}],"wp:term":[{"taxonomy":"product_brand","embeddable":true,"href":"https:\/\/roveyayinevi.com.tr\/index.php\/wp-json\/wp\/v2\/product_brand?post=744845"},{"taxonomy":"product_cat","embeddable":true,"href":"https:\/\/roveyayinevi.com.tr\/index.php\/wp-json\/wp\/v2\/product_cat?post=744845"},{"taxonomy":"product_tag","embeddable":true,"href":"https:\/\/roveyayinevi.com.tr\/index.php\/wp-json\/wp\/v2\/product_tag?post=744845"}],"curies":[{"name":"wp","href":"https:\/\/api.w.org\/{rel}","templated":true}]}}