{"id":744842,"date":"2025-08-28T02:06:03","date_gmt":"2025-08-27T23:06:03","guid":{"rendered":"https:\/\/roveyayinevi.com.tr\/index.php\/urun\/kirik-bir-kalp\/"},"modified":"2026-04-16T02:56:44","modified_gmt":"2026-04-15T23:56:44","slug":"kirik-bir-kalp","status":"publish","type":"product","link":"https:\/\/roveyayinevi.com.tr\/index.php\/urun\/kirik-bir-kalp\/","title":{"rendered":"K\u0131r\u0131k Bir Kalp"},"content":{"rendered":"<p>New York Times\u2019\u0131n \u00e7ok satan yazar\u0131 Stephanie Garber\u2019dan Caraval serisinin sihirli evreninde ge\u00e7en lanetli bir a\u015fk masal\u0131   Evangeline Fox babas\u0131n\u0131n antika d\u00fckk\u00e2n\u0131nda, sonsuz mutluluk vaat eden peri masallar\u0131yla ve kalbi atmayan, \u00f6ld\u00fcr\u00fcc\u00fc \u00f6p\u00fcc\u00fc\u011f\u00fcyle me\u015fhur Kupa Prensi gibi efsanelerle b\u00fcy\u00fcm\u00fc\u015ft\u00fc. G\u00fcnlerden bir g\u00fcn, hayat\u0131n\u0131n a\u015fk\u0131n\u0131n ba\u015fka biriyle evlenmek \u00fczere oldu\u011funu \u00f6\u011frendi\u011finde, \u00e7areyi Kupa Prensi\u2019nden yard\u0131m dilemekte buldu.   Prens ondan \u00fc\u00e7 \u00f6p\u00fcc\u00fck istedi\u2026 Ve olaylar geli\u015fti\u2026   Sonsuza dek mutlu olmak i\u00e7in neleri feda edersin? <\/p>\n","protected":false},"excerpt":{"rendered":"<p>New York Times\u2019\u0131n \u00e7ok satan yazar\u0131 Stephanie Garber\u2019dan Caraval serisinin sihirli evreninde ge\u00e7en lanetli bir a\u015fk masal\u0131 Evangeline Fox babas\u0131n\u0131n antika d\u00fckk\u00e2n\u0131nda, sonsuz mutluluk vaat eden<span class=\"excerpt-hellip\"> [\u2026]<\/span><\/p>\n","protected":false},"featured_media":0,"template":"","meta":{"_monsterinsights_skip_tracking":false,"_monsterinsights_sitenote_active":false,"_monsterinsights_sitenote_note":"","_monsterinsights_sitenote_category":0},"product_brand":[],"product_cat":[12291,14777],"product_tag":[],"class_list":{"0":"post-744842","1":"product","2":"type-product","3":"status-publish","5":"product_cat-edebiyat","6":"product_cat-fantastik","7":"pa_cilt-ciltsiz","8":"pa_tur-kitap","9":"pa_yayinevi-dex-yayinevi","10":"pa_yazar-stephanie-garber","12":"first","13":"instock","14":"sale","15":"shipping-taxable","16":"purchasable","17":"product-type-simple"},"_links":{"self":[{"href":"https:\/\/roveyayinevi.com.tr\/index.php\/wp-json\/wp\/v2\/product\/744842","targetHints":{"allow":["GET"]}}],"collection":[{"href":"https:\/\/roveyayinevi.com.tr\/index.php\/wp-json\/wp\/v2\/product"}],"about":[{"href":"https:\/\/roveyayinevi.com.tr\/index.php\/wp-json\/wp\/v2\/types\/product"}],"wp:attachment":[{"href":"https:\/\/roveyayinevi.com.tr\/index.php\/wp-json\/wp\/v2\/media?parent=744842"}],"wp:term":[{"taxonomy":"product_brand","embeddable":true,"href":"https:\/\/roveyayinevi.com.tr\/index.php\/wp-json\/wp\/v2\/product_brand?post=744842"},{"taxonomy":"product_cat","embeddable":true,"href":"https:\/\/roveyayinevi.com.tr\/index.php\/wp-json\/wp\/v2\/product_cat?post=744842"},{"taxonomy":"product_tag","embeddable":true,"href":"https:\/\/roveyayinevi.com.tr\/index.php\/wp-json\/wp\/v2\/product_tag?post=744842"}],"curies":[{"name":"wp","href":"https:\/\/api.w.org\/{rel}","templated":true}]}}