{"id":744839,"date":"2025-08-28T02:05:59","date_gmt":"2025-08-27T23:05:59","guid":{"rendered":"https:\/\/roveyayinevi.com.tr\/index.php\/urun\/icimde-sakinlik-buldum\/"},"modified":"2026-04-16T02:56:44","modified_gmt":"2026-04-15T23:56:44","slug":"icimde-sakinlik-buldum","status":"publish","type":"product","link":"https:\/\/roveyayinevi.com.tr\/index.php\/urun\/icimde-sakinlik-buldum\/","title":{"rendered":"\u0130\u00e7imde Sakinlik Buldum"},"content":{"rendered":"<p>Kendimi bildi\u011fim kadar\u0131m. Bazen kocaman, bazen ufac\u0131k, bazen derin, bazen s\u0131\u011f. Vaktim, sadece denemeye yetecekmi\u015f gibi. Ki\u015fili\u011fi olmayan ruhun yolu hep kestirme.   Yolda oldu\u011fu her an, soru sormaya haz\u0131r ve kendini \u00f6\u011frendiklerinin \u00f6tesinde g\u00f6rmeye merakl\u0131d\u0131r insan. Do\u011fas\u0131 sakinliktir. Zihin taraf\u0131ndan uyu\u015fturulmad\u0131\u011f\u0131 m\u00fcddet\u00e7e, kendinin pe\u015finde ko\u015far. En \u00e7ok i\u00e7ini merak eder, en \u00e7ok kendisiyle ha\u015f\u0131r ne\u015fir olur.   Do\u011fu mistisizmi ve Bat\u0131 psikolojisi birle\u015fti\u011finde, sorular \u201cBen kimim?\u201d etraf\u0131nda toplan\u0131r. Kim oldu\u011fu pek m\u00fchim oldu\u011fu i\u00e7in de\u011fil; dikkatini, \u00e7evresinde olup bitenlerden al\u0131p merkezine toplayabilmek i\u00e7in sorar. \u0130\u00e7ten i\u00e7e, s\u0131k\u0131\u015fm\u0131\u015fl\u0131\u011f\u0131n\u0131 yat\u0131\u015ft\u0131rmak ister. S\u0131k\u0131\u015fm\u0131\u015fl\u0131k; ge\u00e7mi\u015fteki kat\u0131, tek do\u011frulu, \u00f6d\u00fcn\u00e7 al\u0131nm\u0131\u015f bilgiler y\u00fcz\u00fcnden olu\u015ftuysa, \u00e7are, sakinli\u011fi yeniden \u00f6\u011frenmektir. Kendini izleyerek, d\u00fczenleyerek, merak ederek yeniden \u00f6\u011frenmek.  <\/p>\n","protected":false},"excerpt":{"rendered":"<p>Kendimi bildi\u011fim kadar\u0131m. Bazen kocaman, bazen ufac\u0131k, bazen derin, bazen s\u0131\u011f. Vaktim, sadece denemeye yetecekmi\u015f gibi. Ki\u015fili\u011fi olmayan ruhun yolu hep kestirme. Yolda oldu\u011fu her an,<span class=\"excerpt-hellip\"> [\u2026]<\/span><\/p>\n","protected":false},"featured_media":0,"template":"","meta":{"_monsterinsights_skip_tracking":false,"_monsterinsights_sitenote_active":false,"_monsterinsights_sitenote_note":"","_monsterinsights_sitenote_category":0},"product_brand":[],"product_cat":[12358,12357],"product_tag":[],"class_list":{"0":"post-744839","1":"product","2":"type-product","3":"status-publish","5":"product_cat-genel-psikoloji","6":"product_cat-psikoloji","7":"pa_cilt-ciltsiz","8":"pa_tur-kitap","9":"pa_yayinevi-dogan-novus","10":"pa_yazar-dilay-suloglu","12":"first","13":"instock","14":"sale","15":"shipping-taxable","16":"purchasable","17":"product-type-simple"},"_links":{"self":[{"href":"https:\/\/roveyayinevi.com.tr\/index.php\/wp-json\/wp\/v2\/product\/744839","targetHints":{"allow":["GET"]}}],"collection":[{"href":"https:\/\/roveyayinevi.com.tr\/index.php\/wp-json\/wp\/v2\/product"}],"about":[{"href":"https:\/\/roveyayinevi.com.tr\/index.php\/wp-json\/wp\/v2\/types\/product"}],"wp:attachment":[{"href":"https:\/\/roveyayinevi.com.tr\/index.php\/wp-json\/wp\/v2\/media?parent=744839"}],"wp:term":[{"taxonomy":"product_brand","embeddable":true,"href":"https:\/\/roveyayinevi.com.tr\/index.php\/wp-json\/wp\/v2\/product_brand?post=744839"},{"taxonomy":"product_cat","embeddable":true,"href":"https:\/\/roveyayinevi.com.tr\/index.php\/wp-json\/wp\/v2\/product_cat?post=744839"},{"taxonomy":"product_tag","embeddable":true,"href":"https:\/\/roveyayinevi.com.tr\/index.php\/wp-json\/wp\/v2\/product_tag?post=744839"}],"curies":[{"name":"wp","href":"https:\/\/api.w.org\/{rel}","templated":true}]}}