{"id":744836,"date":"2025-08-28T02:05:54","date_gmt":"2025-08-27T23:05:54","guid":{"rendered":"https:\/\/roveyayinevi.com.tr\/index.php\/urun\/durup-dusununce\/"},"modified":"2026-04-16T02:56:44","modified_gmt":"2026-04-15T23:56:44","slug":"durup-dusununce","status":"publish","type":"product","link":"https:\/\/roveyayinevi.com.tr\/index.php\/urun\/durup-dusununce\/","title":{"rendered":"Durup D\u00fc\u015f\u00fcn\u00fcnce"},"content":{"rendered":"<p>Durup D\u00fc\u015f\u00fcn\u00fcnce K\u0131sa \u00d6zetModern hayat\u0131n insan\u0131 bir ko\u015fturma i\u00e7ine hapsetti\u011fi bu \u00e7a\u011fda, kendini bilmek, varl\u0131\u011f\u0131m\u0131z\u0131 e\u015fref-i mahl\u00fbkat olarak s\u00fcrd\u00fcrebilmek i\u00e7in bir zarurettir. B\u00fclent Turan; \u015fehirden tarihe, siyasetten k\u00fclt\u00fcr sanata bir\u00e7ok mesele \u00fczerine zihin kaz\u0131lar\u0131 yap\u0131yor. Okuru, bizi biz yapan de\u011ferler \u00fczerindeki \u00f6rt\u00fcleri kald\u0131rmaya ve hat\u0131rlamaya davet ediyor. Durup D\u00fc\u015f\u00fcn\u00fcnce, devletin milletinden milletin devletine uzanan bir fikir yolculu\u011fu; d\u00fcnyay\u0131, T\u00fcrkiye\u2019yi ve insan\u0131 okuma \u00e7abas\u0131d\u0131r.  <\/p>\n","protected":false},"excerpt":{"rendered":"<p>Durup D\u00fc\u015f\u00fcn\u00fcnce K\u0131sa \u00d6zetModern hayat\u0131n insan\u0131 bir ko\u015fturma i\u00e7ine hapsetti\u011fi bu \u00e7a\u011fda, kendini bilmek, varl\u0131\u011f\u0131m\u0131z\u0131 e\u015fref-i mahl\u00fbkat olarak s\u00fcrd\u00fcrebilmek i\u00e7in bir zarurettir. B\u00fclent Turan; \u015fehirden tarihe,<span class=\"excerpt-hellip\"> [\u2026]<\/span><\/p>\n","protected":false},"featured_media":0,"template":"","meta":{"_monsterinsights_skip_tracking":false,"_monsterinsights_sitenote_active":false,"_monsterinsights_sitenote_note":"","_monsterinsights_sitenote_category":0},"product_brand":[],"product_cat":[18545,12291],"product_tag":[],"class_list":{"0":"post-744836","1":"product","2":"type-product","3":"status-publish","5":"product_cat-anlati","6":"product_cat-edebiyat","7":"pa_cilt-ciltsiz","8":"pa_tur-kitap","9":"pa_yayinevi-muhit-kitap","10":"pa_yazar-bulent-turan","12":"first","13":"instock","14":"sale","15":"shipping-taxable","16":"purchasable","17":"product-type-simple"},"_links":{"self":[{"href":"https:\/\/roveyayinevi.com.tr\/index.php\/wp-json\/wp\/v2\/product\/744836","targetHints":{"allow":["GET"]}}],"collection":[{"href":"https:\/\/roveyayinevi.com.tr\/index.php\/wp-json\/wp\/v2\/product"}],"about":[{"href":"https:\/\/roveyayinevi.com.tr\/index.php\/wp-json\/wp\/v2\/types\/product"}],"wp:attachment":[{"href":"https:\/\/roveyayinevi.com.tr\/index.php\/wp-json\/wp\/v2\/media?parent=744836"}],"wp:term":[{"taxonomy":"product_brand","embeddable":true,"href":"https:\/\/roveyayinevi.com.tr\/index.php\/wp-json\/wp\/v2\/product_brand?post=744836"},{"taxonomy":"product_cat","embeddable":true,"href":"https:\/\/roveyayinevi.com.tr\/index.php\/wp-json\/wp\/v2\/product_cat?post=744836"},{"taxonomy":"product_tag","embeddable":true,"href":"https:\/\/roveyayinevi.com.tr\/index.php\/wp-json\/wp\/v2\/product_tag?post=744836"}],"curies":[{"name":"wp","href":"https:\/\/api.w.org\/{rel}","templated":true}]}}