{"id":744835,"date":"2025-08-28T02:05:53","date_gmt":"2025-08-27T23:05:53","guid":{"rendered":"https:\/\/roveyayinevi.com.tr\/index.php\/urun\/hangi-turkiye\/"},"modified":"2026-04-16T02:56:44","modified_gmt":"2026-04-15T23:56:44","slug":"hangi-turkiye","status":"publish","type":"product","link":"https:\/\/roveyayinevi.com.tr\/index.php\/urun\/hangi-turkiye\/","title":{"rendered":"Hangi T\u00fcrkiye?"},"content":{"rendered":"<p>Sevgili Emre Cemil Ayval\u0131, T\u00fcrkiye\u2019nin hem siyasi hem de entelekt\u00fcel birikimine de\u011ferli katk\u0131lar sunan yeni bir eserle kar\u015f\u0131m\u0131zda. Cumhurba\u015fkanl\u0131\u011f\u0131 H\u00fck\u00fcmet Sistemi\u2019nin getirdi\u011fi yeni siyasal ili\u015fki bi\u00e7imini ele ald\u0131\u011f\u0131 bu kitap, siyaset bilimciler, akademiya ve bas\u0131n camias\u0131 i\u00e7in bir referans ve ba\u015fucu kitab\u0131 olmaya aday. Mehmet Acet   Titizlikle haz\u0131rlanm\u0131\u015f bu \u00e7al\u0131\u015fmada Emre Cemil Ayval\u0131, Cumhurba\u015fkanl\u0131\u011f\u0131 H\u00fck\u00fcmet Sistemi\u2019ni hem teorik hem pratik y\u00f6nleriyle ele al\u0131yor. Kitap, T\u00fcrkiye modelinin kendine has \u00f6zelliklerini, %50+1 uygulamas\u0131n\u0131n mant\u0131\u011f\u0131n\u0131, siyasi partilerin buna mukabil d\u00f6n\u00fc\u015f\u00fcm ve aray\u0131\u015flar\u0131n\u0131 ba\u015far\u0131yla aktar\u0131yor. Bir \u00e7\u0131rp\u0131da ve zevkle okuyabilece\u011finiz kitap, T\u00fcrkiye siyasetine dair bir\u00e7ok temel soruyu net bir bi\u00e7imde cevaplaman\u0131za katk\u0131 sunacakt\u0131r. G\u00fc\u00e7l\u00fc bir kalem, berrak bir zek\u00e2\u2026 Hasan Basri Yal\u00e7\u0131n   Gen\u00e7 yazar ve siyaset\u00e7i Emre Cemil Ayval\u0131 kitab\u0131nda, ayr\u0131nt\u0131l\u0131 bir bi\u00e7imde T\u00fcrkiye\u2019nin ucube parlamenter sistem yolculu\u011funu ve AK Parti\u2019nin onun yerine in\u015fa etti\u011fi Cumhurba\u015fkanl\u0131\u011f\u0131 H\u00fck\u00fcmet Sistemi\u2019ni kurma m\u00fccadelesini anlat\u0131yor. D\u00fcnyadaki h\u00fck\u00fcmet sistemlerini ve \u201cT\u00fcrkiye\u2019de neden Cumhurba\u015fkanl\u0131\u011f\u0131 H\u00fck\u00fcmet Sistemi\u2019ne gerek duyuldu ve neden buna alelacele G\u00fc\u00e7lendirilmi\u015f (Uydurulmu\u015f) Parlamenter Sistem alternatifi \u00e7\u0131kart\u0131ld\u0131?\u201d sorusunun cevab\u0131n\u0131 merak ediyorsan\u0131z bu kitab\u0131 mutlaka okumal\u0131s\u0131n\u0131z. Mahmut \u00d6v\u00fcr   Emre Cemil Ayval\u0131 kitab\u0131nda, T\u00fcrk siyasetinin son d\u00f6nemdeki en pop\u00fcler konusu olan sistem tart\u0131\u015fmalar\u0131na farkl\u0131 ve \u00f6zg\u00fcn bir bak\u0131\u015f a\u00e7\u0131s\u0131yla yakla\u015f\u0131yor. Kitap, siyaset kurumunu \u00e2deta esir alan k\u0131s\u0131r sistem tart\u0131\u015fmalar\u0131na verilmi\u015f esasl\u0131 bir yan\u0131t niteli\u011finde. \u201cParlamenter Sistem mi, Cumhurba\u015fkanl\u0131\u011f\u0131 H\u00fck\u00fcmet Sistemi mi?\u201d sorusuna kafa yoran herkesin okumas\u0131 gereken bir kaynak kitap. Zafer \u015eahin <\/p>\n","protected":false},"excerpt":{"rendered":"<p>Sevgili Emre Cemil Ayval\u0131, T\u00fcrkiye\u2019nin hem siyasi hem de entelekt\u00fcel birikimine de\u011ferli katk\u0131lar sunan yeni bir eserle kar\u015f\u0131m\u0131zda. Cumhurba\u015fkanl\u0131\u011f\u0131 H\u00fck\u00fcmet Sistemi\u2019nin getirdi\u011fi yeni siyasal ili\u015fki bi\u00e7imini<span class=\"excerpt-hellip\"> [\u2026]<\/span><\/p>\n","protected":false},"featured_media":0,"template":"","meta":{"_monsterinsights_skip_tracking":false,"_monsterinsights_sitenote_active":false,"_monsterinsights_sitenote_note":"","_monsterinsights_sitenote_category":0},"product_brand":[],"product_cat":[12337,14543],"product_tag":[],"class_list":{"0":"post-744835","1":"product","2":"type-product","3":"status-publish","5":"product_cat-politika-siyaset","6":"product_cat-turkiye-siyaseti-ve-politikasi","7":"pa_cilt-ciltsiz","8":"pa_tur-kitap","9":"pa_yayinevi-turkuvaz-kitap","10":"pa_yazar-emre-cemil-ayvali","12":"first","13":"instock","14":"sale","15":"shipping-taxable","16":"purchasable","17":"product-type-simple"},"_links":{"self":[{"href":"https:\/\/roveyayinevi.com.tr\/index.php\/wp-json\/wp\/v2\/product\/744835","targetHints":{"allow":["GET"]}}],"collection":[{"href":"https:\/\/roveyayinevi.com.tr\/index.php\/wp-json\/wp\/v2\/product"}],"about":[{"href":"https:\/\/roveyayinevi.com.tr\/index.php\/wp-json\/wp\/v2\/types\/product"}],"wp:attachment":[{"href":"https:\/\/roveyayinevi.com.tr\/index.php\/wp-json\/wp\/v2\/media?parent=744835"}],"wp:term":[{"taxonomy":"product_brand","embeddable":true,"href":"https:\/\/roveyayinevi.com.tr\/index.php\/wp-json\/wp\/v2\/product_brand?post=744835"},{"taxonomy":"product_cat","embeddable":true,"href":"https:\/\/roveyayinevi.com.tr\/index.php\/wp-json\/wp\/v2\/product_cat?post=744835"},{"taxonomy":"product_tag","embeddable":true,"href":"https:\/\/roveyayinevi.com.tr\/index.php\/wp-json\/wp\/v2\/product_tag?post=744835"}],"curies":[{"name":"wp","href":"https:\/\/api.w.org\/{rel}","templated":true}]}}