{"id":744833,"date":"2025-08-28T02:05:51","date_gmt":"2025-08-27T23:05:51","guid":{"rendered":"https:\/\/roveyayinevi.com.tr\/index.php\/urun\/kavram-ve-sayi-aktiviteleri\/"},"modified":"2026-04-16T02:56:44","modified_gmt":"2026-04-15T23:56:44","slug":"kavram-ve-sayi-aktiviteleri","status":"publish","type":"product","link":"https:\/\/roveyayinevi.com.tr\/index.php\/urun\/kavram-ve-sayi-aktiviteleri\/","title":{"rendered":"Kavram Ve Say\u0131 Aktiviteleri"},"content":{"rendered":"<p>\u00c7ocu\u011funuz, kavramlar\u0131 \u00f6\u011frenme, kendi bedenini tan\u0131ma, d\u00fcnyay\u0131 alg\u0131lama, sosyalle\u015fme gibi kazan\u0131mlar\u0131 e\u011fitici kitaplar ve ileti\u015fim ile kazan\u0131r. 24 ayl\u0131k bir bebek d\u00fcnyay\u0131 duyu yoluyla, taklitlerle ve g\u00f6rd\u00fcklerini yaparak \u00f6\u011frenir. \u00c7ocuklara kavram \u00f6\u011fretmenin amac\u0131, ya\u015fad\u0131klar\u0131 ortam\u0131 daha kolay tan\u0131malar\u0131n\u0131 sa\u011flamakt\u0131r. Bu kavramlar \u00f6\u011fretilirken kolaydan karma\u015f\u0131\u011fa bir s\u0131ralama takip edilmeli ve \u00f6\u011fretilen kavramlar kafa kar\u0131\u015f\u0131kl\u0131\u011f\u0131na yer vermeden, herkes taraf\u0131ndan ayn\u0131 anlamda alg\u0131lan\u0131yor olmal\u0131d\u0131r. Ayn\u0131 \u015fekilde say\u0131 \u00f6\u011fretimi de ya\u015fa g\u00f6re basitten karma\u015f\u0131\u011fa bir yol izlemelidir. Say\u0131 kavram\u0131n\u0131n geli\u015fimi ile sayma becerisinin kazan\u0131lmas\u0131 tamamen birbirine ba\u011fl\u0131d\u0131r. Sayma becerisi, say\u0131 isimlerini s\u0131ralama bilgisini de gerektirir.<\/p>\n","protected":false},"excerpt":{"rendered":"<p>\u00c7ocu\u011funuz, kavramlar\u0131 \u00f6\u011frenme, kendi bedenini tan\u0131ma, d\u00fcnyay\u0131 alg\u0131lama, sosyalle\u015fme gibi kazan\u0131mlar\u0131 e\u011fitici kitaplar ve ileti\u015fim ile kazan\u0131r. 24 ayl\u0131k bir bebek d\u00fcnyay\u0131 duyu yoluyla, taklitlerle ve<span class=\"excerpt-hellip\"> [\u2026]<\/span><\/p>\n","protected":false},"featured_media":0,"template":"","meta":{"_monsterinsights_skip_tracking":false,"_monsterinsights_sitenote_active":false,"_monsterinsights_sitenote_note":"","_monsterinsights_sitenote_category":0},"product_brand":[],"product_cat":[15192,12274],"product_tag":[],"class_list":{"0":"post-744833","1":"product","2":"type-product","3":"status-publish","5":"product_cat-1-3-yas-kitaplari","6":"product_cat-cocuk-ve-genclik-kitaplari","7":"pa_cilt-ciltsiz","8":"pa_tur-kitap","9":"pa_yayinevi-potikare-yayincilik","10":"pa_yazar-elif-koc-unaldi-songul-islak-yilmaz","12":"first","13":"instock","14":"sale","15":"shipping-taxable","16":"purchasable","17":"product-type-simple"},"_links":{"self":[{"href":"https:\/\/roveyayinevi.com.tr\/index.php\/wp-json\/wp\/v2\/product\/744833","targetHints":{"allow":["GET"]}}],"collection":[{"href":"https:\/\/roveyayinevi.com.tr\/index.php\/wp-json\/wp\/v2\/product"}],"about":[{"href":"https:\/\/roveyayinevi.com.tr\/index.php\/wp-json\/wp\/v2\/types\/product"}],"wp:attachment":[{"href":"https:\/\/roveyayinevi.com.tr\/index.php\/wp-json\/wp\/v2\/media?parent=744833"}],"wp:term":[{"taxonomy":"product_brand","embeddable":true,"href":"https:\/\/roveyayinevi.com.tr\/index.php\/wp-json\/wp\/v2\/product_brand?post=744833"},{"taxonomy":"product_cat","embeddable":true,"href":"https:\/\/roveyayinevi.com.tr\/index.php\/wp-json\/wp\/v2\/product_cat?post=744833"},{"taxonomy":"product_tag","embeddable":true,"href":"https:\/\/roveyayinevi.com.tr\/index.php\/wp-json\/wp\/v2\/product_tag?post=744833"}],"curies":[{"name":"wp","href":"https:\/\/api.w.org\/{rel}","templated":true}]}}