{"id":744832,"date":"2025-08-28T02:05:49","date_gmt":"2025-08-27T23:05:49","guid":{"rendered":"https:\/\/roveyayinevi.com.tr\/index.php\/urun\/asla-bir-daha-sahneye-cikmayacagim\/"},"modified":"2026-04-16T02:56:44","modified_gmt":"2026-04-15T23:56:44","slug":"asla-bir-daha-sahneye-cikmayacagim","status":"publish","type":"product","link":"https:\/\/roveyayinevi.com.tr\/index.php\/urun\/asla-bir-daha-sahneye-cikmayacagim\/","title":{"rendered":"Asla Bir Daha Sahneye \u00c7\u0131kmayaca\u011f\u0131m"},"content":{"rendered":"<p>Minik trompetin hayat\u0131nda de\u011fi\u015fimler oluyordu. Bildi\u011fi, tan\u0131d\u0131\u011f\u0131, huzurlu oldu\u011fu d\u00fczen bir anda kaybolmu\u015ftu. Keman ve kontrbas ile \u00e7ok mutlu bir ya\u015fam\u0131 varken neden her \u015fey bir anda b\u00f6yle karman \u00e7orman olmu\u015ftu? Yoksa onun su\u00e7u muydu? Eskisi gibi g\u00fcl\u00fcp e\u011flenebilecek miydi? M\u00fczi\u011fin uyumunu tekrar duyabilecek miydi? Minik trompetin maceras\u0131nda, k\u00f6kl\u00fc de\u011fi\u015fikliklerin \u00e7ocuklar\u0131n i\u00e7 d\u00fcnyas\u0131nda yaratt\u0131\u011f\u0131 \u00fcz\u00fcnt\u00fc, \u00f6fke gibi duygular\u0131 anlarken \u2018m\u00fczi\u011fin ahenkli b\u00fct\u00fcnl\u00fc\u011f\u00fcn\u00fcn hep var olaca\u011f\u0131n\u0131 bulacaks\u0131n\u0131z.\u2019 \u201cNas\u0131l Anlatsam?\u201d kitaplar\u0131, \u00e7ocuklarla konu\u015fulmas\u0131 zor konularda klinik psikolog dan\u0131\u015fmanl\u0131\u011f\u0131yla kalem al\u0131nm\u0131\u015f \u00f6yk\u00fclerdir. Asla Bir Daha Sahneye \u00c7\u0131kmayaca\u011f\u0131m, de\u011fi\u015fimlerle ba\u015fa \u00e7\u0131kmada yol g\u00f6stermek amac\u0131yla yaz\u0131lm\u0131\u015ft\u0131r. Kitab\u0131n arkas\u0131nda \u00e7e\u015fitli oyun \u00f6nerileri ve ebeveyn rehberi yer almaktad\u0131r.<\/p>\n","protected":false},"excerpt":{"rendered":"<p>Minik trompetin hayat\u0131nda de\u011fi\u015fimler oluyordu. Bildi\u011fi, tan\u0131d\u0131\u011f\u0131, huzurlu oldu\u011fu d\u00fczen bir anda kaybolmu\u015ftu. Keman ve kontrbas ile \u00e7ok mutlu bir ya\u015fam\u0131 varken neden her \u015fey bir<span class=\"excerpt-hellip\"> [\u2026]<\/span><\/p>\n","protected":false},"featured_media":0,"template":"","meta":{"_monsterinsights_skip_tracking":false,"_monsterinsights_sitenote_active":false,"_monsterinsights_sitenote_note":"","_monsterinsights_sitenote_category":0},"product_brand":[],"product_cat":[12274,12284],"product_tag":[],"class_list":{"0":"post-744832","1":"product","2":"type-product","3":"status-publish","5":"product_cat-cocuk-ve-genclik-kitaplari","6":"product_cat-hikayeler","7":"pa_cilt-ciltsiz","8":"pa_tur-kitap","9":"pa_yayinevi-potikare-yayincilik","10":"pa_yazar-alev-gurcan-tenker-buse-sagat","12":"first","13":"instock","14":"sale","15":"shipping-taxable","16":"purchasable","17":"product-type-simple"},"_links":{"self":[{"href":"https:\/\/roveyayinevi.com.tr\/index.php\/wp-json\/wp\/v2\/product\/744832","targetHints":{"allow":["GET"]}}],"collection":[{"href":"https:\/\/roveyayinevi.com.tr\/index.php\/wp-json\/wp\/v2\/product"}],"about":[{"href":"https:\/\/roveyayinevi.com.tr\/index.php\/wp-json\/wp\/v2\/types\/product"}],"wp:attachment":[{"href":"https:\/\/roveyayinevi.com.tr\/index.php\/wp-json\/wp\/v2\/media?parent=744832"}],"wp:term":[{"taxonomy":"product_brand","embeddable":true,"href":"https:\/\/roveyayinevi.com.tr\/index.php\/wp-json\/wp\/v2\/product_brand?post=744832"},{"taxonomy":"product_cat","embeddable":true,"href":"https:\/\/roveyayinevi.com.tr\/index.php\/wp-json\/wp\/v2\/product_cat?post=744832"},{"taxonomy":"product_tag","embeddable":true,"href":"https:\/\/roveyayinevi.com.tr\/index.php\/wp-json\/wp\/v2\/product_tag?post=744832"}],"curies":[{"name":"wp","href":"https:\/\/api.w.org\/{rel}","templated":true}]}}