{"id":744828,"date":"2025-08-28T02:05:36","date_gmt":"2025-08-27T23:05:36","guid":{"rendered":"https:\/\/roveyayinevi.com.tr\/index.php\/urun\/hastaliklarin-en-etkili-sifali-bitkileri-ve-dualari\/"},"modified":"2026-04-16T02:56:43","modified_gmt":"2026-04-15T23:56:43","slug":"hastaliklarin-en-etkili-sifali-bitkileri-ve-dualari","status":"publish","type":"product","link":"https:\/\/roveyayinevi.com.tr\/index.php\/urun\/hastaliklarin-en-etkili-sifali-bitkileri-ve-dualari\/","title":{"rendered":"Hastal\u0131klar\u0131n En Etkili \u015eifal\u0131 Bitkileri ve Dualar\u0131"},"content":{"rendered":"<p>Di\u011fer &#8220;\u015eifal\u0131 Bitki&#8221; kitaplar\u0131nda bulunmayan baz\u0131 \u00f6zellikleri:   1\u2022 Kitap &#8220;Hastal\u0131k Adlar\u0131&#8221; s\u0131ras\u0131na g\u00f6re yaz\u0131lm\u0131\u015f, &#8216;Bitki Adlar\u0131&#8217; s\u0131ras\u0131na g\u00f6re de\u011fil\u2026 2\u2022 Kitapta 550 hastal\u0131k ve bunlar\u0131n \u015fifal\u0131 bitkileri anlat\u0131lm\u0131\u015ft\u0131r. 3\u2022 200 hastal\u0131\u011f\u0131n ise bilimsel olarak ispatlanm\u0131\u015f \u015fifal\u0131 bitkileri yaz\u0131lm\u0131\u015ft\u0131r. 4\u2022 Geriye kalan di\u011fer hastal\u0131klar\u0131n \u015fifal\u0131 bitkilerinin ise iyile\u015ftirici etkileri kabul edilenlerdir. 4\u2022 Her hastal\u0131\u011f\u0131n duas\u0131 veya dualar\u0131 da yaz\u0131lm\u0131\u015ft\u0131r. 5\u2022 Her hastal\u0131\u011f\u0131n ayr\u0131nt\u0131s\u0131 verilmi\u015f ve alt ba\u015fl\u0131klarla hastal\u0131\u011f\u0131n hangi durumunda hangi \u015fifal\u0131 bitkilerin kullan\u0131laca\u011f\u0131 yaz\u0131lm\u0131\u015ft\u0131r. \u00d6rne\u011fin mideden s\u00f6z ediliyorsa; Ek\u015fimesi, f\u0131t\u0131\u011f\u0131, iltihab\u0131, kanseri, kanamas\u0131, \u015fi\u015fkinli\u011fi, asidi, enfeksiyonu, vs. gibi midenin her durumunda neler kullan\u0131laca\u011f\u0131 yaz\u0131lm\u0131\u015ft\u0131r. 6\u2022 En fazla 1,5 dakika gibi \u00e7ok k\u0131sa bir s\u00fcrede m\u00fcdahale edilmesi gereken durumlarda tek ba\u015f\u0131n\u0131za da olsan\u0131z yapman\u0131z gerekenler anlat\u0131lm\u0131\u015ft\u0131r. \u00d6rne\u011fin kalp krizinde, b\u00fcy\u00fck kanamalarda veya b\u00fcy\u00fck kesiklerde, g\u00f6ze bir \u015fey ka\u00e7t\u0131\u011f\u0131nda, bo\u011fazda bir \u015fey kald\u0131\u011f\u0131nda, vs. 7\u2022 Kimseye anlatamad\u0131\u011f\u0131n\u0131z sorunlar\u0131n\u0131zda ve hastal\u0131klar\u0131n\u0131zda neler yapman\u0131z gerekti\u011fi veya neler kullanman\u0131z gerekti\u011fi de anlat\u0131lm\u0131\u015ft\u0131r. 8\u2022 Ya\u015fl\u0131lar\u0131n ve ihtiyarlar\u0131n sorunlar\u0131na \u00e7\u00f6z\u00fcmler bulunmaktad\u0131r. 9\u2022 \u015eifas\u0131 bilimsel olarak ispatlanm\u0131\u015f bir kitaptan ve \u0130bni Sina, Lokman Hekim, Davudi Antaki, \u0130bni Baytar, N\u00fcveyri, \u0130bni Cezzar ve \u0130.Suy\u00fbti&#8217;den al\u0131nt\u0131lar var. 10\u2022 Cilt g\u00fczellikleri ile ilgili bilgiler yer almaktad\u0131r. 11\u2022 Sa\u011fl\u0131kla ilgili di\u011fer bilgiler de yer almaktad\u0131r. \u00d6rne\u011fin hangi durumlarda su i\u00e7mek zararl\u0131d\u0131r, vs. gibi&#8230; 12\u2022 Bitkilerin kullan\u0131mlar\u0131 ile ilgili do\u011fru olarak bilinen yanl\u0131\u015fl\u0131klardan da s\u00f6z edilmi\u015ftir. 13\u2022 Yapraklar\u0131 \u015fifal\u0131 oldu\u011fu halde meyvesi veya meyvesinin \u00e7ekirdekleri zehirli olan olan bitkiler vs. gibi konulardan da s\u00f6z edilmi\u015ftir. 14\u2022 Yayg\u0131n veya \u00f6nemli hastal\u0131klar daha detayl\u0131 anlat\u0131lm\u0131\u015ft\u0131r <\/p>\n","protected":false},"excerpt":{"rendered":"<p>Di\u011fer &#8220;\u015eifal\u0131 Bitki&#8221; kitaplar\u0131nda bulunmayan baz\u0131 \u00f6zellikleri: 1\u2022 Kitap &#8220;Hastal\u0131k Adlar\u0131&#8221; s\u0131ras\u0131na g\u00f6re yaz\u0131lm\u0131\u015f, &#8216;Bitki Adlar\u0131&#8217; s\u0131ras\u0131na g\u00f6re de\u011fil\u2026 2\u2022 Kitapta 550 hastal\u0131k ve bunlar\u0131n \u015fifal\u0131<span class=\"excerpt-hellip\"> [\u2026]<\/span><\/p>\n","protected":false},"featured_media":0,"template":"","meta":{"_monsterinsights_skip_tracking":false,"_monsterinsights_sitenote_active":false,"_monsterinsights_sitenote_note":"","_monsterinsights_sitenote_category":0},"product_brand":[],"product_cat":[13397,13365],"product_tag":[],"class_list":{"0":"post-744828","1":"product","2":"type-product","3":"status-publish","5":"product_cat-alternatif-tip-sifali-bitkiler","6":"product_cat-saglik","7":"pa_cilt-ciltsiz","8":"pa_tur-kitap","9":"pa_yayinevi-zet-yayinlari","10":"pa_yazar-suleyman-yakut","12":"first","13":"instock","14":"sale","15":"shipping-taxable","16":"purchasable","17":"product-type-simple"},"_links":{"self":[{"href":"https:\/\/roveyayinevi.com.tr\/index.php\/wp-json\/wp\/v2\/product\/744828","targetHints":{"allow":["GET"]}}],"collection":[{"href":"https:\/\/roveyayinevi.com.tr\/index.php\/wp-json\/wp\/v2\/product"}],"about":[{"href":"https:\/\/roveyayinevi.com.tr\/index.php\/wp-json\/wp\/v2\/types\/product"}],"wp:attachment":[{"href":"https:\/\/roveyayinevi.com.tr\/index.php\/wp-json\/wp\/v2\/media?parent=744828"}],"wp:term":[{"taxonomy":"product_brand","embeddable":true,"href":"https:\/\/roveyayinevi.com.tr\/index.php\/wp-json\/wp\/v2\/product_brand?post=744828"},{"taxonomy":"product_cat","embeddable":true,"href":"https:\/\/roveyayinevi.com.tr\/index.php\/wp-json\/wp\/v2\/product_cat?post=744828"},{"taxonomy":"product_tag","embeddable":true,"href":"https:\/\/roveyayinevi.com.tr\/index.php\/wp-json\/wp\/v2\/product_tag?post=744828"}],"curies":[{"name":"wp","href":"https:\/\/api.w.org\/{rel}","templated":true}]}}