{"id":744827,"date":"2025-08-28T02:05:34","date_gmt":"2025-08-27T23:05:34","guid":{"rendered":"https:\/\/roveyayinevi.com.tr\/index.php\/urun\/ucusan-misralar\/"},"modified":"2026-04-16T02:56:43","modified_gmt":"2026-04-15T23:56:43","slug":"ucusan-misralar","status":"publish","type":"product","link":"https:\/\/roveyayinevi.com.tr\/index.php\/urun\/ucusan-misralar\/","title":{"rendered":"U\u00e7u\u015fan M\u0131sralar"},"content":{"rendered":"<p>\u015eiir kitab\u0131nda \u015fairin hayat\u0131n\u0131n belli s\u00fcre\u00e7lerinde ge\u00e7en olaylar\u0131n ya\u015fay\u0131\u015flar\u0131 yer almaktad\u0131r. Hayat\u0131ndaki ac\u0131lar\u0131n\u0131, h\u00fcz\u00fcnlerini, doru\u011fa vard\u0131\u011f\u0131 anlar\u0131n\u0131, pi\u015fmanl\u0131klar\u0131n\u0131, bazen mutluluklar i\u00e7inde kaybolu\u015flar\u0131n\u0131, hangi duygular varsa i\u00e7inde kalemiyle m\u0131sralara d\u00f6km\u00fc\u015ft\u00fcr. Urfal\u0131 yazar\u0131n \u015fiir kitab\u0131 elinizde. E\u011fer y\u00fcre\u011finizin kal\u2019alar\u0131n\u0131n y\u0131k\u0131k bur\u00e7lar\u0131n\u0131 onar\u0131yorsa, ho\u015f geldi, sefa geldi. <\/p>\n","protected":false},"excerpt":{"rendered":"<p>\u015eiir kitab\u0131nda \u015fairin hayat\u0131n\u0131n belli s\u00fcre\u00e7lerinde ge\u00e7en olaylar\u0131n ya\u015fay\u0131\u015flar\u0131 yer almaktad\u0131r. Hayat\u0131ndaki ac\u0131lar\u0131n\u0131, h\u00fcz\u00fcnlerini, doru\u011fa vard\u0131\u011f\u0131 anlar\u0131n\u0131, pi\u015fmanl\u0131klar\u0131n\u0131, bazen mutluluklar i\u00e7inde kaybolu\u015flar\u0131n\u0131, hangi duygular varsa i\u00e7inde<span class=\"excerpt-hellip\"> [\u2026]<\/span><\/p>\n","protected":false},"featured_media":0,"template":"","meta":{"_monsterinsights_skip_tracking":false,"_monsterinsights_sitenote_active":false,"_monsterinsights_sitenote_note":"","_monsterinsights_sitenote_category":0},"product_brand":[],"product_cat":[12291,12509],"product_tag":[],"class_list":{"0":"post-744827","1":"product","2":"type-product","3":"status-publish","5":"product_cat-edebiyat","6":"product_cat-siir","7":"pa_cilt-ciltsiz","8":"pa_tur-kitap","9":"pa_yayinevi-zet-yayinlari","10":"pa_yazar-suleyman-yuksel","12":"first","13":"instock","14":"sale","15":"shipping-taxable","16":"purchasable","17":"product-type-simple"},"_links":{"self":[{"href":"https:\/\/roveyayinevi.com.tr\/index.php\/wp-json\/wp\/v2\/product\/744827","targetHints":{"allow":["GET"]}}],"collection":[{"href":"https:\/\/roveyayinevi.com.tr\/index.php\/wp-json\/wp\/v2\/product"}],"about":[{"href":"https:\/\/roveyayinevi.com.tr\/index.php\/wp-json\/wp\/v2\/types\/product"}],"wp:attachment":[{"href":"https:\/\/roveyayinevi.com.tr\/index.php\/wp-json\/wp\/v2\/media?parent=744827"}],"wp:term":[{"taxonomy":"product_brand","embeddable":true,"href":"https:\/\/roveyayinevi.com.tr\/index.php\/wp-json\/wp\/v2\/product_brand?post=744827"},{"taxonomy":"product_cat","embeddable":true,"href":"https:\/\/roveyayinevi.com.tr\/index.php\/wp-json\/wp\/v2\/product_cat?post=744827"},{"taxonomy":"product_tag","embeddable":true,"href":"https:\/\/roveyayinevi.com.tr\/index.php\/wp-json\/wp\/v2\/product_tag?post=744827"}],"curies":[{"name":"wp","href":"https:\/\/api.w.org\/{rel}","templated":true}]}}