{"id":744826,"date":"2025-08-28T02:05:33","date_gmt":"2025-08-27T23:05:33","guid":{"rendered":"https:\/\/roveyayinevi.com.tr\/index.php\/urun\/benim-adim-yalnizlik-soyadim-sensizliktir\/"},"modified":"2026-04-13T03:03:28","modified_gmt":"2026-04-13T00:03:28","slug":"benim-adim-yalnizlik-soyadim-sensizliktir","status":"publish","type":"product","link":"https:\/\/roveyayinevi.com.tr\/index.php\/urun\/benim-adim-yalnizlik-soyadim-sensizliktir\/","title":{"rendered":"Benim Ad\u0131m Yaln\u0131zl\u0131k Soyad\u0131m Sensizliktir"},"content":{"rendered":"<p>SEVERSEM E\u011eER Hasretinden \u00f6ld\u00fc\u011f\u00fcm. Ah \u00e7ekerek yand\u0131\u011f\u0131m. Tutulmu\u015fum g\u00f6zlerine, Y\u00fcre\u011fine tutulmu\u015fum. Vursunlar beni, G\u00f6zlerim k\u00f6r d\u00fc\u011f\u00fcm. Y\u00fcre\u011fim ise, Yosun tutsun Sen ve senden ba\u015fkas\u0131n\u0131, Seversem e\u011fer. <\/p>\n","protected":false},"excerpt":{"rendered":"<p>SEVERSEM E\u011eER Hasretinden \u00f6ld\u00fc\u011f\u00fcm. Ah \u00e7ekerek yand\u0131\u011f\u0131m. Tutulmu\u015fum g\u00f6zlerine, Y\u00fcre\u011fine tutulmu\u015fum. Vursunlar beni, G\u00f6zlerim k\u00f6r d\u00fc\u011f\u00fcm. Y\u00fcre\u011fim ise, Yosun tutsun Sen ve senden ba\u015fkas\u0131n\u0131, Seversem e\u011fer.<\/p>\n","protected":false},"featured_media":0,"template":"","meta":{"_monsterinsights_skip_tracking":false,"_monsterinsights_sitenote_active":false,"_monsterinsights_sitenote_note":"","_monsterinsights_sitenote_category":0},"product_brand":[],"product_cat":[12291,12509],"product_tag":[],"class_list":{"0":"post-744826","1":"product","2":"type-product","3":"status-publish","5":"product_cat-edebiyat","6":"product_cat-siir","7":"pa_cilt-ciltsiz","8":"pa_tur-kitap","9":"pa_yayinevi-zet-yayinlari","10":"pa_yazar-suleyman-yildirim","12":"first","13":"instock","14":"sale","15":"shipping-taxable","16":"purchasable","17":"product-type-simple"},"_links":{"self":[{"href":"https:\/\/roveyayinevi.com.tr\/index.php\/wp-json\/wp\/v2\/product\/744826","targetHints":{"allow":["GET"]}}],"collection":[{"href":"https:\/\/roveyayinevi.com.tr\/index.php\/wp-json\/wp\/v2\/product"}],"about":[{"href":"https:\/\/roveyayinevi.com.tr\/index.php\/wp-json\/wp\/v2\/types\/product"}],"wp:attachment":[{"href":"https:\/\/roveyayinevi.com.tr\/index.php\/wp-json\/wp\/v2\/media?parent=744826"}],"wp:term":[{"taxonomy":"product_brand","embeddable":true,"href":"https:\/\/roveyayinevi.com.tr\/index.php\/wp-json\/wp\/v2\/product_brand?post=744826"},{"taxonomy":"product_cat","embeddable":true,"href":"https:\/\/roveyayinevi.com.tr\/index.php\/wp-json\/wp\/v2\/product_cat?post=744826"},{"taxonomy":"product_tag","embeddable":true,"href":"https:\/\/roveyayinevi.com.tr\/index.php\/wp-json\/wp\/v2\/product_tag?post=744826"}],"curies":[{"name":"wp","href":"https:\/\/api.w.org\/{rel}","templated":true}]}}