{"id":744825,"date":"2025-08-28T02:05:32","date_gmt":"2025-08-27T23:05:32","guid":{"rendered":"https:\/\/roveyayinevi.com.tr\/index.php\/urun\/bu-bir-masal-degildir\/"},"modified":"2026-04-16T02:56:43","modified_gmt":"2026-04-15T23:56:43","slug":"bu-bir-masal-degildir","status":"publish","type":"product","link":"https:\/\/roveyayinevi.com.tr\/index.php\/urun\/bu-bir-masal-degildir\/","title":{"rendered":"Bu Bir Masal De\u011fildir"},"content":{"rendered":"<p>Ayd\u0131nlanma \u00c7a\u011f\u0131\u2019n\u0131n Fransa\u2019daki temsilcisi Diderot\u2019nun, \u201cBu Bir Masal De\u011fildir\u201d ve \u201cBourbonne\u2019lu \u0130ki Dost\u201d \u00f6yk\u00fclerini bir araya getiren bu derleme, yazar\u0131n insan davran\u0131\u015f\u0131 ve ahlak kavram\u0131na dair g\u00f6zlemlerini s\u00fcr\u00fckleyici birer olay \u00f6rg\u00fcs\u00fc e\u015fli\u011finde okurla bulu\u015fturur. Diderot\u2019nun zaman\u0131n\u0131n insan\u0131n\u0131 adeta birer antik trajedi karakteri haline getiren iki felsefi \u00f6yk\u00fcs\u00fc, dostluk, a\u015fk ve \u00f6zsayg\u0131 kavramlar\u0131n\u0131 irdeler.   \u201cBu Bir Masal De\u011fildir\u201d, iki ki\u015fi aras\u0131ndaki a\u015fk, sevgi, sadakat gibi ba\u011flar\u0131n uzaktan g\u00f6r\u00fcnd\u00fckleri kadar saf olmayabilece\u011fi ihtimalini hat\u0131rlat\u0131r. Bir Saint-Lambert masal\u0131n\u0131n parodisini yapan \u201cBourbonne\u2019lu \u0130ki Dost\u201d ise kendi i\u00e7inde birbirine tezat iki anlat\u0131y\u0131 bulu\u015ftururken, din adamlar\u0131n\u0131n dini kendi buyurduklar\u0131 \u015fekilde alg\u0131lamayanlara g\u00f6sterdikleri tavr\u0131 if\u015fa eder.<\/p>\n","protected":false},"excerpt":{"rendered":"<p>Ayd\u0131nlanma \u00c7a\u011f\u0131\u2019n\u0131n Fransa\u2019daki temsilcisi Diderot\u2019nun, \u201cBu Bir Masal De\u011fildir\u201d ve \u201cBourbonne\u2019lu \u0130ki Dost\u201d \u00f6yk\u00fclerini bir araya getiren bu derleme, yazar\u0131n insan davran\u0131\u015f\u0131 ve ahlak kavram\u0131na dair<span class=\"excerpt-hellip\"> [\u2026]<\/span><\/p>\n","protected":false},"featured_media":0,"template":"","meta":{"_monsterinsights_skip_tracking":false,"_monsterinsights_sitenote_active":false,"_monsterinsights_sitenote_note":"","_monsterinsights_sitenote_category":0},"product_brand":[],"product_cat":[12274,12467],"product_tag":[],"class_list":{"0":"post-744825","1":"product","2":"type-product","3":"status-publish","5":"product_cat-cocuk-ve-genclik-kitaplari","6":"product_cat-dunya-klasikleri","7":"pa_cilt-ciltsiz","8":"pa_tur-kitap","9":"pa_yayinevi-can-cocuk-yayinlari","10":"pa_yazar-denis-diderot","12":"first","13":"instock","14":"sale","15":"shipping-taxable","16":"purchasable","17":"product-type-simple"},"_links":{"self":[{"href":"https:\/\/roveyayinevi.com.tr\/index.php\/wp-json\/wp\/v2\/product\/744825","targetHints":{"allow":["GET"]}}],"collection":[{"href":"https:\/\/roveyayinevi.com.tr\/index.php\/wp-json\/wp\/v2\/product"}],"about":[{"href":"https:\/\/roveyayinevi.com.tr\/index.php\/wp-json\/wp\/v2\/types\/product"}],"wp:attachment":[{"href":"https:\/\/roveyayinevi.com.tr\/index.php\/wp-json\/wp\/v2\/media?parent=744825"}],"wp:term":[{"taxonomy":"product_brand","embeddable":true,"href":"https:\/\/roveyayinevi.com.tr\/index.php\/wp-json\/wp\/v2\/product_brand?post=744825"},{"taxonomy":"product_cat","embeddable":true,"href":"https:\/\/roveyayinevi.com.tr\/index.php\/wp-json\/wp\/v2\/product_cat?post=744825"},{"taxonomy":"product_tag","embeddable":true,"href":"https:\/\/roveyayinevi.com.tr\/index.php\/wp-json\/wp\/v2\/product_tag?post=744825"}],"curies":[{"name":"wp","href":"https:\/\/api.w.org\/{rel}","templated":true}]}}