{"id":744824,"date":"2025-08-28T02:05:30","date_gmt":"2025-08-27T23:05:30","guid":{"rendered":"https:\/\/roveyayinevi.com.tr\/index.php\/urun\/peter-pan-22\/"},"modified":"2026-04-16T02:56:43","modified_gmt":"2026-04-15T23:56:43","slug":"peter-pan-22","status":"publish","type":"product","link":"https:\/\/roveyayinevi.com.tr\/index.php\/urun\/peter-pan-22\/","title":{"rendered":"Peter Pan"},"content":{"rendered":"<p>Kay\u0131p g\u00f6lgesinin pe\u015fine d\u00fc\u015fen Peter Pan adl\u0131 k\u00fc\u00e7\u00fck bir \u00e7ocuk, Wendy, Michael ve John adl\u0131 \u00fc\u00e7 karde\u015fin odalar\u0131na dalar. Uzun u\u011fra\u015flardan sonra Wendy, Peter&#8217;\u0131n \u00e7\u0131lg\u0131n g\u00f6lgesini geri getirmeyi ba\u015far\u0131r ve kar\u015f\u0131l\u0131\u011f\u0131nda Peter \u00fc\u00e7 karde\u015fe, Var Olmayan \u00dclke ad\u0131n\u0131 verdi\u011fi yerdeki evine kadar kendisine e\u015flik etmelerini teklif eder.   Bir fantezi ve e\u011flence d\u00fcnyas\u0131 olan Var Olmayan \u00dclke, Peter ve ya\u015flanmayan kay\u0131p \u00e7ocuklar grubuyla birlikte Wendy ve karde\u015fleri i\u00e7in her an harikalar yarat\u0131r, ancak Var Olmayan \u00dclke&#8217;nin sundu\u011fu ihti\u015famla birlikte k\u00f6t\u00fc Kaptan Kanca da pusuda beklemektedir&#8230;       J.M. Barrie&#8217;nin \u00f6l\u00fcms\u00fcz eseri Peter Pan, y\u00fcz y\u0131l\u0131 a\u015fk\u0131n bir s\u00fcredir her ya\u015ftan okuyucuyu b\u00fcy\u00fcl\u00fcyor ve e\u011flendiriyor; masal t\u00fcm zamanlar\u0131n en \u00e7ok uyarlanan eserlerinden biri olmaya devam ediyor.<\/p>\n","protected":false},"excerpt":{"rendered":"<p>Kay\u0131p g\u00f6lgesinin pe\u015fine d\u00fc\u015fen Peter Pan adl\u0131 k\u00fc\u00e7\u00fck bir \u00e7ocuk, Wendy, Michael ve John adl\u0131 \u00fc\u00e7 karde\u015fin odalar\u0131na dalar. Uzun u\u011fra\u015flardan sonra Wendy, Peter&#8217;\u0131n \u00e7\u0131lg\u0131n g\u00f6lgesini<span class=\"excerpt-hellip\"> [\u2026]<\/span><\/p>\n","protected":false},"featured_media":0,"template":"","meta":{"_monsterinsights_skip_tracking":false,"_monsterinsights_sitenote_active":false,"_monsterinsights_sitenote_note":"","_monsterinsights_sitenote_category":0},"product_brand":[],"product_cat":[12274,12467],"product_tag":[],"class_list":{"0":"post-744824","1":"product","2":"type-product","3":"status-publish","5":"product_cat-cocuk-ve-genclik-kitaplari","6":"product_cat-dunya-klasikleri","7":"pa_cilt-ciltsiz","8":"pa_tur-kitap","9":"pa_yayinevi-mundi","10":"pa_yazar-j-m-barrie","12":"first","13":"instock","14":"sale","15":"shipping-taxable","16":"purchasable","17":"product-type-simple"},"_links":{"self":[{"href":"https:\/\/roveyayinevi.com.tr\/index.php\/wp-json\/wp\/v2\/product\/744824","targetHints":{"allow":["GET"]}}],"collection":[{"href":"https:\/\/roveyayinevi.com.tr\/index.php\/wp-json\/wp\/v2\/product"}],"about":[{"href":"https:\/\/roveyayinevi.com.tr\/index.php\/wp-json\/wp\/v2\/types\/product"}],"wp:attachment":[{"href":"https:\/\/roveyayinevi.com.tr\/index.php\/wp-json\/wp\/v2\/media?parent=744824"}],"wp:term":[{"taxonomy":"product_brand","embeddable":true,"href":"https:\/\/roveyayinevi.com.tr\/index.php\/wp-json\/wp\/v2\/product_brand?post=744824"},{"taxonomy":"product_cat","embeddable":true,"href":"https:\/\/roveyayinevi.com.tr\/index.php\/wp-json\/wp\/v2\/product_cat?post=744824"},{"taxonomy":"product_tag","embeddable":true,"href":"https:\/\/roveyayinevi.com.tr\/index.php\/wp-json\/wp\/v2\/product_tag?post=744824"}],"curies":[{"name":"wp","href":"https:\/\/api.w.org\/{rel}","templated":true}]}}