{"id":744823,"date":"2025-08-28T02:05:29","date_gmt":"2025-08-27T23:05:29","guid":{"rendered":"https:\/\/roveyayinevi.com.tr\/index.php\/urun\/235-derecenin-sirri-guney-afrikaya-yolculuk\/"},"modified":"2026-04-16T02:56:43","modified_gmt":"2026-04-15T23:56:43","slug":"235-derecenin-sirri-guney-afrikaya-yolculuk","status":"publish","type":"product","link":"https:\/\/roveyayinevi.com.tr\/index.php\/urun\/235-derecenin-sirri-guney-afrikaya-yolculuk\/","title":{"rendered":"23,5 Derecenin S\u0131rr\u0131 \u2013 G\u00fcney Afrika\u2019ya Yolculuk"},"content":{"rendered":"<p>\u00c7ok sevilen \u0130ki Renkli Muhallebi kitab\u0131n\u0131n yazar\u0131 Zeynep Rade, bu kez de bizi, gezegenimiz D\u00fcnya\u2019n\u0131n i\u015fleyi\u015fi ve mevsimlerin olu\u015fumunun ard\u0131ndaki bilimi g\u00f6zler \u00f6n\u00fcne sermek i\u00e7in yeni kitab\u0131na davet ediyor.   Haydi toplan\u0131n! \u0130lker\u2019le birlikte yolculu\u011fa \u00e7\u0131k\u0131yoruz. G\u00fcney Afrika kazan biz kep\u00e7e gezece\u011fiz. \u0130lker bavuluna hangi giysilerini koysa acaba? Mayosunu alsa m\u0131 yan\u0131na? Siyah beyaz atk\u0131s\u0131 deri ceketiyle \u00e7ok yak\u0131\u015f\u0131r. Babas\u0131n\u0131n deri eldivenlerini de koydu mu bu i\u015f tamamd\u0131r.   \u0130\u015fte b\u00f6yle ba\u015flar \u0130lker\u2019in maceras\u0131\u2026 Yan\u0131na alaca\u011f\u0131 her \u015feyi \u00f6zenle se\u00e7ip bavulunu haz\u0131rlam\u0131\u015ft\u0131r. Eyvah! U\u00e7aktan iner inmez \u0130lker b\u00fcy\u00fck bir \u015fa\u015fk\u0131nl\u0131k ya\u015far. \u00c7ok b\u00fcy\u00fck bir yanl\u0131\u015fl\u0131k yapm\u0131\u015ft\u0131r! Bavulunda getirdi\u011fi hi\u00e7bir giysiyi giyemeyecektir. B\u00fct\u00fcn bunlar 23,5 dereceyle ilgilidir. Ama \u0130lker kararl\u0131d\u0131r. 23,5 derecenin s\u0131rr\u0131n\u0131 \u00e7\u00f6zmeden G\u00fcney Afrika\u2019dan d\u00f6nmeyecektir\u2026 <\/p>\n","protected":false},"excerpt":{"rendered":"<p>\u00c7ok sevilen \u0130ki Renkli Muhallebi kitab\u0131n\u0131n yazar\u0131 Zeynep Rade, bu kez de bizi, gezegenimiz D\u00fcnya\u2019n\u0131n i\u015fleyi\u015fi ve mevsimlerin olu\u015fumunun ard\u0131ndaki bilimi g\u00f6zler \u00f6n\u00fcne sermek i\u00e7in yeni<span class=\"excerpt-hellip\"> [\u2026]<\/span><\/p>\n","protected":false},"featured_media":0,"template":"","meta":{"_monsterinsights_skip_tracking":false,"_monsterinsights_sitenote_active":false,"_monsterinsights_sitenote_note":"","_monsterinsights_sitenote_category":0},"product_brand":[],"product_cat":[12274,12284],"product_tag":[],"class_list":{"0":"post-744823","1":"product","2":"type-product","3":"status-publish","5":"product_cat-cocuk-ve-genclik-kitaplari","6":"product_cat-hikayeler","7":"pa_cilt-ciltsiz","8":"pa_tur-kitap","9":"pa_yayinevi-elma-cocuk","10":"pa_yazar-zeynep-rade","12":"first","13":"instock","14":"sale","15":"shipping-taxable","16":"purchasable","17":"product-type-simple"},"_links":{"self":[{"href":"https:\/\/roveyayinevi.com.tr\/index.php\/wp-json\/wp\/v2\/product\/744823","targetHints":{"allow":["GET"]}}],"collection":[{"href":"https:\/\/roveyayinevi.com.tr\/index.php\/wp-json\/wp\/v2\/product"}],"about":[{"href":"https:\/\/roveyayinevi.com.tr\/index.php\/wp-json\/wp\/v2\/types\/product"}],"wp:attachment":[{"href":"https:\/\/roveyayinevi.com.tr\/index.php\/wp-json\/wp\/v2\/media?parent=744823"}],"wp:term":[{"taxonomy":"product_brand","embeddable":true,"href":"https:\/\/roveyayinevi.com.tr\/index.php\/wp-json\/wp\/v2\/product_brand?post=744823"},{"taxonomy":"product_cat","embeddable":true,"href":"https:\/\/roveyayinevi.com.tr\/index.php\/wp-json\/wp\/v2\/product_cat?post=744823"},{"taxonomy":"product_tag","embeddable":true,"href":"https:\/\/roveyayinevi.com.tr\/index.php\/wp-json\/wp\/v2\/product_tag?post=744823"}],"curies":[{"name":"wp","href":"https:\/\/api.w.org\/{rel}","templated":true}]}}