{"id":744822,"date":"2025-08-28T02:05:28","date_gmt":"2025-08-27T23:05:28","guid":{"rendered":"https:\/\/roveyayinevi.com.tr\/index.php\/urun\/neye-ihtiyacim-var\/"},"modified":"2026-04-16T02:56:43","modified_gmt":"2026-04-15T23:56:43","slug":"neye-ihtiyacim-var","status":"publish","type":"product","link":"https:\/\/roveyayinevi.com.tr\/index.php\/urun\/neye-ihtiyacim-var\/","title":{"rendered":"Neye \u0130htiyac\u0131m Var?"},"content":{"rendered":"<p>Psikolojik ihtiya\u00e7lar\u0131m\u0131z\u0131n ne kadar fark\u0131nday\u0131z?   Sevilmek, ilgi g\u00f6rmek, takdir edilmek, kendimizi ger\u00e7ekle\u015ftirmek gibi ihtiya\u00e7lar\u0131m\u0131z\u0131 kar\u015f\u0131layabiliyor muyuz?   Duygular\u0131m\u0131z\u0131n bize g\u00f6nderdi\u011fi sinyalleri do\u011fru yorumlayabiliyor muyuz?       \u0130nsanlar\u0131 kategorize etmektense herkesi farkl\u0131l\u0131klar\u0131yla ele almay\u0131 ve her bireye kendini ger\u00e7ekle\u015ftirebilece\u011fi sa\u011fl\u0131kl\u0131 bir alan yaratmay\u0131 ama\u00e7layan Ge\u015ftalt yakla\u015f\u0131m\u0131na g\u00f6re fiziksel ve psikolojik ihtiya\u00e7lar\u0131m\u0131z da de\u011fi\u015fkendir, yani ki\u015fiye ve zamana g\u00f6re de\u011fi\u015fecektir. \u00d6nemli olan, bireyin kendine bir b\u00fct\u00fcn olarak bakabilmesi ve psikolojik ihtiya\u00e7lar\u0131n\u0131 ke\u015ffederek bunlar\u0131 kar\u015f\u0131layabilecek en uygun y\u00f6ntemleri se\u00e7ebilmesidir.       Psikoloji profes\u00f6r\u00fc olan ve k\u0131rk y\u0131ldan fazla s\u00fcredir bireysel terapilerle birlikte aile ve \u00e7ift terapileri y\u00fcr\u00fcten Ceylan Da\u015f, Neye \u0130htiyac\u0131m Var?\u2019da bizi psikolojik ihtiya\u00e7lar\u0131m\u0131z\u0131 ke\u015ffetmeye ve onlar\u0131 nas\u0131l kar\u015f\u0131layabilece\u011fimizin yollar\u0131n\u0131 bulmaya davet ediyor. Ge\u015ftalt ekol\u00fc temeline oturan bu kitapta Da\u015f, duygular\u0131m\u0131z\u0131 fark etme ve anlamland\u0131rman\u0131n, psikolojik ihtiya\u00e7lar\u0131m\u0131z\u0131 kar\u015f\u0131lama yolunda ne kadar \u00f6nemli oldu\u011funu g\u00f6rmemizi sa\u011fl\u0131yor.       Sade bir dille yaz\u0131lan ve \u00f6rnek olaylarla somutla\u015ft\u0131r\u0131lan bu kitap, g\u00fcnl\u00fck hayatta ya\u015fad\u0131\u011f\u0131m\u0131z zorluklar\u0131n \u00fcstesinden gelmek i\u00e7in elimizden tutacak bir ba\u015fucu kitab\u0131\u2026<\/p>\n","protected":false},"excerpt":{"rendered":"<p>Psikolojik ihtiya\u00e7lar\u0131m\u0131z\u0131n ne kadar fark\u0131nday\u0131z? Sevilmek, ilgi g\u00f6rmek, takdir edilmek, kendimizi ger\u00e7ekle\u015ftirmek gibi ihtiya\u00e7lar\u0131m\u0131z\u0131 kar\u015f\u0131layabiliyor muyuz? Duygular\u0131m\u0131z\u0131n bize g\u00f6nderdi\u011fi sinyalleri do\u011fru yorumlayabiliyor muyuz? \u0130nsanlar\u0131 kategorize etmektense<span class=\"excerpt-hellip\"> [\u2026]<\/span><\/p>\n","protected":false},"featured_media":0,"template":"","meta":{"_monsterinsights_skip_tracking":false,"_monsterinsights_sitenote_active":false,"_monsterinsights_sitenote_note":"","_monsterinsights_sitenote_category":0},"product_brand":[],"product_cat":[12358,12357],"product_tag":[],"class_list":{"0":"post-744822","1":"product","2":"type-product","3":"status-publish","5":"product_cat-genel-psikoloji","6":"product_cat-psikoloji","7":"pa_cilt-ciltsiz","8":"pa_tur-kitap","9":"pa_yayinevi-mundi","10":"pa_yazar-ceylan-das","12":"first","13":"instock","14":"sale","15":"shipping-taxable","16":"purchasable","17":"product-type-simple"},"_links":{"self":[{"href":"https:\/\/roveyayinevi.com.tr\/index.php\/wp-json\/wp\/v2\/product\/744822","targetHints":{"allow":["GET"]}}],"collection":[{"href":"https:\/\/roveyayinevi.com.tr\/index.php\/wp-json\/wp\/v2\/product"}],"about":[{"href":"https:\/\/roveyayinevi.com.tr\/index.php\/wp-json\/wp\/v2\/types\/product"}],"wp:attachment":[{"href":"https:\/\/roveyayinevi.com.tr\/index.php\/wp-json\/wp\/v2\/media?parent=744822"}],"wp:term":[{"taxonomy":"product_brand","embeddable":true,"href":"https:\/\/roveyayinevi.com.tr\/index.php\/wp-json\/wp\/v2\/product_brand?post=744822"},{"taxonomy":"product_cat","embeddable":true,"href":"https:\/\/roveyayinevi.com.tr\/index.php\/wp-json\/wp\/v2\/product_cat?post=744822"},{"taxonomy":"product_tag","embeddable":true,"href":"https:\/\/roveyayinevi.com.tr\/index.php\/wp-json\/wp\/v2\/product_tag?post=744822"}],"curies":[{"name":"wp","href":"https:\/\/api.w.org\/{rel}","templated":true}]}}