{"id":744821,"date":"2025-08-28T02:05:27","date_gmt":"2025-08-27T23:05:27","guid":{"rendered":"https:\/\/roveyayinevi.com.tr\/index.php\/urun\/2023-astrolojisi\/"},"modified":"2026-04-16T02:56:43","modified_gmt":"2026-04-15T23:56:43","slug":"2023-astrolojisi","status":"publish","type":"product","link":"https:\/\/roveyayinevi.com.tr\/index.php\/urun\/2023-astrolojisi\/","title":{"rendered":"2023 Astrolojisi"},"content":{"rendered":"<p>\u201cBu kitapla, Gahl Sasson\u2019un ustaca hik\u00e2ye anlat\u0131m\u0131 ile bu\u0308yu\u0308lenmenin yan\u0131 s\u0131ra \u00f6nu\u0308mu\u0308zdeki y\u0131la tamamen haz\u0131rl\u0131kl\u0131 bir \u015fekilde gireceksiniz. Hayatlar\u0131n\u0131 gezegenlere g\u00f6re ya\u015fayanlar i\u00e7in bu kitap ayr\u0131nt\u0131l\u0131 bir rehber niteli\u011findedir ve sadece elinden gelenin en iyisini yapmay\u0131 \u00f6\u011frenmek isteyenler i\u00e7in de ger\u00e7ek\u00e7i pratik tavsiyeler i\u00e7eren bir mitoloji kitab\u0131 havas\u0131ndad\u0131r.\u201d &#8211; Laura Day, The Circle-Tek Bir Dilek Hayat\u0131n\u0131z\u0131 De\u011fi\u015ftirebilir ve de \u0130\u00e7imizdeki Gu\u0308\u00e7-\u0130\u00e7gu\u0308du\u0308sel Gu\u0308\u00e7lerinizi Ke\u015ffetme ve Kullanma Yollar\u0131 adl\u0131 kitaplar\u0131n \u00e7oksatan yazar\u0131.   Gahl E. Sasson taraf\u0131ndan yaz\u0131lm\u0131\u015f olan bu temel astrolojik rehberi kullanarak gelecek 12 aya haz\u0131rlan\u0131n, y\u0131l\u0131 \u015fimdiden planlay\u0131n. Kitap, Kabala, astroloji, psikoloji, Tarot ve mitolojiyi birle\u015ftiriyor. Kitab\u0131n ilk b\u00f6lu\u0308mu\u0308, 2023 y\u0131l\u0131na genel bir bak\u0131\u015f sunarken ikinci b\u00f6lu\u0308m ise her bur\u00e7 i\u00e7in astrolojik e\u011filimleri detayland\u0131r\u0131yor. Finansal giri\u015fimler i\u00e7in hangi gu\u0308nler iyidir? A\u015fk ve ili\u015fkiler a\u00e7\u0131s\u0131ndan hangi tarihler daha u\u011furlu? Sa\u011fl\u0131\u011f\u0131n\u0131za ne zaman dikkat etmelisiniz? Merku\u0308r retrosu ne zaman ger\u00e7ekle\u015fecek? Tutulmalar ne zaman ya\u015fanacak ve her bur\u00e7 i\u00e7in ne anlama geliyor? 2023 y\u0131l\u0131n\u0131n Numerolojisi neden \u015fansl\u0131 7 say\u0131s\u0131yla ili\u015fkilendirilir? Plu\u0308ton\u2019un Frans\u0131z Devrimi\u2019nden bu yana ilk kez Kova burcuna ge\u00e7mesi ne anlama geliyor? Elinizdeki bu y\u0131ld\u0131zlar rehberini 2023 astrolojisinde gezinmenize yard\u0131mc\u0131 olmas\u0131 i\u00e7in kullan\u0131n. <\/p>\n","protected":false},"excerpt":{"rendered":"<p>\u201cBu kitapla, Gahl Sasson\u2019un ustaca hik\u00e2ye anlat\u0131m\u0131 ile bu\u0308yu\u0308lenmenin yan\u0131 s\u0131ra \u00f6nu\u0308mu\u0308zdeki y\u0131la tamamen haz\u0131rl\u0131kl\u0131 bir \u015fekilde gireceksiniz. Hayatlar\u0131n\u0131 gezegenlere g\u00f6re ya\u015fayanlar i\u00e7in bu kitap ayr\u0131nt\u0131l\u0131<span class=\"excerpt-hellip\"> [\u2026]<\/span><\/p>\n","protected":false},"featured_media":0,"template":"","meta":{"_monsterinsights_skip_tracking":false,"_monsterinsights_sitenote_active":false,"_monsterinsights_sitenote_note":"","_monsterinsights_sitenote_category":0},"product_brand":[],"product_cat":[18082,15563],"product_tag":[],"class_list":{"0":"post-744821","1":"product","2":"type-product","3":"status-publish","5":"product_cat-astroloji-fal-ruya","6":"product_cat-hobi","7":"pa_cilt-ciltsiz","8":"pa_tur-kitap","9":"pa_yayinevi-butik-yayinlari","10":"pa_yazar-gahl-eden-sasson","12":"first","13":"instock","14":"sale","15":"shipping-taxable","16":"purchasable","17":"product-type-simple"},"_links":{"self":[{"href":"https:\/\/roveyayinevi.com.tr\/index.php\/wp-json\/wp\/v2\/product\/744821","targetHints":{"allow":["GET"]}}],"collection":[{"href":"https:\/\/roveyayinevi.com.tr\/index.php\/wp-json\/wp\/v2\/product"}],"about":[{"href":"https:\/\/roveyayinevi.com.tr\/index.php\/wp-json\/wp\/v2\/types\/product"}],"wp:attachment":[{"href":"https:\/\/roveyayinevi.com.tr\/index.php\/wp-json\/wp\/v2\/media?parent=744821"}],"wp:term":[{"taxonomy":"product_brand","embeddable":true,"href":"https:\/\/roveyayinevi.com.tr\/index.php\/wp-json\/wp\/v2\/product_brand?post=744821"},{"taxonomy":"product_cat","embeddable":true,"href":"https:\/\/roveyayinevi.com.tr\/index.php\/wp-json\/wp\/v2\/product_cat?post=744821"},{"taxonomy":"product_tag","embeddable":true,"href":"https:\/\/roveyayinevi.com.tr\/index.php\/wp-json\/wp\/v2\/product_tag?post=744821"}],"curies":[{"name":"wp","href":"https:\/\/api.w.org\/{rel}","templated":true}]}}