{"id":744820,"date":"2025-08-28T02:05:27","date_gmt":"2025-08-27T23:05:27","guid":{"rendered":"https:\/\/roveyayinevi.com.tr\/index.php\/urun\/uyku-kitabim\/"},"modified":"2026-04-16T02:56:43","modified_gmt":"2026-04-15T23:56:43","slug":"uyku-kitabim","status":"publish","type":"product","link":"https:\/\/roveyayinevi.com.tr\/index.php\/urun\/uyku-kitabim\/","title":{"rendered":"Uyku Kitab\u0131m"},"content":{"rendered":"<p>Sevgili anne ve babalar, bu kitap: \u2605 Bebe\u011finizin gu\u0308nlu\u0308k rutinlerini (uyanma-yemek-oyun-uyku s\u0131ralamas\u0131n\u0131) nas\u0131l du\u0308zenleyebilece\u011finiz konusunda sizlere yard\u0131mc\u0131 olacak. \u2605 Bebe\u011finizi uykuya g\u00f6tu\u0308ru\u0308rken nas\u0131l bir rutin uygulayabilece\u011finiz konusunda sizlere yol g\u00f6sterecek. \u2605 Uyku \u00f6ncesinde bebe\u011finizin gu\u0308n i\u00e7inde yapt\u0131klar\u0131n\u0131 hat\u0131rlamas\u0131n\u0131 sa\u011flayacak ve \u00f6\u011frenmeyi peki\u015ftirecek. \u2605 Yedi\u011fi yemeklerden oynad\u0131\u011f\u0131 oyunlara kadar farkl\u0131 bir\u00e7ok konuyu resimlerden se\u00e7ebilme imkan\u0131 vererek bebe\u011finizin kelime hazinesini geli\u015ftirecek. \u2605 Her okuyu\u015fta de\u011fi\u015ftirilebilecek ki\u015fi ve aktivitelerle bebe\u011finize g\u00f6re \u00f6zelle\u015ferek her gu\u0308n yepyeni bir hik\u00e2yeye d\u00f6nu\u0308\u015fecek. \u2605Bebe\u011finizi uykuya haz\u0131rlayacak, rahatlatacak ve uykuya ge\u00e7i\u015fini kolayla\u015ft\u0131racak. Uykuya ge\u00e7i\u015f su\u0308recinden, yata\u011f\u0131ndan ve uyumaktan keyif almas\u0131na yard\u0131mc\u0131 olacak. <\/p>\n","protected":false},"excerpt":{"rendered":"<p>Sevgili anne ve babalar, bu kitap: \u2605 Bebe\u011finizin gu\u0308nlu\u0308k rutinlerini (uyanma-yemek-oyun-uyku s\u0131ralamas\u0131n\u0131) nas\u0131l du\u0308zenleyebilece\u011finiz konusunda sizlere yard\u0131mc\u0131 olacak. \u2605 Bebe\u011finizi uykuya g\u00f6tu\u0308ru\u0308rken nas\u0131l bir rutin uygulayabilece\u011finiz<span class=\"excerpt-hellip\"> [\u2026]<\/span><\/p>\n","protected":false},"featured_media":0,"template":"","meta":{"_monsterinsights_skip_tracking":false,"_monsterinsights_sitenote_active":false,"_monsterinsights_sitenote_note":"","_monsterinsights_sitenote_category":0},"product_brand":[],"product_cat":[17996,12364],"product_tag":[],"class_list":{"0":"post-744820","1":"product","2":"type-product","3":"status-publish","5":"product_cat-ebeveyn-kitaplari","6":"product_cat-genel-konular","7":"pa_cilt-ciltsiz","8":"pa_tur-kitap","9":"pa_yayinevi-butik-yayinlari","10":"pa_yazar-pinar-sibirsky","12":"first","13":"instock","14":"sale","15":"shipping-taxable","16":"purchasable","17":"product-type-simple"},"_links":{"self":[{"href":"https:\/\/roveyayinevi.com.tr\/index.php\/wp-json\/wp\/v2\/product\/744820","targetHints":{"allow":["GET"]}}],"collection":[{"href":"https:\/\/roveyayinevi.com.tr\/index.php\/wp-json\/wp\/v2\/product"}],"about":[{"href":"https:\/\/roveyayinevi.com.tr\/index.php\/wp-json\/wp\/v2\/types\/product"}],"wp:attachment":[{"href":"https:\/\/roveyayinevi.com.tr\/index.php\/wp-json\/wp\/v2\/media?parent=744820"}],"wp:term":[{"taxonomy":"product_brand","embeddable":true,"href":"https:\/\/roveyayinevi.com.tr\/index.php\/wp-json\/wp\/v2\/product_brand?post=744820"},{"taxonomy":"product_cat","embeddable":true,"href":"https:\/\/roveyayinevi.com.tr\/index.php\/wp-json\/wp\/v2\/product_cat?post=744820"},{"taxonomy":"product_tag","embeddable":true,"href":"https:\/\/roveyayinevi.com.tr\/index.php\/wp-json\/wp\/v2\/product_tag?post=744820"}],"curies":[{"name":"wp","href":"https:\/\/api.w.org\/{rel}","templated":true}]}}