{"id":744815,"date":"2025-08-28T02:05:20","date_gmt":"2025-08-27T23:05:20","guid":{"rendered":"https:\/\/roveyayinevi.com.tr\/index.php\/urun\/oteki-trabzonspor\/"},"modified":"2026-04-13T03:03:28","modified_gmt":"2026-04-13T00:03:28","slug":"oteki-trabzonspor","status":"publish","type":"product","link":"https:\/\/roveyayinevi.com.tr\/index.php\/urun\/oteki-trabzonspor\/","title":{"rendered":"\u00d6teki Trabzonspor"},"content":{"rendered":"<p>Trabzonspor s\u0131radan bir kent tak\u0131m\u0131 de\u011fil, imparatorluklar kurulan kentin tak\u0131m\u0131  \u2013\u015eamil Ekinci Sevinir \u2013Yavuz Salt\u0131k   \/  Sebepten azade \u2013Vahap Co\u015fkun  \/  Futbol saz\u0131n\u0131n bordo mavi s\u0131rmal\u0131 bam teli \u2013Musa Ero\u011flu Babam\u0131n tuttu\u011fu tak\u0131m\u0131 de\u011fi\u015ftirdim \u2013Y\u0131lmaz Okumu\u015f \/ \u0130mral\u0131\u2019n\u0131n \u015fampiyonu Trabzonspor \u2013\u00d6ner Ya\u011fc\u0131 Beyaz duvar\u0131n mavi nak\u0131\u015f\u0131  \u2013Cevdet Polat \/ Trabzon\u2019da ya\u015famaya ba\u015flayana kadar iyi bir  Trabzonsporluydum \u2013Mehmet Bekaro\u011flu Trabzonspor\u2019u var eden Trabzon \u2013Nevzat Ayd\u0131n \/ Trabzonspor, t\u00fcm e\u015fitsizliklere kar\u015f\u0131 bir modeldir \u2013Fatih Mehmet Ma\u00e7o\u011flu G\u00f6z\u00fcm, can\u0131m efendim, sevdi\u011fim, devletl\u00fc sultan\u0131m  \u2013Ercan Y\u0131lmaz \/ Kendine d\u00f6nen Trabzonspor \u2013Ali Fikri I\u015f\u0131k Futbol i\u00e7in yarat\u0131lm\u0131\u015f insanlar\u0131n \u015fehri \u2013Sinem F\u0131st\u0131ko\u011flu \/ Efendilerinize s\u00f6yleyin \u2013\u015eenay Aydemir Korkum, Trabzonspor\u2019un zamanla bir \u015fehir tak\u0131m\u0131 h\u00fcviyetine d\u00f6n\u00fc\u015fmesi \u2013Ali Ay\u00e7il \/ Trabzonspor\u2019u ne kadar sevdi\u011fimizi, Trabzon\u2019da ya\u015fayanlar anlayamaz \u2013Abi\u015f Hopiko\u011flu   \/ Trabzon \u015fehir, Trabzonspor ise \u015fiirdir \u2013Hayati Koca Uzaktaki adres, Trabzonspor \u2013Ali Ero\u011ful  \/Trabzonspor d\u00fcnyada \u00f6rne\u011fi olmayan ba\u015far\u0131 hik\u00e2yesidir \u2013Erdo\u011fan Ar\u0131kan Ads\u0131z \u00fclke ve Mehlika Sultan\u2019a \u00e2\u015f\u0131k iki gen\u00e7 \u2013Mustafa \u00d6nder \/ Trabzonspor bizim neyimiz olur? \u2013\u0130smail G\u00fcney Y\u0131lmaz Trabzonspor onlar\u0131n ikinci hayat\u0131 \u2013George Leekens \/ Trabzon diasporas\u0131 diye bir ger\u00e7ek var \u2013Mehmet Demirkol I\u015f\u0131l \u0131\u015f\u0131l Trabzonspor \u2013Rafet El Roman \/ Trabzonspor: Golyat\u2019a kar\u015f\u0131 Davut\u2019un yan\u0131nda olmakt\u0131r \u2013Mahir Polat Yaz arkada\u015f\u0131m Trabzonspor \u2013U\u011fur Vardan \/ Trabzonspor yetimler ittifak\u0131d\u0131r \u2013\u00d6zcan Alper \/ \u00d6teki Trabzonspor, 1990\u2019lardan \u00f6nceki Trabzonspor\u2019du \u2013Seracettin Bedirhano\u011flu \/ K\u0131z\u0131m Nana da seni \u00e7ok sevecek \u2013Ba\u015far Hat\u0131rnaz Bir yaln\u0131zl\u0131kt\u0131r Trabzonsporlu olmak \u2013Mete G\u00fcney \/ Karnaval \u2013Sevecen Tun\u00e7 \/ Bir ba\u015fkayd\u0131 \u2013G\u00f6khan G\u00fcler Karadeniz\u2019den esen imbat \u2013Bar\u0131\u015f Av\u015far \/ Bir mucizenin ad\u0131d\u0131r o \u2013U\u011fur Biryol \/ Sesimiz; s\u00f6zde g\u00fc\u00e7l\u00fclere kar\u015f\u0131 isyan\u0131m\u0131z  \u2013Cihat Y\u0131ld\u0131r\u0131m   \/  Trabzonspor, ona hayat verenlerin hayat\u0131d\u0131r \u2013Elif Neslihan Sa\u011f\u0131r  \/Her \u015fampiyonlu\u011fu bir devrimdir  \u2013Deniz Reha \u00d6zilhan Trabzonspor d\u00fcnyada \u00f6rne\u011fi olmayan tek kul\u00fcp \u2013Abdullah Alpayd\u0131n \/ Ne b\u00fcy\u00fck onurdur bize, K\u0131br\u0131s\u2019\u0131n Bar\u0131\u015f Kupas\u0131 \u2013H\u00fcseyin Ekmek\u00e7i \/ Trabzonspor, kaderine meydan okumakt\u0131r \u2013Y\u0131lmaz Evat \/ As\u0131l Trabzonsporlu biziz \u2013\u00c7etin Alpagut Kuzeyin \u00e7ocuklar\u0131 \u2013Dr. Taylan \u00d6zg\u00fcr Kiraz \/ Bizimkisi deniz karde\u015fli\u011fi \u2013B\u00fclent G\u00fcrkan \/ Trabzonspor isyand\u0131r, isyank\u00e2rl\u0131kt\u0131r \u2013Ali T\u00fcrky\u0131lmazo\u011flu \/ Bir denizi bir barda\u011fa doldurmak imk\u00e2ns\u0131z \u2013Sait I\u015f\u0131k \/ \u00d6teki de\u011fil, en b\u00fcy\u00fck \u2013F\u0131rat Korkmaz Trabzonspor, Anadolu\u2019nun cesaretidir \u2013Senar Y\u0131ld\u0131z \/ Mahallenin g\u00fczel ve cesur a\u011fabeyi  \u2013Mustafa Oltulu Trabzonspor, \u00f6tekilerin de \u00f6tekisidir \u2013Abdurrahim Karabulut \/ Bize Kosova da Trabzon \u2013\u015eefki Saf\u00e7\u0131     \/ 1978\u2019de Mardin K\u0131z\u0131ltepe, Ba\u011fr\u0131b\u00fct\u00fcn k\u00f6y\u00fcne Trabzonlu bir \u00f6\u011fretmen gelir \u2013\u0130brahim Ayd\u0131n \/ \u0130natt\u0131r, umuttur, sevdad\u0131r, vazge\u00e7memektir \u2013Mesut Gengen\u00e7 \u00d6teki de\u011fil, mazlum \u00f6teki \u2013Naz\u0131m Hikmet Erkan \/ Trabzonspor bizim sembol\u00fcm\u00fcz  \u2013\u0130lias \u0130oannidis <\/p>\n","protected":false},"excerpt":{"rendered":"<p>Trabzonspor s\u0131radan bir kent tak\u0131m\u0131 de\u011fil, imparatorluklar kurulan kentin tak\u0131m\u0131 \u2013\u015eamil Ekinci Sevinir \u2013Yavuz Salt\u0131k \/ Sebepten azade \u2013Vahap Co\u015fkun \/ Futbol saz\u0131n\u0131n bordo mavi s\u0131rmal\u0131<span class=\"excerpt-hellip\"> [\u2026]<\/span><\/p>\n","protected":false},"featured_media":0,"template":"","meta":{"_monsterinsights_skip_tracking":false,"_monsterinsights_sitenote_active":false,"_monsterinsights_sitenote_note":"","_monsterinsights_sitenote_category":0},"product_brand":[],"product_cat":[15563,15564],"product_tag":[],"class_list":{"0":"post-744815","1":"product","2":"type-product","3":"status-publish","5":"product_cat-hobi","6":"product_cat-spor","7":"pa_cilt-ciltsiz","8":"pa_tur-kitap","9":"pa_yayinevi-alfa-yayinlari","10":"pa_yazar-yavuz-saltik","12":"first","13":"instock","14":"sale","15":"shipping-taxable","16":"purchasable","17":"product-type-simple"},"_links":{"self":[{"href":"https:\/\/roveyayinevi.com.tr\/index.php\/wp-json\/wp\/v2\/product\/744815","targetHints":{"allow":["GET"]}}],"collection":[{"href":"https:\/\/roveyayinevi.com.tr\/index.php\/wp-json\/wp\/v2\/product"}],"about":[{"href":"https:\/\/roveyayinevi.com.tr\/index.php\/wp-json\/wp\/v2\/types\/product"}],"wp:attachment":[{"href":"https:\/\/roveyayinevi.com.tr\/index.php\/wp-json\/wp\/v2\/media?parent=744815"}],"wp:term":[{"taxonomy":"product_brand","embeddable":true,"href":"https:\/\/roveyayinevi.com.tr\/index.php\/wp-json\/wp\/v2\/product_brand?post=744815"},{"taxonomy":"product_cat","embeddable":true,"href":"https:\/\/roveyayinevi.com.tr\/index.php\/wp-json\/wp\/v2\/product_cat?post=744815"},{"taxonomy":"product_tag","embeddable":true,"href":"https:\/\/roveyayinevi.com.tr\/index.php\/wp-json\/wp\/v2\/product_tag?post=744815"}],"curies":[{"name":"wp","href":"https:\/\/api.w.org\/{rel}","templated":true}]}}