{"id":744814,"date":"2025-08-28T02:05:20","date_gmt":"2025-08-27T23:05:20","guid":{"rendered":"https:\/\/roveyayinevi.com.tr\/index.php\/urun\/deniz-rengi\/"},"modified":"2026-04-05T03:01:35","modified_gmt":"2026-04-05T00:01:35","slug":"deniz-rengi","status":"publish","type":"product","link":"https:\/\/roveyayinevi.com.tr\/index.php\/urun\/deniz-rengi\/","title":{"rendered":"Deniz Rengi"},"content":{"rendered":"<p>Her birimiz farkl\u0131 bir rengiz ve bir b\u00fct\u00fcn\u00fcn par\u00e7alar\u0131 gibi rengarenk \u0131\u015f\u0131ld\u0131yoruz. O b\u00fct\u00fcn\u00fcn par\u00e7alar\u0131 d\u00fcnyan\u0131n \u00e7e\u015fitli yerlerine da\u011f\u0131lm\u0131\u015f ve kendi renkleriyle boyam\u0131\u015flar \u00e7evrelerini. Belki ayr\u0131 ayr\u0131 \u00e7ok g\u00fczeliz fakat, bir b\u00fct\u00fcn haline gelebildi\u011fimiz s\u00fcrece tamaml\u0131yoruz resmi. Nas\u0131l ki bir ressam tek bir renkle boyayam\u0131yorsa tuvalini ve tamamlayam\u0131yorsa eserini, bizler de yarad\u0131l\u0131\u015f\u0131m\u0131za dayanan varolu\u015f eserini tek ba\u015f\u0131m\u0131za tamamlayam\u0131yoruz. Her birimiz ne i\u00e7in geldik bu d\u00fcnyaya, nedir bizim ya\u015fam sebebimiz, nedir bizi bir \u015fekilde bir araya getiren ve nihayetinde ayn\u0131 ortamlarda bulu\u015fturan sebep? \u0130\u015fte, onu buldu\u011fumuz an, g\u00f6kku\u015fa\u011f\u0131n\u0131n renkleri gibi, bir ressam\u0131n eserindeki o resmi g\u00fczelle\u015ftiren, derinle\u015ftiren renkler gibi, t\u00fcm g\u00fczelliklerimizle, t\u00fcm renklerimizle ve t\u00fcm farkl\u0131l\u0131klar\u0131m\u0131zla bir araya gelip tamamlar\u0131z varolu\u015f sebebimizi.   Farkl\u0131klar\u0131n bizleri ayr\u0131\u015ft\u0131rmad\u0131\u011f\u0131, aksine birbirimizden \u00f6\u011frenece\u011fimiz pek \u00e7ok \u015feyin oldu\u011funu kavramam\u0131z\u0131 sa\u011flay\u0131p, bizleri zenginle\u015ftirdi\u011fi, g\u00fc\u00e7lendirdi\u011fi ve bir b\u00fct\u00fcn haline getirdi\u011fi bir d\u00fcnyada ya\u015famam\u0131z\u0131 sa\u011flayacak olan t\u00fcm o g\u00fczel renklerin bir araya gelip, bizleri tamamlamas\u0131 ad\u0131na yazd\u0131m bu kitab\u0131. O y\u00fczden de ismi \u2018Deniz Rengi\u2019. \u00c7\u00fcnk\u00fc benim rengim mavi.   Benim rengim mavi, huzur, sakinlik, dinginlik, \u00f6zg\u00fcrl\u00fck, sonsuzluk. Sanki u\u00e7suz bucaks\u0131z olma hissi, sanki \u00e7okluk, bolluk, bereket hissi, sanki teslimiyet hissi. Sizin renginiz hangi renk bilmem ama benim rengim denizin, okyanusun ve g\u00f6ky\u00fcz\u00fcn\u00fcn renginden ilham ald\u0131\u011f\u0131m mavi renk. Mavilikler bizlere huzuru, mutlulu\u011fu, sa\u011fl\u0131\u011f\u0131, bollu\u011fu bereketi ve daha pek \u00e7ok g\u00fczellikleri getirsin. Dilerim maviliklerden ilham ald\u0131\u011f\u0131m \u201cDeniz Rengi\u201d siz de\u011ferli okuyucular\u0131ma \u015fifa olsun. <\/p>\n","protected":false},"excerpt":{"rendered":"<p>Her birimiz farkl\u0131 bir rengiz ve bir b\u00fct\u00fcn\u00fcn par\u00e7alar\u0131 gibi rengarenk \u0131\u015f\u0131ld\u0131yoruz. O b\u00fct\u00fcn\u00fcn par\u00e7alar\u0131 d\u00fcnyan\u0131n \u00e7e\u015fitli yerlerine da\u011f\u0131lm\u0131\u015f ve kendi renkleriyle boyam\u0131\u015flar \u00e7evrelerini. Belki ayr\u0131<span class=\"excerpt-hellip\"> [\u2026]<\/span><\/p>\n","protected":false},"featured_media":0,"template":"","meta":{"_monsterinsights_skip_tracking":false,"_monsterinsights_sitenote_active":false,"_monsterinsights_sitenote_note":"","_monsterinsights_sitenote_category":0},"product_brand":[],"product_cat":[12364,12376],"product_tag":[],"class_list":{"0":"post-744814","1":"product","2":"type-product","3":"status-publish","5":"product_cat-genel-konular","6":"product_cat-kisisel-gelisim","7":"pa_cilt-ciltsiz","8":"pa_tur-kitap","9":"pa_yayinevi-us-yayinlari","10":"pa_yazar-nursal-ugursal","12":"first","13":"instock","14":"sale","15":"shipping-taxable","16":"purchasable","17":"product-type-simple"},"_links":{"self":[{"href":"https:\/\/roveyayinevi.com.tr\/index.php\/wp-json\/wp\/v2\/product\/744814","targetHints":{"allow":["GET"]}}],"collection":[{"href":"https:\/\/roveyayinevi.com.tr\/index.php\/wp-json\/wp\/v2\/product"}],"about":[{"href":"https:\/\/roveyayinevi.com.tr\/index.php\/wp-json\/wp\/v2\/types\/product"}],"wp:attachment":[{"href":"https:\/\/roveyayinevi.com.tr\/index.php\/wp-json\/wp\/v2\/media?parent=744814"}],"wp:term":[{"taxonomy":"product_brand","embeddable":true,"href":"https:\/\/roveyayinevi.com.tr\/index.php\/wp-json\/wp\/v2\/product_brand?post=744814"},{"taxonomy":"product_cat","embeddable":true,"href":"https:\/\/roveyayinevi.com.tr\/index.php\/wp-json\/wp\/v2\/product_cat?post=744814"},{"taxonomy":"product_tag","embeddable":true,"href":"https:\/\/roveyayinevi.com.tr\/index.php\/wp-json\/wp\/v2\/product_tag?post=744814"}],"curies":[{"name":"wp","href":"https:\/\/api.w.org\/{rel}","templated":true}]}}