{"id":744812,"date":"2025-08-28T02:05:16","date_gmt":"2025-08-27T23:05:16","guid":{"rendered":"https:\/\/roveyayinevi.com.tr\/index.php\/urun\/dizelerimden-esintiler\/"},"modified":"2026-04-16T02:56:43","modified_gmt":"2026-04-15T23:56:43","slug":"dizelerimden-esintiler","status":"publish","type":"product","link":"https:\/\/roveyayinevi.com.tr\/index.php\/urun\/dizelerimden-esintiler\/","title":{"rendered":"Dizelerimden Esintiler"},"content":{"rendered":"<p>Anlatmak istediklerimi \u015fiir yoluyla payla\u015fmak istedim. Hayal hedefe d\u00f6n\u00fc\u015f\u00fcrse ger\u00e7ekle\u015fir, d\u00f6n\u00fc\u015fmezse bir dilek olarak kal\u0131r i\u00e7imizde. Bu kitapla bu hayalimin ger\u00e7ekle\u015fece\u011fine inan\u0131yorum. \u00c7\u00fcnk\u00fc bir \u015fairin en b\u00fcy\u00fck mutlulu\u011fu okuyucusu ile g\u00f6r\u00fcnmez bir ba\u011f kurmakt\u0131r. Her \u015fiirimde bu ba\u011f\u0131n kuvvetlenmesi, en b\u00fcy\u00fck dileklerimden birisidir. <\/p>\n","protected":false},"excerpt":{"rendered":"<p>Anlatmak istediklerimi \u015fiir yoluyla payla\u015fmak istedim. Hayal hedefe d\u00f6n\u00fc\u015f\u00fcrse ger\u00e7ekle\u015fir, d\u00f6n\u00fc\u015fmezse bir dilek olarak kal\u0131r i\u00e7imizde. Bu kitapla bu hayalimin ger\u00e7ekle\u015fece\u011fine inan\u0131yorum. \u00c7\u00fcnk\u00fc bir \u015fairin en<span class=\"excerpt-hellip\"> [\u2026]<\/span><\/p>\n","protected":false},"featured_media":0,"template":"","meta":{"_monsterinsights_skip_tracking":false,"_monsterinsights_sitenote_active":false,"_monsterinsights_sitenote_note":"","_monsterinsights_sitenote_category":0},"product_brand":[],"product_cat":[12291,12509],"product_tag":[],"class_list":{"0":"post-744812","1":"product","2":"type-product","3":"status-publish","5":"product_cat-edebiyat","6":"product_cat-siir","7":"pa_cilt-ciltsiz","8":"pa_tur-kitap","9":"pa_yayinevi-us-yayinlari","10":"pa_yazar-gazi-baskan","12":"first","13":"instock","14":"sale","15":"shipping-taxable","16":"purchasable","17":"product-type-simple"},"_links":{"self":[{"href":"https:\/\/roveyayinevi.com.tr\/index.php\/wp-json\/wp\/v2\/product\/744812","targetHints":{"allow":["GET"]}}],"collection":[{"href":"https:\/\/roveyayinevi.com.tr\/index.php\/wp-json\/wp\/v2\/product"}],"about":[{"href":"https:\/\/roveyayinevi.com.tr\/index.php\/wp-json\/wp\/v2\/types\/product"}],"wp:attachment":[{"href":"https:\/\/roveyayinevi.com.tr\/index.php\/wp-json\/wp\/v2\/media?parent=744812"}],"wp:term":[{"taxonomy":"product_brand","embeddable":true,"href":"https:\/\/roveyayinevi.com.tr\/index.php\/wp-json\/wp\/v2\/product_brand?post=744812"},{"taxonomy":"product_cat","embeddable":true,"href":"https:\/\/roveyayinevi.com.tr\/index.php\/wp-json\/wp\/v2\/product_cat?post=744812"},{"taxonomy":"product_tag","embeddable":true,"href":"https:\/\/roveyayinevi.com.tr\/index.php\/wp-json\/wp\/v2\/product_tag?post=744812"}],"curies":[{"name":"wp","href":"https:\/\/api.w.org\/{rel}","templated":true}]}}