{"id":744811,"date":"2025-08-28T02:05:15","date_gmt":"2025-08-27T23:05:15","guid":{"rendered":"https:\/\/roveyayinevi.com.tr\/index.php\/urun\/parcali-bulutlu\/"},"modified":"2026-04-16T02:56:43","modified_gmt":"2026-04-15T23:56:43","slug":"parcali-bulutlu","status":"publish","type":"product","link":"https:\/\/roveyayinevi.com.tr\/index.php\/urun\/parcali-bulutlu\/","title":{"rendered":"Par\u00e7al\u0131 Bulutlu"},"content":{"rendered":"<p>\u201c\u0130drak kelimesinin k\u00f6kenini \u00e7ok severim. \u0130drak, merdivenin en alt basama\u011f\u0131 anlam\u0131na gelen Arap\u00e7a \u2018dereke\u2019 s\u00f6zc\u00fc\u011f\u00fcnden t\u00fcr\u00fcyor, bir \u015feyin sonuna veya dibine ula\u015fma anlam\u0131na geliyor. Bir nevi iliklerine kadar hissetme hali. Ve oradan sonra var\u0131lacak ba\u015fka bir yer yok.  Anlamadaki son evre oras\u0131. \u00dcstelik yukar\u0131da bitmiyor bu anlama hali, en a\u015fa\u011f\u0131da, ba\u015flang\u0131\u00e7ta, dipte bitiyor. Merdivenin en alt basama\u011f\u0131, ba\u015flang\u0131\u00e7 noktas\u0131d\u0131r. Bir \u015feyin idrakine varmak ba\u015flang\u0131\u00e7 noktas\u0131na geri d\u00f6nmekle, an\u0131msamakla, o anlam\u0131n k\u00f6klerini en derininde, en ba\u015flang\u0131c\u0131nda bulmakla m\u00fcmk\u00fcn.\u201d Par\u00e7al\u0131 Bulutlu\u2019da idrake varmalar\u0131n yolculu\u011funa \u00e7\u0131km\u0131\u015f bir Tu\u011f\u00e7e Is\u0131yel var. Yuvaya, yola ve s\u00fcrg\u00fcne, ya\u015fama ve \u00f6l\u00fcme bir bir u\u011frayan; do\u011fayla insan\u0131n kurumu\u015f g\u00f6bek ba\u011f\u0131na a\u011f\u0131t yakan sat\u0131rlarla sarmal\u0131yor okuyucusunu. Bu sat\u0131rlar\u0131 foto\u011fraflara ve m\u00fczi\u011fe ilikliyor, zaman\u0131 ve e\u015fyay\u0131 e\u011fip b\u00fck\u00fcyor. \u0130nsan\u0131n da t\u0131pk\u0131 Dionysos gibi, \u015farap olmay\u0131 bekleyen \u00fcz\u00fcm gibi, kozas\u0131nda peltele\u015fen t\u0131rt\u0131l gibi iki defa do\u011fabilece\u011fine inan\u0131yor. <\/p>\n","protected":false},"excerpt":{"rendered":"<p>\u201c\u0130drak kelimesinin k\u00f6kenini \u00e7ok severim. \u0130drak, merdivenin en alt basama\u011f\u0131 anlam\u0131na gelen Arap\u00e7a \u2018dereke\u2019 s\u00f6zc\u00fc\u011f\u00fcnden t\u00fcr\u00fcyor, bir \u015feyin sonuna veya dibine ula\u015fma anlam\u0131na geliyor. Bir nevi<span class=\"excerpt-hellip\"> [\u2026]<\/span><\/p>\n","protected":false},"featured_media":0,"template":"","meta":{"_monsterinsights_skip_tracking":false,"_monsterinsights_sitenote_active":false,"_monsterinsights_sitenote_note":"","_monsterinsights_sitenote_category":0},"product_brand":[],"product_cat":[12777,12291],"product_tag":[],"class_list":{"0":"post-744811","1":"product","2":"type-product","3":"status-publish","5":"product_cat-deneme","6":"product_cat-edebiyat","7":"pa_cilt-ciltsiz","8":"pa_tur-kitap","9":"pa_yayinevi-okuyan-us-yayin","10":"pa_yazar-tugce-isiyel","12":"first","13":"instock","14":"sale","15":"shipping-taxable","16":"purchasable","17":"product-type-simple"},"_links":{"self":[{"href":"https:\/\/roveyayinevi.com.tr\/index.php\/wp-json\/wp\/v2\/product\/744811","targetHints":{"allow":["GET"]}}],"collection":[{"href":"https:\/\/roveyayinevi.com.tr\/index.php\/wp-json\/wp\/v2\/product"}],"about":[{"href":"https:\/\/roveyayinevi.com.tr\/index.php\/wp-json\/wp\/v2\/types\/product"}],"wp:attachment":[{"href":"https:\/\/roveyayinevi.com.tr\/index.php\/wp-json\/wp\/v2\/media?parent=744811"}],"wp:term":[{"taxonomy":"product_brand","embeddable":true,"href":"https:\/\/roveyayinevi.com.tr\/index.php\/wp-json\/wp\/v2\/product_brand?post=744811"},{"taxonomy":"product_cat","embeddable":true,"href":"https:\/\/roveyayinevi.com.tr\/index.php\/wp-json\/wp\/v2\/product_cat?post=744811"},{"taxonomy":"product_tag","embeddable":true,"href":"https:\/\/roveyayinevi.com.tr\/index.php\/wp-json\/wp\/v2\/product_tag?post=744811"}],"curies":[{"name":"wp","href":"https:\/\/api.w.org\/{rel}","templated":true}]}}