{"id":744806,"date":"2025-08-28T02:05:10","date_gmt":"2025-08-27T23:05:10","guid":{"rendered":"https:\/\/roveyayinevi.com.tr\/index.php\/urun\/yuz-okuma-sanati-3\/"},"modified":"2025-12-30T10:59:41","modified_gmt":"2025-12-30T07:59:41","slug":"yuz-okuma-sanati-3","status":"publish","type":"product","link":"https:\/\/roveyayinevi.com.tr\/index.php\/urun\/yuz-okuma-sanati-3\/","title":{"rendered":"Y\u00fcz Okuma  Sanat\u0131 3"},"content":{"rendered":"<p>\u00c7in evrenbilimi prensipleri \u00e7er\u00e7evesinde yap\u0131lan y\u00fcz okuma \u00e7al\u0131\u015fmalar\u0131, geleneksel \u00c7in t\u0131bb\u0131n\u0131n bir dal\u0131 olarak \u201cki\u015filerin i\u00e7 d\u00fcnyas\u0131, sa\u011fl\u0131k durumlar\u0131 ve davran\u0131\u015fsal e\u011filimlerinin bir \u00e7\u0131kt\u0131s\u0131n\u0131n al\u0131nmas\u0131\u201d \u015feklinde de\u011ferlendirilebilir. \u201c\u0130nsan Tan\u0131ma Y\u00f6ntemleri\u201d \u00fczerine \u00e7al\u0131\u015fan Murat Kaplan\u2019\u0131n Y\u00fcz Okuma Sanat\u0131 3 kitab\u0131nda payla\u015ft\u0131\u011f\u0131 temel y\u00fcz okuma ve karakter analizi bilgilerinin \u00f6ncelikli amac\u0131: \u2022 Ki\u015finin kendisini daha iyi tan\u0131mas\u0131, \u2022 Bireyin, sosyal ve mesleki ortamlarda sergiledi\u011fi davran\u0131\u015flar\u0131 hakk\u0131nda y\u00fcksek d\u00fczeyde fark\u0131ndal\u0131k geli\u015ftirmesi ve daha isabetli tercihlerde bulunmas\u0131na y\u00f6nelik enstr\u00fcmanlar edinmesi, \u2022 Ki\u015finin birlikte ya\u015fad\u0131\u011f\u0131 veya \u00e7al\u0131\u015ft\u0131\u011f\u0131 insanlar\u0131 daha sa\u011fl\u0131kl\u0131 kriterlerle -\u00f6nyarg\u0131, varsay\u0131m ve d\u0131\u015f etkilerden ba\u011f\u0131ms\u0131z- \u015fekilde tan\u0131yabilmesi ad\u0131na gerekli temel becerilere sahip olmas\u0131 ve fark\u0131ndal\u0131kla donanmas\u0131d\u0131r. Murat Kaplan, serinin \u00fc\u00e7\u00fcnc\u00fc kitab\u0131nda y\u00fcz okuma y\u00f6ntemlerini, beden dili, n\u00f6rolojik kodlar, el yaz\u0131s\u0131, imza analizi ve karalamalar gibi yeni ba\u015fl\u0131klarla destekliyor. Y\u00fcz\u00fcm\u00fcz \u201ckim oldu\u011fumuzu, bug\u00fcne kadar nas\u0131l ya\u015fad\u0131\u011f\u0131m\u0131z\u0131, neler hissetti\u011fimizi, gelecekte kim ya da ne olabilece\u011fimizi, nas\u0131l tepkiler verip ne t\u00fcr bir alg\u0131yla ya\u015fayabilece\u011fimize ili\u015fkin olas\u0131l\u0131klar\u0131 g\u00f6steriyor. Bahsi ge\u00e7en bu detaylar\u0131 anlamak, y\u00fcz\u00fcm\u00fcz de\u011fi\u015ftik\u00e7e alg\u0131 ve davran\u0131\u015f s\u00fcrecimizin de\u011fi\u015fece\u011fi, alg\u0131 ve davran\u0131\u015f tercihlerimiz de\u011fi\u015ftik\u00e7e de y\u00fcz\u00fcm\u00fcz\u00fcn de\u011fi\u015fece\u011fi ger\u00e7e\u011finde yat\u0131yor. Y\u00fcz Okuma Sanat\u0131 3, ki\u015finin ge\u00e7mi\u015f deneyimlerini, gelecekteki potansiyelini, bedende ve zihinde neler olup bitti\u011fini merkeze alarak okurlara rehberlik etmeyi ama\u00e7l\u0131yor. <\/p>\n","protected":false},"excerpt":{"rendered":"<p>\u00c7in evrenbilimi prensipleri \u00e7er\u00e7evesinde yap\u0131lan y\u00fcz okuma \u00e7al\u0131\u015fmalar\u0131, geleneksel \u00c7in t\u0131bb\u0131n\u0131n bir dal\u0131 olarak \u201cki\u015filerin i\u00e7 d\u00fcnyas\u0131, sa\u011fl\u0131k durumlar\u0131 ve davran\u0131\u015fsal e\u011filimlerinin bir \u00e7\u0131kt\u0131s\u0131n\u0131n al\u0131nmas\u0131\u201d \u015feklinde<span class=\"excerpt-hellip\"> [\u2026]<\/span><\/p>\n","protected":false},"featured_media":0,"template":"","meta":{"_monsterinsights_skip_tracking":false,"_monsterinsights_sitenote_active":false,"_monsterinsights_sitenote_note":"","_monsterinsights_sitenote_category":0},"product_brand":[],"product_cat":[12364,12376],"product_tag":[],"class_list":{"0":"post-744806","1":"product","2":"type-product","3":"status-publish","5":"product_cat-genel-konular","6":"product_cat-kisisel-gelisim","7":"pa_cilt-ciltsiz","8":"pa_tur-kitap","9":"pa_yayinevi-mona-kitap","10":"pa_yazar-murat-kaplan","12":"first","13":"instock","14":"sale","15":"shipping-taxable","16":"purchasable","17":"product-type-simple"},"_links":{"self":[{"href":"https:\/\/roveyayinevi.com.tr\/index.php\/wp-json\/wp\/v2\/product\/744806","targetHints":{"allow":["GET"]}}],"collection":[{"href":"https:\/\/roveyayinevi.com.tr\/index.php\/wp-json\/wp\/v2\/product"}],"about":[{"href":"https:\/\/roveyayinevi.com.tr\/index.php\/wp-json\/wp\/v2\/types\/product"}],"wp:attachment":[{"href":"https:\/\/roveyayinevi.com.tr\/index.php\/wp-json\/wp\/v2\/media?parent=744806"}],"wp:term":[{"taxonomy":"product_brand","embeddable":true,"href":"https:\/\/roveyayinevi.com.tr\/index.php\/wp-json\/wp\/v2\/product_brand?post=744806"},{"taxonomy":"product_cat","embeddable":true,"href":"https:\/\/roveyayinevi.com.tr\/index.php\/wp-json\/wp\/v2\/product_cat?post=744806"},{"taxonomy":"product_tag","embeddable":true,"href":"https:\/\/roveyayinevi.com.tr\/index.php\/wp-json\/wp\/v2\/product_tag?post=744806"}],"curies":[{"name":"wp","href":"https:\/\/api.w.org\/{rel}","templated":true}]}}