{"id":744800,"date":"2025-08-28T02:05:03","date_gmt":"2025-08-27T23:05:03","guid":{"rendered":"https:\/\/roveyayinevi.com.tr\/index.php\/urun\/babiller-mezopotamya-uygarliklari-3\/"},"modified":"2026-04-16T02:56:42","modified_gmt":"2026-04-15T23:56:42","slug":"babiller-mezopotamya-uygarliklari-3","status":"publish","type":"product","link":"https:\/\/roveyayinevi.com.tr\/index.php\/urun\/babiller-mezopotamya-uygarliklari-3\/","title":{"rendered":"Babiller -Mezopotamya Uygarl\u0131klar\u0131-3"},"content":{"rendered":"<p>Ge\u00e7mi\u015fin gizemli uygarl\u0131klar\u0131na yolculuk yapmaya ne dersiniz? Cevab\u0131n\u0131z evetse Sosyal Bilgiler dersinin ba\u015far\u0131l\u0131 iki \u00f6\u011frencisi Melike ve Onur ile fantastik bir maceraya haz\u0131rlan\u0131n.Ya\u015fl\u0131 d\u00fcnyam\u0131z\u0131n haf\u0131zas\u0131 olan kadim k\u00fct\u00fcphaneye giri\u015finizle ba\u015flayacak bu macerada Mezopotamya uygarl\u0131klar\u0131n\u0131n ilgin\u00e7 hik\u00e2yelerini, \u015fa\u015f\u0131rt\u0131c\u0131 bulu\u015flar\u0131n\u0131 ve g\u00fcn\u00fcm\u00fcze kadar uzanan izlerini bulacaks\u0131n\u0131z.Lokman Aydo\u011fan&#8217;\u0131n ak\u0131c\u0131 ve e\u011flenceli kaleminden d\u00f6k\u00fclen bu kitaplarda Sosyal Bilgiler dersinize yard\u0131mc\u0131 konular\u0131n yan\u0131s\u0131ra e\u011flenceli bir d\u00fcnya ile bulu\u015facaks\u0131n\u0131z.<\/p>\n","protected":false},"excerpt":{"rendered":"<p>Ge\u00e7mi\u015fin gizemli uygarl\u0131klar\u0131na yolculuk yapmaya ne dersiniz? Cevab\u0131n\u0131z evetse Sosyal Bilgiler dersinin ba\u015far\u0131l\u0131 iki \u00f6\u011frencisi Melike ve Onur ile fantastik bir maceraya haz\u0131rlan\u0131n.Ya\u015fl\u0131 d\u00fcnyam\u0131z\u0131n haf\u0131zas\u0131 olan<span class=\"excerpt-hellip\"> [\u2026]<\/span><\/p>\n","protected":false},"featured_media":0,"template":"","meta":{"_monsterinsights_skip_tracking":false,"_monsterinsights_sitenote_active":false,"_monsterinsights_sitenote_note":"","_monsterinsights_sitenote_category":0},"product_brand":[],"product_cat":[12274,15842],"product_tag":[],"class_list":{"0":"post-744800","1":"product","2":"type-product","3":"status-publish","5":"product_cat-cocuk-ve-genclik-kitaplari","6":"product_cat-egitici-kitaplar","7":"pa_cilt-ciltsiz","8":"pa_tur-kitap","9":"pa_yayinevi-yeditepe-yayinevi","10":"pa_yazar-lokman-aydogan","12":"first","13":"instock","14":"sale","15":"shipping-taxable","16":"purchasable","17":"product-type-simple"},"_links":{"self":[{"href":"https:\/\/roveyayinevi.com.tr\/index.php\/wp-json\/wp\/v2\/product\/744800","targetHints":{"allow":["GET"]}}],"collection":[{"href":"https:\/\/roveyayinevi.com.tr\/index.php\/wp-json\/wp\/v2\/product"}],"about":[{"href":"https:\/\/roveyayinevi.com.tr\/index.php\/wp-json\/wp\/v2\/types\/product"}],"wp:attachment":[{"href":"https:\/\/roveyayinevi.com.tr\/index.php\/wp-json\/wp\/v2\/media?parent=744800"}],"wp:term":[{"taxonomy":"product_brand","embeddable":true,"href":"https:\/\/roveyayinevi.com.tr\/index.php\/wp-json\/wp\/v2\/product_brand?post=744800"},{"taxonomy":"product_cat","embeddable":true,"href":"https:\/\/roveyayinevi.com.tr\/index.php\/wp-json\/wp\/v2\/product_cat?post=744800"},{"taxonomy":"product_tag","embeddable":true,"href":"https:\/\/roveyayinevi.com.tr\/index.php\/wp-json\/wp\/v2\/product_tag?post=744800"}],"curies":[{"name":"wp","href":"https:\/\/api.w.org\/{rel}","templated":true}]}}