{"id":744799,"date":"2025-08-28T02:05:02","date_gmt":"2025-08-27T23:05:02","guid":{"rendered":"https:\/\/roveyayinevi.com.tr\/index.php\/urun\/renkli-bulutlar\/"},"modified":"2026-04-16T02:56:42","modified_gmt":"2026-04-15T23:56:42","slug":"renkli-bulutlar","status":"publish","type":"product","link":"https:\/\/roveyayinevi.com.tr\/index.php\/urun\/renkli-bulutlar\/","title":{"rendered":"Renkli Bulutlar"},"content":{"rendered":"<p>Kara bulutlar damla damla ya\u015f d\u00f6kse de \u00fcst\u00fcne. \u0130\u00e7imdeki renkli bulutlar, karanfiller d\u00f6kecek i\u00e7ine. \u0130ki beden, bir kalp. Hep sakl\u0131d\u0131r i\u00e7imde. Ya\u015famak gerek renkli bulutlar\u0131n \u00fcst\u00fcnde.   Nihat Demir, kalbinden s\u00fcz\u00fclenlerin k\u00e2\u011f\u0131da akt\u0131\u011f\u0131 m\u0131sralar\u0131yla dolu ilk \u015fiir kitab\u0131, Renkli Bulutlar ile okurunun kalbine dokunuyor. <\/p>\n","protected":false},"excerpt":{"rendered":"<p>Kara bulutlar damla damla ya\u015f d\u00f6kse de \u00fcst\u00fcne. \u0130\u00e7imdeki renkli bulutlar, karanfiller d\u00f6kecek i\u00e7ine. \u0130ki beden, bir kalp. Hep sakl\u0131d\u0131r i\u00e7imde. Ya\u015famak gerek renkli bulutlar\u0131n \u00fcst\u00fcnde.<span class=\"excerpt-hellip\"> [\u2026]<\/span><\/p>\n","protected":false},"featured_media":0,"template":"","meta":{"_monsterinsights_skip_tracking":false,"_monsterinsights_sitenote_active":false,"_monsterinsights_sitenote_note":"","_monsterinsights_sitenote_category":0},"product_brand":[],"product_cat":[12291,12509],"product_tag":[],"class_list":{"0":"post-744799","1":"product","2":"type-product","3":"status-publish","5":"product_cat-edebiyat","6":"product_cat-siir","7":"pa_cilt-ciltsiz","8":"pa_tur-kitap","9":"pa_yayinevi-luna-yayinlari","10":"pa_yazar-nihat-demir","12":"first","13":"instock","14":"sale","15":"shipping-taxable","16":"purchasable","17":"product-type-simple"},"_links":{"self":[{"href":"https:\/\/roveyayinevi.com.tr\/index.php\/wp-json\/wp\/v2\/product\/744799","targetHints":{"allow":["GET"]}}],"collection":[{"href":"https:\/\/roveyayinevi.com.tr\/index.php\/wp-json\/wp\/v2\/product"}],"about":[{"href":"https:\/\/roveyayinevi.com.tr\/index.php\/wp-json\/wp\/v2\/types\/product"}],"wp:attachment":[{"href":"https:\/\/roveyayinevi.com.tr\/index.php\/wp-json\/wp\/v2\/media?parent=744799"}],"wp:term":[{"taxonomy":"product_brand","embeddable":true,"href":"https:\/\/roveyayinevi.com.tr\/index.php\/wp-json\/wp\/v2\/product_brand?post=744799"},{"taxonomy":"product_cat","embeddable":true,"href":"https:\/\/roveyayinevi.com.tr\/index.php\/wp-json\/wp\/v2\/product_cat?post=744799"},{"taxonomy":"product_tag","embeddable":true,"href":"https:\/\/roveyayinevi.com.tr\/index.php\/wp-json\/wp\/v2\/product_tag?post=744799"}],"curies":[{"name":"wp","href":"https:\/\/api.w.org\/{rel}","templated":true}]}}