{"id":744798,"date":"2025-08-28T02:05:00","date_gmt":"2025-08-27T23:05:00","guid":{"rendered":"https:\/\/roveyayinevi.com.tr\/index.php\/urun\/denizkizi-masali\/"},"modified":"2026-04-08T03:04:36","modified_gmt":"2026-04-08T00:04:36","slug":"denizkizi-masali","status":"publish","type":"product","link":"https:\/\/roveyayinevi.com.tr\/index.php\/urun\/denizkizi-masali\/","title":{"rendered":"Denizk\u0131z\u0131 Masal\u0131"},"content":{"rendered":"<p>\u0130kimiz de ayn\u0131 ya\u015ftayd\u0131k ama benim h\u00e2l\u00e2 denizk\u0131z\u0131n\u0131n yok olma ihtimalini idrak edemedi\u011fim zamanlar\u0131md\u0131. \u00c7ocuk da olsak ya\u015fant\u0131m\u0131zda olup bitenlere atfetti\u011fimiz de\u011ferler vard\u0131. Suna\u2019n\u0131nkilerle benimkilerin birebir denk d\u00fc\u015fmemesi ola\u011fand\u0131. \u0130nsan do\u011fal olarak daha on ikisinde bu kan\u0131ya v\u00e2k\u0131f olam\u0131yordu. Bu sebeple Suna\u2019n\u0131n bana inanmay\u0131\u015f\u0131na k\u0131z\u0131yordum. Onun masal dedi\u011fi, \u201cYine r\u00fcya g\u00f6rm\u00fc\u015fs\u00fcn,\u201d diyerek ge\u00e7i\u015ftirdi\u011fi, var ya da yok olmas\u0131n\u0131n hayat\u0131nda \u00f6zel bir etki yaratmad\u0131\u011f\u0131 denizk\u0131z\u0131, annemle babamdan bana kaland\u0131. \u00dcstelik onlar tek bir s\u00f6z bile s\u00f6ylemeden arkalar\u0131nda b\u0131rakm\u0131\u015fken beni; denizk\u0131z\u0131, d\u00f6nece\u011finin s\u00f6z\u00fcn\u00fc verip gitmi\u015fti ve hi\u00e7bir mant\u0131k bunun aksini ispatlayamazd\u0131. \u00c7\u00fcnk\u00fc bir \u00e7ocuk neye inan\u0131yorsa ger\u00e7ek oydu.   Ece Eskik\u00f6y, Suna ve Derin\u2019in \u00e7ocukluk y\u0131llar\u0131ndan ba\u015flayan hik\u00e2yelerinin arka plan\u0131nda; ruhlarda iz b\u0131rakan an\u0131lar\u0131n girdab\u0131nda evrimle\u015fen dostluklara, hayal k\u0131r\u0131kl\u0131klar\u0131na, a\u015fklara yer veriyor. \u015eiirsel dili ve ak\u0131lda kalan betimlemeleriyle okurunun kalbine ula\u015fmay\u0131 ise zahmetsizce ba\u015far\u0131yor. <\/p>\n","protected":false},"excerpt":{"rendered":"<p>\u0130kimiz de ayn\u0131 ya\u015ftayd\u0131k ama benim h\u00e2l\u00e2 denizk\u0131z\u0131n\u0131n yok olma ihtimalini idrak edemedi\u011fim zamanlar\u0131md\u0131. \u00c7ocuk da olsak ya\u015fant\u0131m\u0131zda olup bitenlere atfetti\u011fimiz de\u011ferler vard\u0131. Suna\u2019n\u0131nkilerle benimkilerin birebir<span class=\"excerpt-hellip\"> [\u2026]<\/span><\/p>\n","protected":false},"featured_media":0,"template":"","meta":{"_monsterinsights_skip_tracking":false,"_monsterinsights_sitenote_active":false,"_monsterinsights_sitenote_note":"","_monsterinsights_sitenote_category":0},"product_brand":[],"product_cat":[12291,12711],"product_tag":[],"class_list":{"0":"post-744798","1":"product","2":"type-product","3":"status-publish","5":"product_cat-edebiyat","6":"product_cat-roman-oyku","7":"pa_cilt-ciltsiz","8":"pa_tur-kitap","9":"pa_yayinevi-luna-yayinlari","10":"pa_yazar-ece-eskikoy","12":"first","13":"instock","14":"sale","15":"shipping-taxable","16":"purchasable","17":"product-type-simple"},"_links":{"self":[{"href":"https:\/\/roveyayinevi.com.tr\/index.php\/wp-json\/wp\/v2\/product\/744798","targetHints":{"allow":["GET"]}}],"collection":[{"href":"https:\/\/roveyayinevi.com.tr\/index.php\/wp-json\/wp\/v2\/product"}],"about":[{"href":"https:\/\/roveyayinevi.com.tr\/index.php\/wp-json\/wp\/v2\/types\/product"}],"wp:attachment":[{"href":"https:\/\/roveyayinevi.com.tr\/index.php\/wp-json\/wp\/v2\/media?parent=744798"}],"wp:term":[{"taxonomy":"product_brand","embeddable":true,"href":"https:\/\/roveyayinevi.com.tr\/index.php\/wp-json\/wp\/v2\/product_brand?post=744798"},{"taxonomy":"product_cat","embeddable":true,"href":"https:\/\/roveyayinevi.com.tr\/index.php\/wp-json\/wp\/v2\/product_cat?post=744798"},{"taxonomy":"product_tag","embeddable":true,"href":"https:\/\/roveyayinevi.com.tr\/index.php\/wp-json\/wp\/v2\/product_tag?post=744798"}],"curies":[{"name":"wp","href":"https:\/\/api.w.org\/{rel}","templated":true}]}}