{"id":744796,"date":"2025-08-28T02:04:57","date_gmt":"2025-08-27T23:04:57","guid":{"rendered":"https:\/\/roveyayinevi.com.tr\/index.php\/urun\/elifsizligin-surukleyici-oykusu\/"},"modified":"2026-04-15T03:06:57","modified_gmt":"2026-04-15T00:06:57","slug":"elifsizligin-surukleyici-oykusu","status":"publish","type":"product","link":"https:\/\/roveyayinevi.com.tr\/index.php\/urun\/elifsizligin-surukleyici-oykusu\/","title":{"rendered":"Elifsizli\u011fin S\u00fcr\u00fckleyici \u00d6yk\u00fcs\u00fc"},"content":{"rendered":"<p>Lipogram, alfabedeki belirli bir harfin kullan\u0131lmamas\u0131 suretiyle uygulanan bir yaz\u0131m tekni\u011fidir. Bu metinde lipogram tekni\u011fi \u00e7er\u00e7evesinde yer verilmeyen harfin bir sesli harf, \u00fcstelik \u201cA\u201d harfi gibi alfabemizin en s\u0131k kullan\u0131lan sesli harfi oldu\u011fu d\u00fc\u015f\u00fcn\u00fcld\u00fc\u011f\u00fcnde, okurun akl\u0131na ister istemez \u00f6ncelikle bu hacimde bir roman\u0131 b\u00f6ylesi bir k\u0131s\u0131tla kaleme alm\u0131\u015f olman\u0131n ne denli \u00e7etin bir yaz\u0131m ser\u00fcveni olmu\u015f olabilece\u011fi geliyor. Neden sonra okur, g\u00fczide T\u00fcrk\u00e7emizin, \u201cA\u201d harfini kullanmadan dahi \u201csuya sabuna\u201d ve \u201ck\u00f6p\u00fc\u011fe\u201d dokunmaya yetecek denli zengin oldu\u011fu ger\u00e7e\u011fine tan\u0131k oluyor. Neden sonra? Elbette ki bu roman\u0131 okuduktan sonra&#8230;   Postmodernist a\u00e7\u0131l\u0131mlar, kelime oyunlar\u0131, s\u00f6z sanatlar\u0131 ve e\u015fsiz bir \u201ckarnaval&#8230;\u201d Elifsizli\u011fin S\u00fcr\u00fckleyici \u00d6yk\u00fcs\u00fc, farkl\u0131 metinler okuman\u0131n zevkine nail olmu\u015f edebiyat okuru i\u00e7in. <\/p>\n","protected":false},"excerpt":{"rendered":"<p>Lipogram, alfabedeki belirli bir harfin kullan\u0131lmamas\u0131 suretiyle uygulanan bir yaz\u0131m tekni\u011fidir. Bu metinde lipogram tekni\u011fi \u00e7er\u00e7evesinde yer verilmeyen harfin bir sesli harf, \u00fcstelik \u201cA\u201d harfi gibi<span class=\"excerpt-hellip\"> [\u2026]<\/span><\/p>\n","protected":false},"featured_media":0,"template":"","meta":{"_monsterinsights_skip_tracking":false,"_monsterinsights_sitenote_active":false,"_monsterinsights_sitenote_note":"","_monsterinsights_sitenote_category":0},"product_brand":[],"product_cat":[12291,12711],"product_tag":[],"class_list":{"0":"post-744796","1":"product","2":"type-product","3":"status-publish","5":"product_cat-edebiyat","6":"product_cat-roman-oyku","7":"pa_cilt-ciltsiz","8":"pa_tur-kitap","9":"pa_yayinevi-luna-yayinlari","10":"pa_yazar-ahmet-furkan-ustun","12":"first","13":"instock","14":"sale","15":"shipping-taxable","16":"purchasable","17":"product-type-simple"},"_links":{"self":[{"href":"https:\/\/roveyayinevi.com.tr\/index.php\/wp-json\/wp\/v2\/product\/744796","targetHints":{"allow":["GET"]}}],"collection":[{"href":"https:\/\/roveyayinevi.com.tr\/index.php\/wp-json\/wp\/v2\/product"}],"about":[{"href":"https:\/\/roveyayinevi.com.tr\/index.php\/wp-json\/wp\/v2\/types\/product"}],"wp:attachment":[{"href":"https:\/\/roveyayinevi.com.tr\/index.php\/wp-json\/wp\/v2\/media?parent=744796"}],"wp:term":[{"taxonomy":"product_brand","embeddable":true,"href":"https:\/\/roveyayinevi.com.tr\/index.php\/wp-json\/wp\/v2\/product_brand?post=744796"},{"taxonomy":"product_cat","embeddable":true,"href":"https:\/\/roveyayinevi.com.tr\/index.php\/wp-json\/wp\/v2\/product_cat?post=744796"},{"taxonomy":"product_tag","embeddable":true,"href":"https:\/\/roveyayinevi.com.tr\/index.php\/wp-json\/wp\/v2\/product_tag?post=744796"}],"curies":[{"name":"wp","href":"https:\/\/api.w.org\/{rel}","templated":true}]}}