{"id":744795,"date":"2025-08-28T02:04:56","date_gmt":"2025-08-27T23:04:56","guid":{"rendered":"https:\/\/roveyayinevi.com.tr\/index.php\/urun\/iki-sair-bir-kitap\/"},"modified":"2026-04-16T02:56:42","modified_gmt":"2026-04-15T23:56:42","slug":"iki-sair-bir-kitap","status":"publish","type":"product","link":"https:\/\/roveyayinevi.com.tr\/index.php\/urun\/iki-sair-bir-kitap\/","title":{"rendered":"\u0130ki \u015eair Bir Kitap"},"content":{"rendered":"<p>\u0130ki \u015fairi bu kitapta bir araya getirdik. \u0130ki \u015eair Bir Kitap\u2019\u0131n ilk b\u00f6l\u00fcm\u00fcnde bir \u015fiir yazma rehberi yer al\u0131yor, di\u011fer b\u00f6l\u00fcm\u00fcnde ise kitab\u0131n yazar\u0131 G\u00fclsemin Kucba\u2019n\u0131n \u015fiirleri. Bu \u015fiir yazma rehberi, hayal g\u00fcc\u00fcn\u00fcz\u00fc harekete ge\u00e7irip kalemlerinizi \u015fiirle bulu\u015fturmak i\u00e7in haz\u0131rland\u0131. Yarat\u0131c\u0131 yazma \u00e7al\u0131\u015fmalar\u0131yla \u015fiir yazman\u0131n inceliklerini uygulamal\u0131 olarak g\u00f6recek, duygular\u0131n \u015fiirlerle nas\u0131l aktar\u0131ld\u0131\u011f\u0131na tan\u0131kl\u0131k edeceksiniz. Bu yolculukta size bilgi ve deneyimleriyle Karga Feyruz e\u015flik edecek. Haydi, s\u00f6zc\u00fckler \u015fiirlerini bekliyor.<\/p>\n","protected":false},"excerpt":{"rendered":"<p>\u0130ki \u015fairi bu kitapta bir araya getirdik. \u0130ki \u015eair Bir Kitap\u2019\u0131n ilk b\u00f6l\u00fcm\u00fcnde bir \u015fiir yazma rehberi yer al\u0131yor, di\u011fer b\u00f6l\u00fcm\u00fcnde ise kitab\u0131n yazar\u0131 G\u00fclsemin Kucba\u2019n\u0131n<span class=\"excerpt-hellip\"> [\u2026]<\/span><\/p>\n","protected":false},"featured_media":0,"template":"","meta":{"_monsterinsights_skip_tracking":false,"_monsterinsights_sitenote_active":false,"_monsterinsights_sitenote_note":"","_monsterinsights_sitenote_category":0},"product_brand":[],"product_cat":[12275,12274],"product_tag":[],"class_list":{"0":"post-744795","1":"product","2":"type-product","3":"status-publish","5":"product_cat-6-12-yas-kitaplari","6":"product_cat-cocuk-ve-genclik-kitaplari","7":"pa_cilt-ciltsiz","8":"pa_tur-kitap","9":"pa_yayinevi-abm-yayinevi","10":"pa_yazar-o-cagla-acar-gulsemin-kucba","12":"first","13":"instock","14":"sale","15":"shipping-taxable","16":"purchasable","17":"product-type-simple"},"_links":{"self":[{"href":"https:\/\/roveyayinevi.com.tr\/index.php\/wp-json\/wp\/v2\/product\/744795","targetHints":{"allow":["GET"]}}],"collection":[{"href":"https:\/\/roveyayinevi.com.tr\/index.php\/wp-json\/wp\/v2\/product"}],"about":[{"href":"https:\/\/roveyayinevi.com.tr\/index.php\/wp-json\/wp\/v2\/types\/product"}],"wp:attachment":[{"href":"https:\/\/roveyayinevi.com.tr\/index.php\/wp-json\/wp\/v2\/media?parent=744795"}],"wp:term":[{"taxonomy":"product_brand","embeddable":true,"href":"https:\/\/roveyayinevi.com.tr\/index.php\/wp-json\/wp\/v2\/product_brand?post=744795"},{"taxonomy":"product_cat","embeddable":true,"href":"https:\/\/roveyayinevi.com.tr\/index.php\/wp-json\/wp\/v2\/product_cat?post=744795"},{"taxonomy":"product_tag","embeddable":true,"href":"https:\/\/roveyayinevi.com.tr\/index.php\/wp-json\/wp\/v2\/product_tag?post=744795"}],"curies":[{"name":"wp","href":"https:\/\/api.w.org\/{rel}","templated":true}]}}