{"id":744794,"date":"2025-08-28T02:04:55","date_gmt":"2025-08-27T23:04:55","guid":{"rendered":"https:\/\/roveyayinevi.com.tr\/index.php\/urun\/akasyali-meydanin-cocuklari\/"},"modified":"2026-04-16T02:56:42","modified_gmt":"2026-04-15T23:56:42","slug":"akasyali-meydanin-cocuklari","status":"publish","type":"product","link":"https:\/\/roveyayinevi.com.tr\/index.php\/urun\/akasyali-meydanin-cocuklari\/","title":{"rendered":"Akasyal\u0131 Meydan\u0131n \u00c7ocuklar\u0131"},"content":{"rendered":"<p>\u0130nsan gibidir a\u011fa\u00e7lar, sevgiyle b\u00fcy\u00fcrler. E\u011fitimci, yazar Hatice Demir, \u00e7ocuklar i\u00e7in yazd\u0131\u011f\u0131 ilk kitab\u0131nda, okurlar\u0131n\u0131 bir k\u00f6y meydan\u0131na, ya\u015fl\u0131 bir akasya a\u011fac\u0131n\u0131n g\u00f6lgesine konuk ediyor. \u0130ncelikli \u00fcslubu, duru ve yal\u0131n anlat\u0131m\u0131yla dikkati \u00e7eken yazar, k\u00f6y\u00fcn ge\u00e7mi\u015finde sakl\u0131 bir hik\u00e2yeyi, \u00e7ocuklar\u0131n sevin\u00e7li, merakl\u0131, renkli ya\u015famlar\u0131na kat\u0131yor. T\u00fcrl\u00fc oyunlar oynayan \u00e7ocuklar\u0131n ne\u015feli seslerini duyulur k\u0131lan naif roman, sevgi, anlay\u0131\u015f, yard\u0131mla\u015fma gibi insan\u0131 y\u00fccelten iyi duygular\u0131n de\u011ferini f\u0131s\u0131ld\u0131yor. K\u00f6y\u00fcn meydan\u0131nda y\u0131llara meydan okuyan akasya a\u011fac\u0131 f\u0131rt\u0131nada devrilince, onun g\u00f6lgesine s\u0131\u011f\u0131nmaya al\u0131\u015f\u0131k herkes \u015fa\u015f\u0131r\u0131r. \u00dcstelik, a\u011fac\u0131n g\u00f6vdesinde umulmad\u0131k bir \u015fey sakl\u0131d\u0131r. Her g\u00fcn gelip, kimseyle konu\u015fmadan akasyan\u0131n alt\u0131nda oturan Mustafa Amca da art\u0131k ortal\u0131kta g\u00f6r\u00fcnmezolur. Ayber ve Efe, onun sessiz yaln\u0131zl\u0131\u011f\u0131ndan \u00fcrkseler de, ihtiyar\u0131n a\u011fa\u00e7la yak\u0131nl\u0131\u011f\u0131n\u0131 merak ederler. \u00c7ocuklar\u0131n yard\u0131mseverli\u011fi sayesinde ge\u00e7mi\u015fin an\u0131lar\u0131 \u00e7i\u00e7eklenmeye, a\u011fac\u0131n gizemi \u00e7\u00f6z\u00fclmeye ba\u015flayacakt\u0131r\u2026<\/p>\n","protected":false},"excerpt":{"rendered":"<p>\u0130nsan gibidir a\u011fa\u00e7lar, sevgiyle b\u00fcy\u00fcrler. E\u011fitimci, yazar Hatice Demir, \u00e7ocuklar i\u00e7in yazd\u0131\u011f\u0131 ilk kitab\u0131nda, okurlar\u0131n\u0131 bir k\u00f6y meydan\u0131na, ya\u015fl\u0131 bir akasya a\u011fac\u0131n\u0131n g\u00f6lgesine konuk ediyor. \u0130ncelikli<span class=\"excerpt-hellip\"> [\u2026]<\/span><\/p>\n","protected":false},"featured_media":0,"template":"","meta":{"_monsterinsights_skip_tracking":false,"_monsterinsights_sitenote_active":false,"_monsterinsights_sitenote_note":"","_monsterinsights_sitenote_category":0},"product_brand":[],"product_cat":[12274,12284],"product_tag":[],"class_list":{"0":"post-744794","1":"product","2":"type-product","3":"status-publish","5":"product_cat-cocuk-ve-genclik-kitaplari","6":"product_cat-hikayeler","7":"pa_cilt-ciltsiz","8":"pa_tur-kitap","9":"pa_yayinevi-gunisigi-kitapligi","10":"pa_yazar-hatice-demir","12":"first","13":"instock","14":"sale","15":"shipping-taxable","16":"purchasable","17":"product-type-simple"},"_links":{"self":[{"href":"https:\/\/roveyayinevi.com.tr\/index.php\/wp-json\/wp\/v2\/product\/744794","targetHints":{"allow":["GET"]}}],"collection":[{"href":"https:\/\/roveyayinevi.com.tr\/index.php\/wp-json\/wp\/v2\/product"}],"about":[{"href":"https:\/\/roveyayinevi.com.tr\/index.php\/wp-json\/wp\/v2\/types\/product"}],"wp:attachment":[{"href":"https:\/\/roveyayinevi.com.tr\/index.php\/wp-json\/wp\/v2\/media?parent=744794"}],"wp:term":[{"taxonomy":"product_brand","embeddable":true,"href":"https:\/\/roveyayinevi.com.tr\/index.php\/wp-json\/wp\/v2\/product_brand?post=744794"},{"taxonomy":"product_cat","embeddable":true,"href":"https:\/\/roveyayinevi.com.tr\/index.php\/wp-json\/wp\/v2\/product_cat?post=744794"},{"taxonomy":"product_tag","embeddable":true,"href":"https:\/\/roveyayinevi.com.tr\/index.php\/wp-json\/wp\/v2\/product_tag?post=744794"}],"curies":[{"name":"wp","href":"https:\/\/api.w.org\/{rel}","templated":true}]}}