{"id":744793,"date":"2025-08-28T02:04:54","date_gmt":"2025-08-27T23:04:54","guid":{"rendered":"https:\/\/roveyayinevi.com.tr\/index.php\/urun\/kendime-duseni-yaparak-mutlu-olmak-istiyorum\/"},"modified":"2026-04-11T14:13:50","modified_gmt":"2026-04-11T11:13:50","slug":"kendime-duseni-yaparak-mutlu-olmak-istiyorum","status":"publish","type":"product","link":"https:\/\/roveyayinevi.com.tr\/index.php\/urun\/kendime-duseni-yaparak-mutlu-olmak-istiyorum\/","title":{"rendered":"Kendime D\u00fc\u015feni Yaparak Mutlu Olmak \u0130stiyorum"},"content":{"rendered":"<p>\u201cBir C\u00fcmle Bir Hakikat\u201d Adeta sat\u0131r sat\u0131r yazd\u0131\u011f\u0131m\u0131z hayat kitab\u0131m\u0131zda, g\u00f6nl\u00fcm\u00fcze misafir olan de\u011ferlerimiz, hayat\u0131m\u0131z\u0131 \u00e7i\u00e7ek bah\u00e7esine \u00e7evirmeye adayd\u0131r. Bu; s\u0131k\u0131nt\u0131 \u00e7ekmemek, insanlar\u0131 de\u011fi\u015ftirebilmek ya da konforumuzu her daim devam ettirebilmek manas\u0131nda de\u011fildir. Her durumun bir hikmet i\u00e7erdi\u011fini ve bizi olgunla\u015ft\u0131rarak daha k\u00e2mil bir insan olmaya y\u00fcceltti\u011fini \u00f6\u011frendi\u011fimizde; var olman\u0131n anlam\u0131n\u0131 yakalar ve kendimizi de\u011fi\u015ftirebilmenin ula\u015f\u0131labilecek bir makam oldu\u011funu kavrar\u0131z. \u00d6\u011frenmek, i\u015fte bunlar\u0131 ve daha ba\u015fka de\u011ferleri bize kazand\u0131r\u0131r. Do\u011fru bir ya\u015fay\u0131\u015f\u0131 acil bir ihtiyac\u0131m\u0131z olarak g\u00f6rd\u00fck\u00e7e, bunun yollar\u0131n\u0131 ve y\u00f6ntemini arad\u0131k\u00e7a; b\u00fct\u00fcn d\u00fcnya bizim se\u00e7ici alg\u0131m\u0131za hikmetli olan\u0131 sunacakt\u0131r. Bilelim ki, hayat\u0131m\u0131z\u0131 sadece biz onarabiliriz. Onun i\u00e7in en acil ihtiyac\u0131m\u0131z, bizi do\u011fru yap\u0131land\u0131racak bilgi ve \u00e7evredir. \u00d6\u011frenerek, \u00f6\u011frendiklerimizden do\u011fru bir hayat modeli olu\u015fturmaya bizi i\u00e7ten g\u00fc\u00e7lendirmeye, geli\u015ftirmeye, ba\u015fta kendimiz olmak \u00fczere yarat\u0131lan her \u015feyi sevmeye ve de\u011fer katmaya ho\u015f geldiniz.   Bu kitap; sat\u0131rlar\u0131n aras\u0131ndan y\u00fcre\u011finize dokunmaya aday. \u00d6\u011frenmeye haz\u0131r zihinlere \u0131\u015f\u0131k tutabilmek niyeti ve duas\u0131yla. <\/p>\n","protected":false},"excerpt":{"rendered":"<p>\u201cBir C\u00fcmle Bir Hakikat\u201d Adeta sat\u0131r sat\u0131r yazd\u0131\u011f\u0131m\u0131z hayat kitab\u0131m\u0131zda, g\u00f6nl\u00fcm\u00fcze misafir olan de\u011ferlerimiz, hayat\u0131m\u0131z\u0131 \u00e7i\u00e7ek bah\u00e7esine \u00e7evirmeye adayd\u0131r. Bu; s\u0131k\u0131nt\u0131 \u00e7ekmemek, insanlar\u0131 de\u011fi\u015ftirebilmek ya da<span class=\"excerpt-hellip\"> [\u2026]<\/span><\/p>\n","protected":false},"featured_media":0,"template":"","meta":{"_monsterinsights_skip_tracking":false,"_monsterinsights_sitenote_active":false,"_monsterinsights_sitenote_note":"","_monsterinsights_sitenote_category":0},"product_brand":[],"product_cat":[12364,12376],"product_tag":[],"class_list":{"0":"post-744793","1":"product","2":"type-product","3":"status-publish","5":"product_cat-genel-konular","6":"product_cat-kisisel-gelisim","7":"pa_cilt-ciltsiz","8":"pa_tur-kitap","9":"pa_yayinevi-hayat-yayinlari","10":"pa_yazar-saliha-erdim","12":"first","13":"instock","14":"sale","15":"shipping-taxable","16":"purchasable","17":"product-type-simple"},"_links":{"self":[{"href":"https:\/\/roveyayinevi.com.tr\/index.php\/wp-json\/wp\/v2\/product\/744793","targetHints":{"allow":["GET"]}}],"collection":[{"href":"https:\/\/roveyayinevi.com.tr\/index.php\/wp-json\/wp\/v2\/product"}],"about":[{"href":"https:\/\/roveyayinevi.com.tr\/index.php\/wp-json\/wp\/v2\/types\/product"}],"wp:attachment":[{"href":"https:\/\/roveyayinevi.com.tr\/index.php\/wp-json\/wp\/v2\/media?parent=744793"}],"wp:term":[{"taxonomy":"product_brand","embeddable":true,"href":"https:\/\/roveyayinevi.com.tr\/index.php\/wp-json\/wp\/v2\/product_brand?post=744793"},{"taxonomy":"product_cat","embeddable":true,"href":"https:\/\/roveyayinevi.com.tr\/index.php\/wp-json\/wp\/v2\/product_cat?post=744793"},{"taxonomy":"product_tag","embeddable":true,"href":"https:\/\/roveyayinevi.com.tr\/index.php\/wp-json\/wp\/v2\/product_tag?post=744793"}],"curies":[{"name":"wp","href":"https:\/\/api.w.org\/{rel}","templated":true}]}}