{"id":744792,"date":"2025-08-28T02:04:52","date_gmt":"2025-08-27T23:04:52","guid":{"rendered":"https:\/\/roveyayinevi.com.tr\/index.php\/urun\/beden-izcisi\/"},"modified":"2026-04-16T02:56:42","modified_gmt":"2026-04-15T23:56:42","slug":"beden-izcisi","status":"publish","type":"product","link":"https:\/\/roveyayinevi.com.tr\/index.php\/urun\/beden-izcisi\/","title":{"rendered":"Beden \u0130zcisi"},"content":{"rendered":"<p>Gelecekte, istedi\u011finiz herhangi bir bedene sahip olabilirsiniz. Tabii paran\u0131z yetti\u011fi s\u00fcrece\u2026   B\u00fcy\u00fck ila\u00e7 firmalar\u0131n\u0131n beyzbol tak\u0131mlar\u0131 i\u00e7in geneti\u011fi de\u011fi\u015ftirilmi\u015f en son yetenekleri ara\u015ft\u0131ran Kobo, iklim de\u011fi\u015fikli\u011fi ve tekrar eden pandemilerle harap olan New York\u2019ta zar zor ge\u00e7inebilmektedir. On y\u0131l\u0131 a\u015fk\u0131n s\u00fcredir kulland\u0131\u011f\u0131 siberneti\u011fin g\u00fcncellenmesi gerekti\u011fi i\u00e7in de tefeci ikiz karde\u015flere muhta\u00e7t\u0131r. \u00d6te yandan d\u00f6nemin en iyi siber-beyzbolcusu olan erkek karde\u015fi JJ Zunz evinde \u00f6l\u00fc bulunur\u2026   Katili bulmaya kararl\u0131 olan Kobo, geneti\u011fi de\u011fi\u015ftirilmi\u015f CEO\u2019lar\u0131n ve filozof Neandertallerin oldu\u011fu, modifiye edilmi\u015f organlar\u0131n ticaretinin yap\u0131ld\u0131\u011f\u0131 arka sokaklara dalar ve kendini tahmin etti\u011finden \u00e7ok daha yozla\u015fm\u0131\u015f bir d\u00fcnyan\u0131n i\u00e7inde bulur.   Kobo, organlar\u0131n\u0131 en y\u00fcksek teklifi verene satan insanlar\u0131n oldu\u011fu bu kaotik d\u00fcnyada bedeniyle ruhunu bir arada tutarak ama\u00e7lar\u0131na ula\u015fabilecek midir?   Esquire dergisinin t\u00fcm zamanlar\u0131n en iyi 50 bilimkurgu roman\u0131 aras\u0131nda g\u00f6sterdi\u011fi Beden \u0130zcisi\u2019nde tasvir edilen yak\u0131n gelecekteki d\u00fcnyam\u0131z\u0131 okurken deh\u015fete kap\u0131lacaks\u0131n\u0131z!   \u201c\u00c7arp\u0131c\u0131, keskin hatlar\u0131 olan kurgusal bir d\u00fcnyan\u0131n \u00fcr\u00fcn\u00fc, temposu hi\u00e7 d\u00fc\u015fmeyen, nefes kesici bir tekno gerilim.\u201d \u2013ESQUIRE <\/p>\n","protected":false},"excerpt":{"rendered":"<p>Gelecekte, istedi\u011finiz herhangi bir bedene sahip olabilirsiniz. Tabii paran\u0131z yetti\u011fi s\u00fcrece\u2026 B\u00fcy\u00fck ila\u00e7 firmalar\u0131n\u0131n beyzbol tak\u0131mlar\u0131 i\u00e7in geneti\u011fi de\u011fi\u015ftirilmi\u015f en son yetenekleri ara\u015ft\u0131ran Kobo, iklim de\u011fi\u015fikli\u011fi<span class=\"excerpt-hellip\"> [\u2026]<\/span><\/p>\n","protected":false},"featured_media":0,"template":"","meta":{"_monsterinsights_skip_tracking":false,"_monsterinsights_sitenote_active":false,"_monsterinsights_sitenote_note":"","_monsterinsights_sitenote_category":0},"product_brand":[],"product_cat":[12540,12291],"product_tag":[],"class_list":{"0":"post-744792","1":"product","2":"type-product","3":"status-publish","5":"product_cat-bilim-kurgu","6":"product_cat-edebiyat","7":"pa_cilt-ciltsiz","8":"pa_tur-kitap","9":"pa_yayinevi-the-kitap","10":"pa_yazar-lincoln-michel","12":"first","13":"instock","14":"sale","15":"shipping-taxable","16":"purchasable","17":"product-type-simple"},"_links":{"self":[{"href":"https:\/\/roveyayinevi.com.tr\/index.php\/wp-json\/wp\/v2\/product\/744792","targetHints":{"allow":["GET"]}}],"collection":[{"href":"https:\/\/roveyayinevi.com.tr\/index.php\/wp-json\/wp\/v2\/product"}],"about":[{"href":"https:\/\/roveyayinevi.com.tr\/index.php\/wp-json\/wp\/v2\/types\/product"}],"wp:attachment":[{"href":"https:\/\/roveyayinevi.com.tr\/index.php\/wp-json\/wp\/v2\/media?parent=744792"}],"wp:term":[{"taxonomy":"product_brand","embeddable":true,"href":"https:\/\/roveyayinevi.com.tr\/index.php\/wp-json\/wp\/v2\/product_brand?post=744792"},{"taxonomy":"product_cat","embeddable":true,"href":"https:\/\/roveyayinevi.com.tr\/index.php\/wp-json\/wp\/v2\/product_cat?post=744792"},{"taxonomy":"product_tag","embeddable":true,"href":"https:\/\/roveyayinevi.com.tr\/index.php\/wp-json\/wp\/v2\/product_tag?post=744792"}],"curies":[{"name":"wp","href":"https:\/\/api.w.org\/{rel}","templated":true}]}}