{"id":744791,"date":"2025-08-28T02:04:51","date_gmt":"2025-08-27T23:04:51","guid":{"rendered":"https:\/\/roveyayinevi.com.tr\/index.php\/urun\/cakal-karpuzu\/"},"modified":"2026-04-16T02:56:42","modified_gmt":"2026-04-15T23:56:42","slug":"cakal-karpuzu","status":"publish","type":"product","link":"https:\/\/roveyayinevi.com.tr\/index.php\/urun\/cakal-karpuzu\/","title":{"rendered":"\u00c7akal Karpuzu"},"content":{"rendered":"<p>Nark\u00f6y ve Nar E\u011fitim\u2019in kurucu orta\u011f\u0131 olan Ozan Ku\u015fcu\u2019nun y\u0131llar boyu do\u011fayla, insanlarla ve hayvanlarla kurdu\u011fu ileti\u015fim sayesinde \u00f6\u011frendiklerini aktard\u0131\u011f\u0131 keyifli, ger\u00e7ek ve samimi hikayeler okuyucusuyla bulu\u015fuyor.   Ekosistemin sundu\u011fu \u00f6\u011fretilerin payla\u015f\u0131ld\u0131\u011f\u0131 bu kitapta bilgi, en saf kaynaktan, do\u011fan\u0131n kendisinden bizlere ula\u015f\u0131yor.   Hayata dair her bir hik\u00e2yenin sonunda yer alan kendime notlar b\u00f6l\u00fcm\u00fcne i\u00e7inizden akanlar\u0131, size kalanlar\u0131 yaz\u0131n. Bakal\u0131m nelere ilham olup, hangi kap\u0131lar\u0131 size a\u00e7acak\u2026 <\/p>\n","protected":false},"excerpt":{"rendered":"<p>Nark\u00f6y ve Nar E\u011fitim\u2019in kurucu orta\u011f\u0131 olan Ozan Ku\u015fcu\u2019nun y\u0131llar boyu do\u011fayla, insanlarla ve hayvanlarla kurdu\u011fu ileti\u015fim sayesinde \u00f6\u011frendiklerini aktard\u0131\u011f\u0131 keyifli, ger\u00e7ek ve samimi hikayeler okuyucusuyla<span class=\"excerpt-hellip\"> [\u2026]<\/span><\/p>\n","protected":false},"featured_media":0,"template":"","meta":{"_monsterinsights_skip_tracking":false,"_monsterinsights_sitenote_active":false,"_monsterinsights_sitenote_note":"","_monsterinsights_sitenote_category":0},"product_brand":[],"product_cat":[12291,18202],"product_tag":[],"class_list":{"0":"post-744791","1":"product","2":"type-product","3":"status-publish","5":"product_cat-edebiyat","6":"product_cat-hikaye","7":"pa_cilt-ciltsiz","8":"pa_tur-kitap","9":"pa_yayinevi-nar-sahne-yayinlari","10":"pa_yazar-ozan-kuscu","12":"first","13":"instock","14":"sale","15":"shipping-taxable","16":"purchasable","17":"product-type-simple"},"_links":{"self":[{"href":"https:\/\/roveyayinevi.com.tr\/index.php\/wp-json\/wp\/v2\/product\/744791","targetHints":{"allow":["GET"]}}],"collection":[{"href":"https:\/\/roveyayinevi.com.tr\/index.php\/wp-json\/wp\/v2\/product"}],"about":[{"href":"https:\/\/roveyayinevi.com.tr\/index.php\/wp-json\/wp\/v2\/types\/product"}],"wp:attachment":[{"href":"https:\/\/roveyayinevi.com.tr\/index.php\/wp-json\/wp\/v2\/media?parent=744791"}],"wp:term":[{"taxonomy":"product_brand","embeddable":true,"href":"https:\/\/roveyayinevi.com.tr\/index.php\/wp-json\/wp\/v2\/product_brand?post=744791"},{"taxonomy":"product_cat","embeddable":true,"href":"https:\/\/roveyayinevi.com.tr\/index.php\/wp-json\/wp\/v2\/product_cat?post=744791"},{"taxonomy":"product_tag","embeddable":true,"href":"https:\/\/roveyayinevi.com.tr\/index.php\/wp-json\/wp\/v2\/product_tag?post=744791"}],"curies":[{"name":"wp","href":"https:\/\/api.w.org\/{rel}","templated":true}]}}