{"id":744790,"date":"2025-08-28T02:04:50","date_gmt":"2025-08-27T23:04:50","guid":{"rendered":"https:\/\/roveyayinevi.com.tr\/index.php\/urun\/kurt-ve-sirius-yildizi\/"},"modified":"2025-11-21T08:28:28","modified_gmt":"2025-11-21T05:28:28","slug":"kurt-ve-sirius-yildizi","status":"publish","type":"product","link":"https:\/\/roveyayinevi.com.tr\/index.php\/urun\/kurt-ve-sirius-yildizi\/","title":{"rendered":"Kurt ve Sirius Y\u0131ld\u0131z\u0131"},"content":{"rendered":"<p>Son d\u00f6nemlerde \u201cT\u00fcrk Mitolojisi\u201d, \u201cG\u00f6k Tanr\u0131\u2019n\u0131n G\u00f6lgesi: \u015eaman\u201d ve \u201cT\u00fcrklerde 5 Element\u201d isimli kitaplar\u0131yla ilgi g\u00f6ren Nuray Bilgili\u2019nin bu eserinde d\u00fcnya insanlar\u0131n\u0131n B\u00fcy\u00fck K\u00f6pek tak\u0131my\u0131ld\u0131z\u0131 ve Sirius y\u0131ld\u0131z\u0131na y\u00fckledi\u011fi anlam\u0131 ve aralar\u0131ndaki \u015fa\u015f\u0131rt\u0131c\u0131 benzerli\u011fi g\u00f6receksiniz. Tarih\u00ee kay\u0131tlara g\u00f6re Sirius\u2019un T\u00fcrkler ile nas\u0131l \u00f6zde\u015fle\u015ftirildi\u011fini ve bizim i\u00e7in ata ve ana hayvan olan Mavi Kurt\u2019un kozmik ser\u00fcvenini izleyeceksiniz. Mitolojik s\u00f6ylencelerdeki arketiplerin gizemini \u00e7\u00f6zmek, ard\u0131ndaki as\u0131l ger\u00e7e\u011fi g\u00f6rmek ve mant\u0131\u011f\u0131n\u0131 anlamak istiyorsan\u0131z elinizdeki kitap tam size g\u00f6re\u2026 <\/p>\n","protected":false},"excerpt":{"rendered":"<p>Son d\u00f6nemlerde \u201cT\u00fcrk Mitolojisi\u201d, \u201cG\u00f6k Tanr\u0131\u2019n\u0131n G\u00f6lgesi: \u015eaman\u201d ve \u201cT\u00fcrklerde 5 Element\u201d isimli kitaplar\u0131yla ilgi g\u00f6ren Nuray Bilgili\u2019nin bu eserinde d\u00fcnya insanlar\u0131n\u0131n B\u00fcy\u00fck K\u00f6pek tak\u0131my\u0131ld\u0131z\u0131 ve<span class=\"excerpt-hellip\"> [\u2026]<\/span><\/p>\n","protected":false},"featured_media":0,"template":"","meta":{"_monsterinsights_skip_tracking":false,"_monsterinsights_sitenote_active":false,"_monsterinsights_sitenote_note":"","_monsterinsights_sitenote_category":0},"product_brand":[],"product_cat":[12718,12858],"product_tag":[],"class_list":{"0":"post-744790","1":"product","2":"type-product","3":"status-publish","5":"product_cat-din","6":"product_cat-mitolojiler","7":"pa_cilt-ciltsiz","8":"pa_tur-kitap","9":"pa_yayinevi-kripto-basim-yayin","10":"pa_yazar-nuray-bilgili","12":"first","13":"instock","14":"sale","15":"shipping-taxable","16":"purchasable","17":"product-type-simple"},"_links":{"self":[{"href":"https:\/\/roveyayinevi.com.tr\/index.php\/wp-json\/wp\/v2\/product\/744790","targetHints":{"allow":["GET"]}}],"collection":[{"href":"https:\/\/roveyayinevi.com.tr\/index.php\/wp-json\/wp\/v2\/product"}],"about":[{"href":"https:\/\/roveyayinevi.com.tr\/index.php\/wp-json\/wp\/v2\/types\/product"}],"wp:attachment":[{"href":"https:\/\/roveyayinevi.com.tr\/index.php\/wp-json\/wp\/v2\/media?parent=744790"}],"wp:term":[{"taxonomy":"product_brand","embeddable":true,"href":"https:\/\/roveyayinevi.com.tr\/index.php\/wp-json\/wp\/v2\/product_brand?post=744790"},{"taxonomy":"product_cat","embeddable":true,"href":"https:\/\/roveyayinevi.com.tr\/index.php\/wp-json\/wp\/v2\/product_cat?post=744790"},{"taxonomy":"product_tag","embeddable":true,"href":"https:\/\/roveyayinevi.com.tr\/index.php\/wp-json\/wp\/v2\/product_tag?post=744790"}],"curies":[{"name":"wp","href":"https:\/\/api.w.org\/{rel}","templated":true}]}}