{"id":744789,"date":"2025-08-28T02:04:49","date_gmt":"2025-08-27T23:04:49","guid":{"rendered":"https:\/\/roveyayinevi.com.tr\/index.php\/urun\/osmanli-doneminde-mucevher-ve-ermeni-kuyumcular-2-cilt-kutulu-ciltli\/"},"modified":"2025-11-09T22:00:53","modified_gmt":"2025-11-09T19:00:53","slug":"osmanli-doneminde-mucevher-ve-ermeni-kuyumcular-2-cilt-kutulu-ciltli","status":"publish","type":"product","link":"https:\/\/roveyayinevi.com.tr\/index.php\/urun\/osmanli-doneminde-mucevher-ve-ermeni-kuyumcular-2-cilt-kutulu-ciltli\/","title":{"rendered":"Osmanl\u0131 D\u00f6neminde M\u00fccevher ve Ermeni Kuyumcular (2 Cilt Kutulu) (Ciltli)"},"content":{"rendered":"<p>\u015eehir ve kurum tarihi \u00e7al\u0131\u015fmalar\u0131yla tan\u0131nan Arsen Yarman\u2019\u0131n Osmanl\u0131 d\u00f6nemi m\u00fccevhercili\u011fi ve Ermeni kuyumcular\u0131n katk\u0131lar\u0131 hakk\u0131ndaki yeni kitab\u0131 Yap\u0131 Kredi Yay\u0131nlar\u0131 taraf\u0131ndan yay\u0131mland\u0131. Osmanl\u0131 D\u00f6neminde M\u00fccevher ve Ermeni Kuyumcular isimli, iki ciltlik bu geni\u015f kapsaml\u0131 \u00e7al\u0131\u015fma, kuyumculuk eserlerine dair zengin g\u00f6rsel malzemeye sahip. \u00c7a\u011flar boyunca ihti\u015fam\u0131n ve zenginli\u011fin sembol\u00fc olarak g\u00f6r\u00fclen m\u00fccevherlerin tarihin ve somut insan eme\u011finin bir \u00fcr\u00fcn\u00fc oldu\u011funu d\u00fc\u015f\u00fcnmek kolay de\u011fil. Oysa tozun, topra\u011f\u0131n i\u00e7inden \u00e7\u0131karak usta ellerde m\u00fccevhere d\u00f6n\u00fc\u015fen de\u011ferli cevherler, bir saraya ya da malik\u00e2neye ula\u015fana dek pek \u00e7ok insan\u0131n elinden ge\u00e7er. Yap\u0131 Kredi Yay\u0131nlar\u0131\u2019ndan \u00e7\u0131kan Arsen Yarman\u2019\u0131n haz\u0131rlad\u0131\u011f\u0131 Osmanl\u0131 D\u00f6neminde M\u00fccevher ve Ermeni Kuyumcular kitab\u0131, hem kapsad\u0131\u011f\u0131 uzun zaman s\u00fcreci (14.-20. y\u00fczy\u0131l) hem de kulland\u0131\u011f\u0131 ar\u015fiv ve kaynaklar\u0131n zenginli\u011fi sayesinde tozun topra\u011f\u0131n i\u00e7inden \u00e7\u0131kan elmas ve alt\u0131n gibi de\u011ferli cevherlerin sarraf ve kuyumcular\u0131n elinden ge\u00e7erek Osmanl\u0131 saray\u0131na, zenginlerin k\u00f6\u015fklerine kadar takip etti\u011fi uzun yolu ayd\u0131nlat\u0131yor. Osmanl\u0131 m\u00fccevhercilik-kuyumculu\u011funu tarihi bir b\u00fct\u00fcnl\u00fckte ele alan kitap, Osmanl\u0131 ar\u015fiv belgeleriyle g\u00f6rsel malzemeleri bu \u00e7er\u00e7eve i\u00e7inde b\u00fct\u00fcnle\u015ftiriyor. Bu sayede Osmanl\u0131\u2019n\u0131n kendine \u00f6zg\u00fc m\u00fccevhercilik-kuyumculuk \u00fcslubunun \u015fekillenmesinde Ermenilerin oynad\u0131klar\u0131 \u00f6nemli rol\u00fc ar\u015fiv belgeleri arac\u0131l\u0131\u011f\u0131yla takip edebilmeyi m\u00fcmk\u00fcn k\u0131lan \u00e7al\u0131\u015fma, kuyumculuk zanaat\u0131n\u0131n icra edilme ko\u015fullar\u0131n\u0131 ayr\u0131nt\u0131lar\u0131yla ele al\u0131yor. Kitab\u0131n\u0131 me\u015fakkatli bir s\u00fcre\u00e7 sonunda haz\u0131rlad\u0131\u011f\u0131n\u0131 vurgulayan Yarman, \u015funlar\u0131 s\u00f6yl\u00fcyor: &#8220;Bu kitapla cevherin nereden geldi\u011fi, nerede i\u015flendi\u011fi, m\u00fccevherin kimin taraf\u0131ndan ve nerede tasarland\u0131\u011f\u0131, kimlerin bu tasar\u0131mlar\u0131 uygulad\u0131\u011f\u0131, ortaya \u00e7\u0131kan m\u00fccevheri sarayda ve saray d\u0131\u015f\u0131nda kimlerin takt\u0131\u011f\u0131 gibi konular\u0131 incelemeye \u00e7al\u0131\u015ft\u0131k.\u201d<\/p>\n","protected":false},"excerpt":{"rendered":"<p>\u015eehir ve kurum tarihi \u00e7al\u0131\u015fmalar\u0131yla tan\u0131nan Arsen Yarman\u2019\u0131n Osmanl\u0131 d\u00f6nemi m\u00fccevhercili\u011fi ve Ermeni kuyumcular\u0131n katk\u0131lar\u0131 hakk\u0131ndaki yeni kitab\u0131 Yap\u0131 Kredi Yay\u0131nlar\u0131 taraf\u0131ndan yay\u0131mland\u0131. Osmanl\u0131 D\u00f6neminde M\u00fccevher<span class=\"excerpt-hellip\"> [\u2026]<\/span><\/p>\n","protected":false},"featured_media":0,"template":"","meta":{"_monsterinsights_skip_tracking":false,"_monsterinsights_sitenote_active":false,"_monsterinsights_sitenote_note":"","_monsterinsights_sitenote_category":0},"product_brand":[],"product_cat":[13517,12304],"product_tag":[],"class_list":{"0":"post-744789","1":"product","2":"type-product","3":"status-publish","5":"product_cat-osmanli-tarihi","6":"product_cat-tarih","7":"pa_cilt-ciltli","8":"pa_tur-kitap","9":"pa_yayinevi-yapi-kredi-yayinlari-ozel-basim","10":"pa_yazar-arsen-yarman","12":"first","13":"outofstock","14":"sale","15":"shipping-taxable","16":"purchasable","17":"product-type-simple"},"_links":{"self":[{"href":"https:\/\/roveyayinevi.com.tr\/index.php\/wp-json\/wp\/v2\/product\/744789","targetHints":{"allow":["GET"]}}],"collection":[{"href":"https:\/\/roveyayinevi.com.tr\/index.php\/wp-json\/wp\/v2\/product"}],"about":[{"href":"https:\/\/roveyayinevi.com.tr\/index.php\/wp-json\/wp\/v2\/types\/product"}],"wp:attachment":[{"href":"https:\/\/roveyayinevi.com.tr\/index.php\/wp-json\/wp\/v2\/media?parent=744789"}],"wp:term":[{"taxonomy":"product_brand","embeddable":true,"href":"https:\/\/roveyayinevi.com.tr\/index.php\/wp-json\/wp\/v2\/product_brand?post=744789"},{"taxonomy":"product_cat","embeddable":true,"href":"https:\/\/roveyayinevi.com.tr\/index.php\/wp-json\/wp\/v2\/product_cat?post=744789"},{"taxonomy":"product_tag","embeddable":true,"href":"https:\/\/roveyayinevi.com.tr\/index.php\/wp-json\/wp\/v2\/product_tag?post=744789"}],"curies":[{"name":"wp","href":"https:\/\/api.w.org\/{rel}","templated":true}]}}