{"id":744783,"date":"2025-08-28T02:04:41","date_gmt":"2025-08-27T23:04:41","guid":{"rendered":"https:\/\/roveyayinevi.com.tr\/index.php\/urun\/isportadan-kirmizi-haliya\/"},"modified":"2026-04-16T02:56:42","modified_gmt":"2026-04-15T23:56:42","slug":"isportadan-kirmizi-haliya","status":"publish","type":"product","link":"https:\/\/roveyayinevi.com.tr\/index.php\/urun\/isportadan-kirmizi-haliya\/","title":{"rendered":"\u0130\u015fportadan K\u0131rm\u0131z\u0131 Hal\u0131ya"},"content":{"rendered":"<p>Asla Pes Etmemek \u00dczerine \u0130lham Dolu Bir Ba\u015far\u0131 Hik\u00e2yesi   S\u0131ra d\u0131\u015f\u0131 yeti\u015ftirme tarz\u0131yla, o\u011flunu antren\u00f6r gibi hayata haz\u0131rlayan bir baba ile babas\u0131n\u0131n hayallerini ger\u00e7ekle\u015ftirmek i\u00e7in hi\u00e7bir m\u00fccadeleden ka\u00e7\u0131nmayan \u0130zzet Pinto\u2019nun hik\u00e2yesini okurken kimi zaman duygulanacak, kimi zaman hayrete d\u00fc\u015feceksiniz. Hatta zaman zaman onun ad\u0131na yorulup pes etmesini bile isteyeceksiniz. Onun Bangkok\u2019taki i\u015fportac\u0131l\u0131k g\u00fcnlerinden, T\u00fcrk dizilerini d\u00fcnyaya a\u00e7arak sekt\u00f6rde y\u0131l\u0131n adam\u0131 se\u00e7ilmesine kadar uzanan ini\u015fli \u00e7\u0131k\u0131\u015fl\u0131 \u00f6yk\u00fcs\u00fcnde b\u00fcy\u00fcleyici bir azmin ne mucizeler yaratabildi\u011fine tan\u0131kl\u0131k edeceksiniz. <\/p>\n","protected":false},"excerpt":{"rendered":"<p>Asla Pes Etmemek \u00dczerine \u0130lham Dolu Bir Ba\u015far\u0131 Hik\u00e2yesi S\u0131ra d\u0131\u015f\u0131 yeti\u015ftirme tarz\u0131yla, o\u011flunu antren\u00f6r gibi hayata haz\u0131rlayan bir baba ile babas\u0131n\u0131n hayallerini ger\u00e7ekle\u015ftirmek i\u00e7in hi\u00e7bir<span class=\"excerpt-hellip\"> [\u2026]<\/span><\/p>\n","protected":false},"featured_media":0,"template":"","meta":{"_monsterinsights_skip_tracking":false,"_monsterinsights_sitenote_active":false,"_monsterinsights_sitenote_note":"","_monsterinsights_sitenote_category":0},"product_brand":[],"product_cat":[14009,12291],"product_tag":[],"class_list":{"0":"post-744783","1":"product","2":"type-product","3":"status-publish","5":"product_cat-biyografi-otobiyografi-edebiyat","6":"product_cat-edebiyat","7":"pa_cilt-ciltsiz","8":"pa_tur-kitap","9":"pa_yayinevi-destek-yayinlari","10":"pa_yazar-izzet-pinto","12":"first","13":"instock","14":"sale","15":"shipping-taxable","16":"purchasable","17":"product-type-simple"},"_links":{"self":[{"href":"https:\/\/roveyayinevi.com.tr\/index.php\/wp-json\/wp\/v2\/product\/744783","targetHints":{"allow":["GET"]}}],"collection":[{"href":"https:\/\/roveyayinevi.com.tr\/index.php\/wp-json\/wp\/v2\/product"}],"about":[{"href":"https:\/\/roveyayinevi.com.tr\/index.php\/wp-json\/wp\/v2\/types\/product"}],"wp:attachment":[{"href":"https:\/\/roveyayinevi.com.tr\/index.php\/wp-json\/wp\/v2\/media?parent=744783"}],"wp:term":[{"taxonomy":"product_brand","embeddable":true,"href":"https:\/\/roveyayinevi.com.tr\/index.php\/wp-json\/wp\/v2\/product_brand?post=744783"},{"taxonomy":"product_cat","embeddable":true,"href":"https:\/\/roveyayinevi.com.tr\/index.php\/wp-json\/wp\/v2\/product_cat?post=744783"},{"taxonomy":"product_tag","embeddable":true,"href":"https:\/\/roveyayinevi.com.tr\/index.php\/wp-json\/wp\/v2\/product_tag?post=744783"}],"curies":[{"name":"wp","href":"https:\/\/api.w.org\/{rel}","templated":true}]}}