{"id":744782,"date":"2025-08-28T02:04:40","date_gmt":"2025-08-27T23:04:40","guid":{"rendered":"https:\/\/roveyayinevi.com.tr\/index.php\/urun\/cicek-doktoru\/"},"modified":"2026-04-16T02:56:42","modified_gmt":"2026-04-15T23:56:42","slug":"cicek-doktoru","status":"publish","type":"product","link":"https:\/\/roveyayinevi.com.tr\/index.php\/urun\/cicek-doktoru\/","title":{"rendered":"\u00c7i\u00e7ek Doktoru"},"content":{"rendered":"<p>\u201cTabiat, her yapra\u011f\u0131nda derin yaz\u0131lar olan biricik kitapt\u0131r.\u201d \u2013 Goethe   Do\u011fan\u0131n her par\u00e7as\u0131, d\u00fcnya \u00fczerindeki her canl\u0131l\u0131k k\u00e2inat\u0131n bilgeli\u011fini bar\u0131nd\u0131r\u0131r i\u00e7inde. Topra\u011f\u0131n alt\u0131nda k\u0131m\u0131ldanan her h\u00fccre, \u00e7at\u0131rdayan her tohum, renklenen her bitki, her yaprak, her k\u00f6k ve her koku, bilgelik kitab\u0131ndaki bir sat\u0131rd\u0131r okumay\u0131 bilene. Her \u00e7i\u00e7ek nevi \u015fahs\u0131na m\u00fcnhas\u0131r karakteriyle bir hik\u00e2ye anlat\u0131r duyabilene. Mesela so\u011fuktan da s\u0131caktan da \u015fik\u00e2yet etmeyen bir kas\u0131mpat\u0131, sabr\u0131 ve dirayeti f\u0131s\u0131ldar. \u201cKorkma\u201d der. \u201cBu da gelir, bu da ge\u00e7er. Hayat her haliyle kabule de\u011fer.\u201d Bir ak\u015famsefas\u0131 bug\u00fcn var yar\u0131n yok ki\u015fili\u011fiyle ba\u011f\u0131ml\u0131l\u0131klar\u0131n hayatlar\u0131m\u0131zdan \u00e7ald\u0131\u011f\u0131 tad\u0131n \u00f6\u011fretmenidir. Topraks\u0131zl\u0131\u011f\u0131yla orkideler, zehirli k\u00f6kleriyle tek mevsimi aylarca beklemeye raz\u0131 olan nergisler, dikenleriyle bedel \u00f6deten g\u00fcller, aldat\u0131c\u0131l\u0131\u011f\u0131yla begonviller, g\u00f6steri\u015fsiz ma\u011frurlu\u011fuyla papatyalar ve daha niceleri balkonunuzda ya da evinizin bir k\u00f6\u015fesinde sizden ilgi ve bak\u0131m beklerken, ihtiyac\u0131n\u0131z olan hayat dersini de aktar\u0131yor olurlar bonk\u00f6rce. \u00c7i\u00e7eklerinizin kadim bilgeliklerine g\u00f6nl\u00fcn\u00fcz\u00fc ve kula\u011f\u0131n\u0131z\u0131 a\u00e7maya, onlar\u0131 do\u011fru sevmeye ve do\u011fru bak\u0131m vermeye haz\u0131rsan\u0131z, kitab\u0131 okumaya ba\u015flamadan \u00f6nce ilk i\u015finiz \u00e7i\u00e7eklerinizi sulamak olsun&#8230; <\/p>\n","protected":false},"excerpt":{"rendered":"<p>\u201cTabiat, her yapra\u011f\u0131nda derin yaz\u0131lar olan biricik kitapt\u0131r.\u201d \u2013 Goethe Do\u011fan\u0131n her par\u00e7as\u0131, d\u00fcnya \u00fczerindeki her canl\u0131l\u0131k k\u00e2inat\u0131n bilgeli\u011fini bar\u0131nd\u0131r\u0131r i\u00e7inde. Topra\u011f\u0131n alt\u0131nda k\u0131m\u0131ldanan her h\u00fccre,<span class=\"excerpt-hellip\"> [\u2026]<\/span><\/p>\n","protected":false},"featured_media":0,"template":"","meta":{"_monsterinsights_skip_tracking":false,"_monsterinsights_sitenote_active":false,"_monsterinsights_sitenote_note":"","_monsterinsights_sitenote_category":0},"product_brand":[],"product_cat":[12365,12364],"product_tag":[],"class_list":{"0":"post-744782","1":"product","2":"type-product","3":"status-publish","5":"product_cat-diger-genel-konular","6":"product_cat-genel-konular","7":"pa_cilt-ciltsiz","8":"pa_tur-kitap","9":"pa_yayinevi-destek-yayinlari","10":"pa_yazar-umit-ersan","12":"first","13":"instock","14":"sale","15":"shipping-taxable","16":"purchasable","17":"product-type-simple"},"_links":{"self":[{"href":"https:\/\/roveyayinevi.com.tr\/index.php\/wp-json\/wp\/v2\/product\/744782","targetHints":{"allow":["GET"]}}],"collection":[{"href":"https:\/\/roveyayinevi.com.tr\/index.php\/wp-json\/wp\/v2\/product"}],"about":[{"href":"https:\/\/roveyayinevi.com.tr\/index.php\/wp-json\/wp\/v2\/types\/product"}],"wp:attachment":[{"href":"https:\/\/roveyayinevi.com.tr\/index.php\/wp-json\/wp\/v2\/media?parent=744782"}],"wp:term":[{"taxonomy":"product_brand","embeddable":true,"href":"https:\/\/roveyayinevi.com.tr\/index.php\/wp-json\/wp\/v2\/product_brand?post=744782"},{"taxonomy":"product_cat","embeddable":true,"href":"https:\/\/roveyayinevi.com.tr\/index.php\/wp-json\/wp\/v2\/product_cat?post=744782"},{"taxonomy":"product_tag","embeddable":true,"href":"https:\/\/roveyayinevi.com.tr\/index.php\/wp-json\/wp\/v2\/product_tag?post=744782"}],"curies":[{"name":"wp","href":"https:\/\/api.w.org\/{rel}","templated":true}]}}