{"id":744781,"date":"2025-08-28T02:04:39","date_gmt":"2025-08-27T23:04:39","guid":{"rendered":"https:\/\/roveyayinevi.com.tr\/index.php\/urun\/anais-nin\/"},"modified":"2026-04-16T02:56:42","modified_gmt":"2026-04-15T23:56:42","slug":"anais-nin","status":"publish","type":"product","link":"https:\/\/roveyayinevi.com.tr\/index.php\/urun\/anais-nin\/","title":{"rendered":"Ana&#8217;is Nin"},"content":{"rendered":"<p>Yaz\u0131lar\u0131m\u0131 okuttu\u011fum her erkek, \u00fcslubumu de\u011fi\u015ftirmeyi denedi. Erkek gibi yazmak ilgimi \u00e7ekmiyor. Kad\u0131n gibi yazmak istiyorum. Kelimeleri bulmak i\u00e7in k\u0131y\u0131dan uzakta dalmal\u0131y\u0131m&#8230; Yalanlar denizine.<\/p>\n","protected":false},"excerpt":{"rendered":"<p>Yaz\u0131lar\u0131m\u0131 okuttu\u011fum her erkek, \u00fcslubumu de\u011fi\u015ftirmeyi denedi. Erkek gibi yazmak ilgimi \u00e7ekmiyor. Kad\u0131n gibi yazmak istiyorum. Kelimeleri bulmak i\u00e7in k\u0131y\u0131dan uzakta dalmal\u0131y\u0131m&#8230; Yalanlar denizine.<\/p>\n","protected":false},"featured_media":0,"template":"","meta":{"_monsterinsights_skip_tracking":false,"_monsterinsights_sitenote_active":false,"_monsterinsights_sitenote_note":"","_monsterinsights_sitenote_category":0},"product_brand":[],"product_cat":[12416,12291],"product_tag":[],"class_list":{"0":"post-744781","1":"product","2":"type-product","3":"status-publish","5":"product_cat-cizgi-roman","6":"product_cat-edebiyat","7":"pa_cilt-ciltsiz","8":"pa_tur-kitap","9":"pa_yayinevi-kara-karga-yayinlari","10":"pa_yazar-leonie-bischoff","12":"first","13":"instock","14":"sale","15":"shipping-taxable","16":"purchasable","17":"product-type-simple"},"_links":{"self":[{"href":"https:\/\/roveyayinevi.com.tr\/index.php\/wp-json\/wp\/v2\/product\/744781","targetHints":{"allow":["GET"]}}],"collection":[{"href":"https:\/\/roveyayinevi.com.tr\/index.php\/wp-json\/wp\/v2\/product"}],"about":[{"href":"https:\/\/roveyayinevi.com.tr\/index.php\/wp-json\/wp\/v2\/types\/product"}],"wp:attachment":[{"href":"https:\/\/roveyayinevi.com.tr\/index.php\/wp-json\/wp\/v2\/media?parent=744781"}],"wp:term":[{"taxonomy":"product_brand","embeddable":true,"href":"https:\/\/roveyayinevi.com.tr\/index.php\/wp-json\/wp\/v2\/product_brand?post=744781"},{"taxonomy":"product_cat","embeddable":true,"href":"https:\/\/roveyayinevi.com.tr\/index.php\/wp-json\/wp\/v2\/product_cat?post=744781"},{"taxonomy":"product_tag","embeddable":true,"href":"https:\/\/roveyayinevi.com.tr\/index.php\/wp-json\/wp\/v2\/product_tag?post=744781"}],"curies":[{"name":"wp","href":"https:\/\/api.w.org\/{rel}","templated":true}]}}