{"id":744778,"date":"2025-08-28T02:04:36","date_gmt":"2025-08-27T23:04:36","guid":{"rendered":"https:\/\/roveyayinevi.com.tr\/index.php\/urun\/demokrasi-krizi\/"},"modified":"2026-04-16T02:56:42","modified_gmt":"2026-04-15T23:56:42","slug":"demokrasi-krizi","status":"publish","type":"product","link":"https:\/\/roveyayinevi.com.tr\/index.php\/urun\/demokrasi-krizi\/","title":{"rendered":"Demokrasi Krizi"},"content":{"rendered":"<p>Halk egemenli\u011finin esas al\u0131nd\u0131\u011f\u0131 bir y\u00f6netim bi\u00e7imi olan demokrasi; hukukun \u00fcst\u00fcnl\u00fc\u011f\u00fc, insan haklar\u0131 ve e\u015fitlik gibi ilkelerin devaml\u0131l\u0131\u011f\u0131n\u0131 sa\u011flamakta; 3000 y\u0131ll\u0131k tarihiyle de en k\u00f6kl\u00fc siyasi sistemlerin ba\u015f\u0131nda gelmektedir. Ne var ki bu asli vas\u0131flar\u0131na ve tarihsel haf\u0131zas\u0131na ra\u011fmen demokrasiye duyulan g\u00fcven, giderek azalmaktad\u0131r.    David Van Reybrouck, se\u00e7im sistemine indirgenmi\u015f g\u00fcn\u00fcm\u00fcz demokrasisinin g\u00fcvenilirli\u011fini art\u0131k yitirdi\u011fine ve siyasi n\u00fcfuzlar\u0131n\u0131 kaybetmek istemeyen \u00e7evrelerin elinde, bir \u00e7\u0131kar arac\u0131na d\u00f6n\u00fc\u015ft\u00fc\u011f\u00fcne dikkat \u00e7ekmektedir. Dolay\u0131s\u0131yla demokratik bir sistemi gelecek nesillere aktarabilmek ad\u0131na siyasi ve sosyal alanlarda \u00e7e\u015fitli reformlar yapmam\u0131z gerekti\u011fini savunmaktad\u0131r.    Demokrasi Krizi, demokrasinin g\u00fcven bunal\u0131m\u0131 ya\u015famas\u0131na neden olan ba\u015fl\u0131ca sebepleri sorgulamakta ve tarih\u00ee bir perspektifi esas alarak, herkes i\u00e7in yeterli bir sistem h\u00e2line nas\u0131l d\u00f6n\u00fc\u015ft\u00fcr\u00fclebilece\u011fi konusunda ilgi \u00e7ekici fikirler sunmaktad\u0131r.  <\/p>\n","protected":false},"excerpt":{"rendered":"<p>Halk egemenli\u011finin esas al\u0131nd\u0131\u011f\u0131 bir y\u00f6netim bi\u00e7imi olan demokrasi; hukukun \u00fcst\u00fcnl\u00fc\u011f\u00fc, insan haklar\u0131 ve e\u015fitlik gibi ilkelerin devaml\u0131l\u0131\u011f\u0131n\u0131 sa\u011flamakta; 3000 y\u0131ll\u0131k tarihiyle de en k\u00f6kl\u00fc siyasi<span class=\"excerpt-hellip\"> [\u2026]<\/span><\/p>\n","protected":false},"featured_media":0,"template":"","meta":{"_monsterinsights_skip_tracking":false,"_monsterinsights_sitenote_active":false,"_monsterinsights_sitenote_note":"","_monsterinsights_sitenote_category":0},"product_brand":[],"product_cat":[12835,12324],"product_tag":[],"class_list":{"0":"post-744778","1":"product","2":"type-product","3":"status-publish","5":"product_cat-genel-sosyoloji","6":"product_cat-sosyoloji","7":"pa_cilt-ciltsiz","8":"pa_tur-kitap","9":"pa_yayinevi-albaraka-yayinlari","10":"pa_yazar-david-van-reybrouck","12":"first","13":"instock","14":"sale","15":"shipping-taxable","16":"purchasable","17":"product-type-simple"},"_links":{"self":[{"href":"https:\/\/roveyayinevi.com.tr\/index.php\/wp-json\/wp\/v2\/product\/744778","targetHints":{"allow":["GET"]}}],"collection":[{"href":"https:\/\/roveyayinevi.com.tr\/index.php\/wp-json\/wp\/v2\/product"}],"about":[{"href":"https:\/\/roveyayinevi.com.tr\/index.php\/wp-json\/wp\/v2\/types\/product"}],"wp:attachment":[{"href":"https:\/\/roveyayinevi.com.tr\/index.php\/wp-json\/wp\/v2\/media?parent=744778"}],"wp:term":[{"taxonomy":"product_brand","embeddable":true,"href":"https:\/\/roveyayinevi.com.tr\/index.php\/wp-json\/wp\/v2\/product_brand?post=744778"},{"taxonomy":"product_cat","embeddable":true,"href":"https:\/\/roveyayinevi.com.tr\/index.php\/wp-json\/wp\/v2\/product_cat?post=744778"},{"taxonomy":"product_tag","embeddable":true,"href":"https:\/\/roveyayinevi.com.tr\/index.php\/wp-json\/wp\/v2\/product_tag?post=744778"}],"curies":[{"name":"wp","href":"https:\/\/api.w.org\/{rel}","templated":true}]}}