{"id":744777,"date":"2025-08-28T02:04:35","date_gmt":"2025-08-27T23:04:35","guid":{"rendered":"https:\/\/roveyayinevi.com.tr\/index.php\/urun\/kayip-kopek-uzum-2\/"},"modified":"2026-04-16T02:56:42","modified_gmt":"2026-04-15T23:56:42","slug":"kayip-kopek-uzum-2","status":"publish","type":"product","link":"https:\/\/roveyayinevi.com.tr\/index.php\/urun\/kayip-kopek-uzum-2\/","title":{"rendered":"Kay\u0131p K\u00f6pek \u00dcz\u00fcm -2"},"content":{"rendered":"<p>Batu, Mercan ve \u00dcz\u00fcm yepyeni bir macerayla kar\u015f\u0131n\u0131zda!Bu sefer, e\u011flence parklar\u0131ndan kurtar\u0131lan hasta hayvanlar\u0131n ya\u015fad\u0131\u011f\u0131 bir tedavi merkezinden ka\u00e7an minik penguen Badem&#8217;in izindeler! Bakal\u0131m bu \u00fc\u00e7 kafadar Badem&#8217;i bulabilecek mi?Kay\u0131p K\u00f6pek \u00dcz\u00fcm&#8217;\u00fcn yazar\u0131ndan y\u00fcre\u011finizi \u0131s\u0131tacak, yepyeni bir dostluk hik\u00e2yesi!<\/p>\n","protected":false},"excerpt":{"rendered":"<p>Batu, Mercan ve \u00dcz\u00fcm yepyeni bir macerayla kar\u015f\u0131n\u0131zda!Bu sefer, e\u011flence parklar\u0131ndan kurtar\u0131lan hasta hayvanlar\u0131n ya\u015fad\u0131\u011f\u0131 bir tedavi merkezinden ka\u00e7an minik penguen Badem&#8217;in izindeler! Bakal\u0131m bu \u00fc\u00e7<span class=\"excerpt-hellip\"> [\u2026]<\/span><\/p>\n","protected":false},"featured_media":0,"template":"","meta":{"_monsterinsights_skip_tracking":false,"_monsterinsights_sitenote_active":false,"_monsterinsights_sitenote_note":"","_monsterinsights_sitenote_category":0},"product_brand":[],"product_cat":[12913,12274],"product_tag":[],"class_list":{"0":"post-744777","1":"product","2":"type-product","3":"status-publish","5":"product_cat-3-6-yas-kitaplari","6":"product_cat-cocuk-ve-genclik-kitaplari","7":"pa_cilt-ciltsiz","8":"pa_tur-kitap","9":"pa_yayinevi-altin-kitaplar-cocuk-kitaplari","10":"pa_yazar-claire-freedman","12":"first","13":"instock","14":"sale","15":"shipping-taxable","16":"purchasable","17":"product-type-simple"},"_links":{"self":[{"href":"https:\/\/roveyayinevi.com.tr\/index.php\/wp-json\/wp\/v2\/product\/744777","targetHints":{"allow":["GET"]}}],"collection":[{"href":"https:\/\/roveyayinevi.com.tr\/index.php\/wp-json\/wp\/v2\/product"}],"about":[{"href":"https:\/\/roveyayinevi.com.tr\/index.php\/wp-json\/wp\/v2\/types\/product"}],"wp:attachment":[{"href":"https:\/\/roveyayinevi.com.tr\/index.php\/wp-json\/wp\/v2\/media?parent=744777"}],"wp:term":[{"taxonomy":"product_brand","embeddable":true,"href":"https:\/\/roveyayinevi.com.tr\/index.php\/wp-json\/wp\/v2\/product_brand?post=744777"},{"taxonomy":"product_cat","embeddable":true,"href":"https:\/\/roveyayinevi.com.tr\/index.php\/wp-json\/wp\/v2\/product_cat?post=744777"},{"taxonomy":"product_tag","embeddable":true,"href":"https:\/\/roveyayinevi.com.tr\/index.php\/wp-json\/wp\/v2\/product_tag?post=744777"}],"curies":[{"name":"wp","href":"https:\/\/api.w.org\/{rel}","templated":true}]}}