{"id":744776,"date":"2025-08-28T02:04:33","date_gmt":"2025-08-27T23:04:33","guid":{"rendered":"https:\/\/roveyayinevi.com.tr\/index.php\/urun\/kayip-kopek-uzum\/"},"modified":"2026-04-16T02:56:42","modified_gmt":"2026-04-15T23:56:42","slug":"kayip-kopek-uzum","status":"publish","type":"product","link":"https:\/\/roveyayinevi.com.tr\/index.php\/urun\/kayip-kopek-uzum\/","title":{"rendered":"Kay\u0131p K\u00f6pek \u00dcz\u00fcm"},"content":{"rendered":"<p>K\u00fc\u00e7\u00fck, s\u0131cac\u0131k bir dostluk hik\u00e2yesi!..Batu ve ailesi, ya\u015fad\u0131klar\u0131 \u015firin kasabadan kocaman bir \u015fehre ta\u015f\u0131nm\u0131\u015ft\u0131. Batu eski evlerini, yemye\u015fil k\u0131rlar\u0131, denizi ama en \u00e7ok da arkada\u015flar\u0131n\u0131 \u00f6zl\u00fcyordu.Bir sabah, bu gri \u015fehrin sokaklar\u0131nda y\u00fcr\u00fcrken Batu&#8217;nun g\u00f6z\u00fcne k\u0131pk\u0131rm\u0131z\u0131 bir \u015fey tak\u0131ld\u0131. K\u0131rm\u0131z\u0131 tasmal\u0131, k\u00fc\u00e7\u00fcc\u00fck, sevimli bir k\u00f6pek!Batu&#8217;nun bu kocaman \u015fehirdeki ilk arkada\u015f\u0131, bu minicik k\u00f6pek olabilir miydi?<\/p>\n","protected":false},"excerpt":{"rendered":"<p>K\u00fc\u00e7\u00fck, s\u0131cac\u0131k bir dostluk hik\u00e2yesi!..Batu ve ailesi, ya\u015fad\u0131klar\u0131 \u015firin kasabadan kocaman bir \u015fehre ta\u015f\u0131nm\u0131\u015ft\u0131. Batu eski evlerini, yemye\u015fil k\u0131rlar\u0131, denizi ama en \u00e7ok da arkada\u015flar\u0131n\u0131 \u00f6zl\u00fcyordu.Bir<span class=\"excerpt-hellip\"> [\u2026]<\/span><\/p>\n","protected":false},"featured_media":0,"template":"","meta":{"_monsterinsights_skip_tracking":false,"_monsterinsights_sitenote_active":false,"_monsterinsights_sitenote_note":"","_monsterinsights_sitenote_category":0},"product_brand":[],"product_cat":[12913,12274],"product_tag":[],"class_list":{"0":"post-744776","1":"product","2":"type-product","3":"status-publish","5":"product_cat-3-6-yas-kitaplari","6":"product_cat-cocuk-ve-genclik-kitaplari","7":"pa_cilt-ciltsiz","8":"pa_tur-kitap","9":"pa_yayinevi-altin-kitaplar-cocuk-kitaplari","10":"pa_yazar-claire-freedman","12":"first","13":"instock","14":"sale","15":"shipping-taxable","16":"purchasable","17":"product-type-simple"},"_links":{"self":[{"href":"https:\/\/roveyayinevi.com.tr\/index.php\/wp-json\/wp\/v2\/product\/744776","targetHints":{"allow":["GET"]}}],"collection":[{"href":"https:\/\/roveyayinevi.com.tr\/index.php\/wp-json\/wp\/v2\/product"}],"about":[{"href":"https:\/\/roveyayinevi.com.tr\/index.php\/wp-json\/wp\/v2\/types\/product"}],"wp:attachment":[{"href":"https:\/\/roveyayinevi.com.tr\/index.php\/wp-json\/wp\/v2\/media?parent=744776"}],"wp:term":[{"taxonomy":"product_brand","embeddable":true,"href":"https:\/\/roveyayinevi.com.tr\/index.php\/wp-json\/wp\/v2\/product_brand?post=744776"},{"taxonomy":"product_cat","embeddable":true,"href":"https:\/\/roveyayinevi.com.tr\/index.php\/wp-json\/wp\/v2\/product_cat?post=744776"},{"taxonomy":"product_tag","embeddable":true,"href":"https:\/\/roveyayinevi.com.tr\/index.php\/wp-json\/wp\/v2\/product_tag?post=744776"}],"curies":[{"name":"wp","href":"https:\/\/api.w.org\/{rel}","templated":true}]}}