{"id":744775,"date":"2025-08-28T02:04:32","date_gmt":"2025-08-27T23:04:32","guid":{"rendered":"https:\/\/roveyayinevi.com.tr\/index.php\/urun\/kopekler-bale-yapmaz\/"},"modified":"2026-04-16T02:56:42","modified_gmt":"2026-04-15T23:56:42","slug":"kopekler-bale-yapmaz","status":"publish","type":"product","link":"https:\/\/roveyayinevi.com.tr\/index.php\/urun\/kopekler-bale-yapmaz\/","title":{"rendered":"K\u00f6pekler Bale Yapmaz"},"content":{"rendered":"<p>Bale yapan k\u00f6pekler, inanmayan ebeveynler ve sevdi\u011fimiz \u015feyi yapmak \u00fczerine \u00e7ok komik bir hik\u00e2ye!Benim k\u00f6pe\u011fim farkl\u0131d\u0131r. Di\u011fer k\u00f6peklere benzemez. Onlar gibi davranmaz. Tuvaletten su i\u00e7mez, terlikleri \u0131s\u0131rmaz, kedileri kovalamaz. Benim k\u00f6pe\u011fim m\u00fczi\u011fi, dans etmeyi ve ay \u0131\u015f\u0131\u011f\u0131n\u0131 sever.Dedim ya, benim k\u00f6pe\u011fim farkl\u0131d\u0131r, kendini k\u00f6pek gibi hissetmez. Benim k\u00f6pe\u011fim kendini balerin zanneder!<\/p>\n","protected":false},"excerpt":{"rendered":"<p>Bale yapan k\u00f6pekler, inanmayan ebeveynler ve sevdi\u011fimiz \u015feyi yapmak \u00fczerine \u00e7ok komik bir hik\u00e2ye!Benim k\u00f6pe\u011fim farkl\u0131d\u0131r. Di\u011fer k\u00f6peklere benzemez. Onlar gibi davranmaz. Tuvaletten su i\u00e7mez, terlikleri<span class=\"excerpt-hellip\"> [\u2026]<\/span><\/p>\n","protected":false},"featured_media":0,"template":"","meta":{"_monsterinsights_skip_tracking":false,"_monsterinsights_sitenote_active":false,"_monsterinsights_sitenote_note":"","_monsterinsights_sitenote_category":0},"product_brand":[],"product_cat":[12913,12274],"product_tag":[],"class_list":{"0":"post-744775","1":"product","2":"type-product","3":"status-publish","5":"product_cat-3-6-yas-kitaplari","6":"product_cat-cocuk-ve-genclik-kitaplari","7":"pa_cilt-ciltsiz","8":"pa_tur-kitap","9":"pa_yayinevi-altin-kitaplar-cocuk-kitaplari","10":"pa_yazar-anna-kemp","12":"first","13":"instock","14":"sale","15":"shipping-taxable","16":"purchasable","17":"product-type-simple"},"_links":{"self":[{"href":"https:\/\/roveyayinevi.com.tr\/index.php\/wp-json\/wp\/v2\/product\/744775","targetHints":{"allow":["GET"]}}],"collection":[{"href":"https:\/\/roveyayinevi.com.tr\/index.php\/wp-json\/wp\/v2\/product"}],"about":[{"href":"https:\/\/roveyayinevi.com.tr\/index.php\/wp-json\/wp\/v2\/types\/product"}],"wp:attachment":[{"href":"https:\/\/roveyayinevi.com.tr\/index.php\/wp-json\/wp\/v2\/media?parent=744775"}],"wp:term":[{"taxonomy":"product_brand","embeddable":true,"href":"https:\/\/roveyayinevi.com.tr\/index.php\/wp-json\/wp\/v2\/product_brand?post=744775"},{"taxonomy":"product_cat","embeddable":true,"href":"https:\/\/roveyayinevi.com.tr\/index.php\/wp-json\/wp\/v2\/product_cat?post=744775"},{"taxonomy":"product_tag","embeddable":true,"href":"https:\/\/roveyayinevi.com.tr\/index.php\/wp-json\/wp\/v2\/product_tag?post=744775"}],"curies":[{"name":"wp","href":"https:\/\/api.w.org\/{rel}","templated":true}]}}