{"id":744774,"date":"2025-08-28T02:04:31","date_gmt":"2025-08-27T23:04:31","guid":{"rendered":"https:\/\/roveyayinevi.com.tr\/index.php\/urun\/bidik-yak-ailesinin-en-minik-uyesi\/"},"modified":"2026-04-16T02:56:42","modified_gmt":"2026-04-15T23:56:42","slug":"bidik-yak-ailesinin-en-minik-uyesi","status":"publish","type":"product","link":"https:\/\/roveyayinevi.com.tr\/index.php\/urun\/bidik-yak-ailesinin-en-minik-uyesi\/","title":{"rendered":"B\u0131d\u0131k -Yak Ailesinin En Minik \u00dcyesi"},"content":{"rendered":"<p>Uluslararas\u0131 \u00e7oksatan &#8220;B\u0131d\u0131k-Yak Ailesinin En Minik \u00dcyesi&#8221; \u015fimdi Alt\u0131n Kitaplar&#8217;da!Daima kendin olman\u0131n g\u00fczelli\u011fini anlatan e\u011flenceli bir hik\u00e2ye!Karl\u0131 da\u011flar\u0131n zirvesinde, buz gibi so\u011fuk, u\u011fultulu bir tepede, tatl\u0131 m\u0131 tatl\u0131 bir yak ailesi ya\u015f\u0131yordu. Yaklar\u0131n neredeyse hepsi kocaman boynuzlar\u0131 ve kabar\u0131k t\u00fcyleriyle dev gibiydi! Biri hari\u00e7: B\u0131d\u0131k!B\u0131d\u0131k k\u00fc\u00e7\u00fck olmaktan \u00e7ok s\u0131k\u0131lm\u0131\u015ft\u0131. &#8220;Kocaman bir yak olsam her \u015feyi ama her \u015feyi yapabilirdim!&#8221; deyip duruyor, bir an \u00f6nce b\u00fcy\u00fcmek istiyordu ama&#8230; Bu fikri de\u011fi\u015fmek \u00fczereydi.Oscar&#8217;s Book \u00d6d\u00fcl\u00fc 2021.The Sainsbury&#8217;s En \u0130yi Resimli Kitap \u00d6d\u00fcl\u00fc.The Sainsbury&#8217;s Y\u0131l\u0131n \u00c7ocuk Kitab\u0131 \u00f6d\u00fcl\u00fc.<\/p>\n","protected":false},"excerpt":{"rendered":"<p>Uluslararas\u0131 \u00e7oksatan &#8220;B\u0131d\u0131k-Yak Ailesinin En Minik \u00dcyesi&#8221; \u015fimdi Alt\u0131n Kitaplar&#8217;da!Daima kendin olman\u0131n g\u00fczelli\u011fini anlatan e\u011flenceli bir hik\u00e2ye!Karl\u0131 da\u011flar\u0131n zirvesinde, buz gibi so\u011fuk, u\u011fultulu bir tepede, tatl\u0131<span class=\"excerpt-hellip\"> [\u2026]<\/span><\/p>\n","protected":false},"featured_media":0,"template":"","meta":{"_monsterinsights_skip_tracking":false,"_monsterinsights_sitenote_active":false,"_monsterinsights_sitenote_note":"","_monsterinsights_sitenote_category":0},"product_brand":[],"product_cat":[12913,12274],"product_tag":[],"class_list":{"0":"post-744774","1":"product","2":"type-product","3":"status-publish","5":"product_cat-3-6-yas-kitaplari","6":"product_cat-cocuk-ve-genclik-kitaplari","7":"pa_cilt-ciltsiz","8":"pa_tur-kitap","9":"pa_yayinevi-altin-kitaplar-cocuk-kitaplari","10":"pa_yazar-lu-fraser","12":"first","13":"instock","14":"sale","15":"shipping-taxable","16":"purchasable","17":"product-type-simple"},"_links":{"self":[{"href":"https:\/\/roveyayinevi.com.tr\/index.php\/wp-json\/wp\/v2\/product\/744774","targetHints":{"allow":["GET"]}}],"collection":[{"href":"https:\/\/roveyayinevi.com.tr\/index.php\/wp-json\/wp\/v2\/product"}],"about":[{"href":"https:\/\/roveyayinevi.com.tr\/index.php\/wp-json\/wp\/v2\/types\/product"}],"wp:attachment":[{"href":"https:\/\/roveyayinevi.com.tr\/index.php\/wp-json\/wp\/v2\/media?parent=744774"}],"wp:term":[{"taxonomy":"product_brand","embeddable":true,"href":"https:\/\/roveyayinevi.com.tr\/index.php\/wp-json\/wp\/v2\/product_brand?post=744774"},{"taxonomy":"product_cat","embeddable":true,"href":"https:\/\/roveyayinevi.com.tr\/index.php\/wp-json\/wp\/v2\/product_cat?post=744774"},{"taxonomy":"product_tag","embeddable":true,"href":"https:\/\/roveyayinevi.com.tr\/index.php\/wp-json\/wp\/v2\/product_tag?post=744774"}],"curies":[{"name":"wp","href":"https:\/\/api.w.org\/{rel}","templated":true}]}}