{"id":744773,"date":"2025-08-28T02:04:30","date_gmt":"2025-08-27T23:04:30","guid":{"rendered":"https:\/\/roveyayinevi.com.tr\/index.php\/urun\/zurafa-saklama-rehberi\/"},"modified":"2026-04-16T02:56:41","modified_gmt":"2026-04-15T23:56:41","slug":"zurafa-saklama-rehberi","status":"publish","type":"product","link":"https:\/\/roveyayinevi.com.tr\/index.php\/urun\/zurafa-saklama-rehberi\/","title":{"rendered":"Z\u00fcrafa Saklama Rehberi"},"content":{"rendered":"<p>Uluslararas\u0131 \u00e7oksatan &#8220;Z\u00fcrafa Saklama Rehberi&#8221; \u015fimdi Alt\u0131n Kitaplar&#8217;da!Upuzun z\u00fcrafalar, sevgi ve do\u011fa \u00fczerine \u00e7ok e\u011flenceli bir hik\u00e2ye!Evinde z\u00fcrafa beslemeyi hi\u00e7 d\u00fc\u015f\u00fcnd\u00fcn m\u00fc? &#8220;Evet!&#8221; dedi\u011fini duyar gibiyim.Z\u00fcrafadan harika bir evcil hayvan olur, \u00f6yle de\u011fil mi?Peki ya annen ve baban seninle ayn\u0131 fikirde de\u011filse?Asl\u0131nda evde z\u00fcrafa beslemenin harika bir yolu var: z\u00fcrafay\u0131 saklamak!Peki ama nas\u0131l? Z\u00fcrafa Saklama Rehberi ile evcil z\u00fcrafan\u0131za evde kolayca bakabileceksiniz!<\/p>\n","protected":false},"excerpt":{"rendered":"<p>Uluslararas\u0131 \u00e7oksatan &#8220;Z\u00fcrafa Saklama Rehberi&#8221; \u015fimdi Alt\u0131n Kitaplar&#8217;da!Upuzun z\u00fcrafalar, sevgi ve do\u011fa \u00fczerine \u00e7ok e\u011flenceli bir hik\u00e2ye!Evinde z\u00fcrafa beslemeyi hi\u00e7 d\u00fc\u015f\u00fcnd\u00fcn m\u00fc? &#8220;Evet!&#8221; dedi\u011fini duyar gibiyim.Z\u00fcrafadan<span class=\"excerpt-hellip\"> [\u2026]<\/span><\/p>\n","protected":false},"featured_media":0,"template":"","meta":{"_monsterinsights_skip_tracking":false,"_monsterinsights_sitenote_active":false,"_monsterinsights_sitenote_note":"","_monsterinsights_sitenote_category":0},"product_brand":[],"product_cat":[12913,12274],"product_tag":[],"class_list":{"0":"post-744773","1":"product","2":"type-product","3":"status-publish","5":"product_cat-3-6-yas-kitaplari","6":"product_cat-cocuk-ve-genclik-kitaplari","7":"pa_cilt-ciltsiz","8":"pa_tur-kitap","9":"pa_yayinevi-altin-kitaplar-cocuk-kitaplari","10":"pa_yazar-michelle-robinson","12":"first","13":"instock","14":"sale","15":"shipping-taxable","16":"purchasable","17":"product-type-simple"},"_links":{"self":[{"href":"https:\/\/roveyayinevi.com.tr\/index.php\/wp-json\/wp\/v2\/product\/744773","targetHints":{"allow":["GET"]}}],"collection":[{"href":"https:\/\/roveyayinevi.com.tr\/index.php\/wp-json\/wp\/v2\/product"}],"about":[{"href":"https:\/\/roveyayinevi.com.tr\/index.php\/wp-json\/wp\/v2\/types\/product"}],"wp:attachment":[{"href":"https:\/\/roveyayinevi.com.tr\/index.php\/wp-json\/wp\/v2\/media?parent=744773"}],"wp:term":[{"taxonomy":"product_brand","embeddable":true,"href":"https:\/\/roveyayinevi.com.tr\/index.php\/wp-json\/wp\/v2\/product_brand?post=744773"},{"taxonomy":"product_cat","embeddable":true,"href":"https:\/\/roveyayinevi.com.tr\/index.php\/wp-json\/wp\/v2\/product_cat?post=744773"},{"taxonomy":"product_tag","embeddable":true,"href":"https:\/\/roveyayinevi.com.tr\/index.php\/wp-json\/wp\/v2\/product_tag?post=744773"}],"curies":[{"name":"wp","href":"https:\/\/api.w.org\/{rel}","templated":true}]}}