{"id":744772,"date":"2025-08-28T02:04:28","date_gmt":"2025-08-27T23:04:28","guid":{"rendered":"https:\/\/roveyayinevi.com.tr\/index.php\/urun\/gergedanlar-krep-yemez\/"},"modified":"2026-04-16T02:56:41","modified_gmt":"2026-04-15T23:56:41","slug":"gergedanlar-krep-yemez","status":"publish","type":"product","link":"https:\/\/roveyayinevi.com.tr\/index.php\/urun\/gergedanlar-krep-yemez\/","title":{"rendered":"Gergedanlar Krep Yemez"},"content":{"rendered":"<p>Krep yiyen gergedanlar, dinlemeyen ebeveynler ve daha fazlas\u0131 \u00fczerine e\u011flenceli bir hik\u00e2ye!Beg\u00fcm her sabah oldu\u011fu gibi mutfakta kahvalt\u0131 yap\u0131yordu.Birden arkas\u0131ndan mor bir gergedan ge\u00e7ti ve masadaki tabaktan bir krep al\u0131p yemeye ba\u015flad\u0131.&#8221;\u0130nan\u0131l\u0131r gibi de\u011fil! Otob\u00fcsten bile b\u00fcy\u00fck! Hem de mor!&#8221; dedi \u015fa\u015fk\u0131nl\u0131k i\u00e7inde.\u00dcstelik bu gergedan \u00e7ok da kabayd\u0131. Beg\u00fcm&#8217;\u00fcn krepini izin bile almadan yemi\u015fti. Peki Beg\u00fcm&#8217;\u00fcn anne ve babas\u0131 bu i\u015fe ne diyecekti?<\/p>\n","protected":false},"excerpt":{"rendered":"<p>Krep yiyen gergedanlar, dinlemeyen ebeveynler ve daha fazlas\u0131 \u00fczerine e\u011flenceli bir hik\u00e2ye!Beg\u00fcm her sabah oldu\u011fu gibi mutfakta kahvalt\u0131 yap\u0131yordu.Birden arkas\u0131ndan mor bir gergedan ge\u00e7ti ve masadaki<span class=\"excerpt-hellip\"> [\u2026]<\/span><\/p>\n","protected":false},"featured_media":0,"template":"","meta":{"_monsterinsights_skip_tracking":false,"_monsterinsights_sitenote_active":false,"_monsterinsights_sitenote_note":"","_monsterinsights_sitenote_category":0},"product_brand":[],"product_cat":[12913,12274],"product_tag":[],"class_list":{"0":"post-744772","1":"product","2":"type-product","3":"status-publish","5":"product_cat-3-6-yas-kitaplari","6":"product_cat-cocuk-ve-genclik-kitaplari","7":"pa_cilt-ciltsiz","8":"pa_tur-kitap","9":"pa_yayinevi-altin-kitaplar-cocuk-kitaplari","10":"pa_yazar-anna-kemp","12":"first","13":"instock","14":"sale","15":"shipping-taxable","16":"purchasable","17":"product-type-simple"},"_links":{"self":[{"href":"https:\/\/roveyayinevi.com.tr\/index.php\/wp-json\/wp\/v2\/product\/744772","targetHints":{"allow":["GET"]}}],"collection":[{"href":"https:\/\/roveyayinevi.com.tr\/index.php\/wp-json\/wp\/v2\/product"}],"about":[{"href":"https:\/\/roveyayinevi.com.tr\/index.php\/wp-json\/wp\/v2\/types\/product"}],"wp:attachment":[{"href":"https:\/\/roveyayinevi.com.tr\/index.php\/wp-json\/wp\/v2\/media?parent=744772"}],"wp:term":[{"taxonomy":"product_brand","embeddable":true,"href":"https:\/\/roveyayinevi.com.tr\/index.php\/wp-json\/wp\/v2\/product_brand?post=744772"},{"taxonomy":"product_cat","embeddable":true,"href":"https:\/\/roveyayinevi.com.tr\/index.php\/wp-json\/wp\/v2\/product_cat?post=744772"},{"taxonomy":"product_tag","embeddable":true,"href":"https:\/\/roveyayinevi.com.tr\/index.php\/wp-json\/wp\/v2\/product_tag?post=744772"}],"curies":[{"name":"wp","href":"https:\/\/api.w.org\/{rel}","templated":true}]}}