{"id":744770,"date":"2025-08-28T02:04:26","date_gmt":"2025-08-27T23:04:26","guid":{"rendered":"https:\/\/roveyayinevi.com.tr\/index.php\/urun\/git-buradan-ofke\/"},"modified":"2026-04-16T02:56:41","modified_gmt":"2026-04-15T23:56:41","slug":"git-buradan-ofke","status":"publish","type":"product","link":"https:\/\/roveyayinevi.com.tr\/index.php\/urun\/git-buradan-ofke\/","title":{"rendered":"Git Buradan \u00d6fke!"},"content":{"rendered":"<p>O g\u00fcn hi\u00e7 de G\u00fclse\u2019nin umdu\u011fu gibi gitmiyordu. At\u0131\u015ft\u0131rmal\u0131klar idare ederdi ama en sevdi\u011fi oyunca\u011f\u0131 onunla oyun oynamak istemiyordu. Banyoya ilk karde\u015finin girdi\u011fini g\u00f6rd\u00fc\u011f\u00fcndeyse k\u00fc\u00e7\u00fck k\u0131z daha fazla dayanamad\u0131. K\u0131pk\u0131rm\u0131z\u0131 oldu, ba\u011f\u0131rmaya ba\u015flad\u0131, yerde yuvarland\u0131, a\u011flad\u0131. G\u00fclse \u00f6fkesinden kurtulmaya, onu g\u00f6ndermeye \u00e7al\u0131\u015ft\u0131 ama \u00f6fke ona yard\u0131mc\u0131 olmadan hi\u00e7bir yere gitmeyecekti.   \u00c7ocuklar\u0131n duygular\u0131n\u0131 ke\u015ffetmesi amac\u0131yla haz\u0131rlanan bu sevimli hik\u00e2ye ebeveynler i\u00e7in de yararl\u0131 \u00f6neriler i\u00e7eriyor. <\/p>\n","protected":false},"excerpt":{"rendered":"<p>O g\u00fcn hi\u00e7 de G\u00fclse\u2019nin umdu\u011fu gibi gitmiyordu. At\u0131\u015ft\u0131rmal\u0131klar idare ederdi ama en sevdi\u011fi oyunca\u011f\u0131 onunla oyun oynamak istemiyordu. Banyoya ilk karde\u015finin girdi\u011fini g\u00f6rd\u00fc\u011f\u00fcndeyse k\u00fc\u00e7\u00fck k\u0131z<span class=\"excerpt-hellip\"> [\u2026]<\/span><\/p>\n","protected":false},"featured_media":0,"template":"","meta":{"_monsterinsights_skip_tracking":false,"_monsterinsights_sitenote_active":false,"_monsterinsights_sitenote_note":"","_monsterinsights_sitenote_category":0},"product_brand":[],"product_cat":[12913,12274],"product_tag":[],"class_list":{"0":"post-744770","1":"product","2":"type-product","3":"status-publish","5":"product_cat-3-6-yas-kitaplari","6":"product_cat-cocuk-ve-genclik-kitaplari","7":"pa_cilt-ciltsiz","8":"pa_tur-kitap","9":"pa_yayinevi-yapi-kredi-yayinlari","10":"pa_yazar-marie-agnes-gaudrat","12":"first","13":"instock","14":"sale","15":"shipping-taxable","16":"purchasable","17":"product-type-simple"},"_links":{"self":[{"href":"https:\/\/roveyayinevi.com.tr\/index.php\/wp-json\/wp\/v2\/product\/744770","targetHints":{"allow":["GET"]}}],"collection":[{"href":"https:\/\/roveyayinevi.com.tr\/index.php\/wp-json\/wp\/v2\/product"}],"about":[{"href":"https:\/\/roveyayinevi.com.tr\/index.php\/wp-json\/wp\/v2\/types\/product"}],"wp:attachment":[{"href":"https:\/\/roveyayinevi.com.tr\/index.php\/wp-json\/wp\/v2\/media?parent=744770"}],"wp:term":[{"taxonomy":"product_brand","embeddable":true,"href":"https:\/\/roveyayinevi.com.tr\/index.php\/wp-json\/wp\/v2\/product_brand?post=744770"},{"taxonomy":"product_cat","embeddable":true,"href":"https:\/\/roveyayinevi.com.tr\/index.php\/wp-json\/wp\/v2\/product_cat?post=744770"},{"taxonomy":"product_tag","embeddable":true,"href":"https:\/\/roveyayinevi.com.tr\/index.php\/wp-json\/wp\/v2\/product_tag?post=744770"}],"curies":[{"name":"wp","href":"https:\/\/api.w.org\/{rel}","templated":true}]}}