{"id":744769,"date":"2025-08-28T02:04:24","date_gmt":"2025-08-27T23:04:24","guid":{"rendered":"https:\/\/roveyayinevi.com.tr\/index.php\/urun\/huzursuzlar\/"},"modified":"2026-04-16T02:56:41","modified_gmt":"2026-04-15T23:56:41","slug":"huzursuzlar","status":"publish","type":"product","link":"https:\/\/roveyayinevi.com.tr\/index.php\/urun\/huzursuzlar\/","title":{"rendered":"Huzursuzlar"},"content":{"rendered":"<p>Linn Ullmann\u2019\u0131n roman \u00fc\u00e7lemesinin ilk kitab\u0131 Huzursuzlar, \u00e7ocuklu\u011funda her yaz Balt\u0131k Denizi\u2019nde uzak bir ada olan F\u00e5r\u00f6\u2019ye, y\u00f6netmen ve film yap\u0131mc\u0131s\u0131 babas\u0131n\u0131 ziyarete giden Norve\u00e7li k\u0131z\u0131n izini s\u00fcrer. K\u0131z, \u015fimdi bir yeti\u015fkin anne ve yazard\u0131r, babas\u0131ysa seksenli ya\u015flar\u0131ndad\u0131r. Baba-k\u0131z birlikte, ya\u015fl\u0131l\u0131k, dil, haf\u0131za ve kay\u0131p \u00fcst\u00fcne bir kitap yazmay\u0131 hayal eder. K\u0131z sorular\u0131 soracak baba yan\u0131tlayacak, konu\u015fmalar\u0131 teybe kaydedeceklerdir. Her ikisinin de \u00f6ng\u00f6remedi\u011fi bi\u00e7imde baba ya\u015fl\u0131l\u0131\u011f\u0131n pen\u00e7esindedir; baba bir yaz g\u00fcn\u00fc F\u00e5r\u00f6 adas\u0131nda \u00f6ld\u00fc\u011f\u00fcnde geriye sadece an\u0131msanan ve kaydedilmi\u015f hat\u0131ralar, imgeler ve s\u00f6zc\u00fckler kal\u0131r. Ses kayd\u0131 al\u0131nm\u0131\u015f, babayla ger\u00e7ekle\u015ftirdi\u011fi alt\u0131 sohbetin ekseni \u00e7evresinde k\u0131z kendi \u00f6yk\u00fcs\u00fcn\u00fc yazmaya ba\u015flar; yaz\u0131lan sayfalar bu kitab\u0131 olu\u015fturacakt\u0131r.   An\u0131 ve kurmacan\u0131n kusursuz bir harman\u0131 olan Huzursuzlar klasiklerle kurdu\u011fu diyalogun yan\u0131 s\u0131ra Linn Ullmann\u2019\u0131n berrak, parlak, \u015fiirsel d\u00fczyaz\u0131s\u0131n\u0131n g\u00fcc\u00fcyle \u201cotobiyografik roman\u201d t\u00fcr\u00fcn\u00fc yeni irtifalara ta\u015f\u0131rken ya\u015famak, a\u015fk, kay\u0131p, ya\u015flanma \u00fcst\u00fcne ba\u015fl\u0131ca hakikatlerin pe\u015finde di\u015fli ve tutkulu bir okuma deneyimi vaat ediyor.   \u201cLinn Ullmann g\u00fczellikten, avuntudan, hakikatten olu\u015fan bir kitap yazm\u0131\u015f. B\u00f6ylesine tehlikeli sular\u0131 bir u\u00e7tan bir uca katetmeyi nas\u0131l ba\u015fard\u0131\u011f\u0131n\u0131 bilmiyorum.\u201d Rachel Cusk   \u201cHuzursuzlar sadece Linn Ullmann\u2019\u0131n g\u00fcndelik ya\u015fam\u0131n dilbaz ayr\u0131nt\u0131lar\u0131na g\u00f6sterdi\u011fi p\u00fcr dikkatinden, kendini ve yak\u0131nlar\u0131n\u0131 d\u00fcr\u00fcst\u00e7e kucaklamas\u0131ndan, iyi bir yaz\u0131n\u0131n y\u00fcksek taleplerine ve dile dair keskin duyarl\u0131\u011f\u0131ndan kaynaklanabilecek bi\u00e7imde dosdo\u011fru, do\u011fall\u0131kla ve zarafetle anlat\u0131lm\u0131\u015f, fazlas\u0131yla s\u00fcr\u00fckleyici ve etkileyici bir aile anlat\u0131s\u0131.\u201d Lydia Davis   \u201cUllmann anlat\u0131c\u0131 ben\u2019ler ve d\u00fcn ile bug\u00fcn aras\u0131nda ustaca hareket ediyor \u2014 k\u00fc\u00e7\u00fck k\u0131z\u0131n ham kafa kar\u0131\u015f\u0131kl\u0131\u011f\u0131ndan bir yeti\u015fkinin derin d\u00fc\u015f\u00fcncelerine. Huzursuzlar duygulan\u0131m ve haf\u0131za sanat\u0131 \u00fcst\u00fcne harikulade bir kitap.\u201d <\/p>\n","protected":false},"excerpt":{"rendered":"<p>Linn Ullmann\u2019\u0131n roman \u00fc\u00e7lemesinin ilk kitab\u0131 Huzursuzlar, \u00e7ocuklu\u011funda her yaz Balt\u0131k Denizi\u2019nde uzak bir ada olan F\u00e5r\u00f6\u2019ye, y\u00f6netmen ve film yap\u0131mc\u0131s\u0131 babas\u0131n\u0131 ziyarete giden Norve\u00e7li k\u0131z\u0131n<span class=\"excerpt-hellip\"> [\u2026]<\/span><\/p>\n","protected":false},"featured_media":0,"template":"","meta":{"_monsterinsights_skip_tracking":false,"_monsterinsights_sitenote_active":false,"_monsterinsights_sitenote_note":"","_monsterinsights_sitenote_category":0},"product_brand":[],"product_cat":[12291,12711],"product_tag":[],"class_list":{"0":"post-744769","1":"product","2":"type-product","3":"status-publish","5":"product_cat-edebiyat","6":"product_cat-roman-oyku","7":"pa_cilt-ciltsiz","8":"pa_tur-kitap","9":"pa_yayinevi-yapi-kredi-yayinlari","10":"pa_yazar-linn-ullmann","12":"first","13":"instock","14":"sale","15":"shipping-taxable","16":"purchasable","17":"product-type-simple"},"_links":{"self":[{"href":"https:\/\/roveyayinevi.com.tr\/index.php\/wp-json\/wp\/v2\/product\/744769","targetHints":{"allow":["GET"]}}],"collection":[{"href":"https:\/\/roveyayinevi.com.tr\/index.php\/wp-json\/wp\/v2\/product"}],"about":[{"href":"https:\/\/roveyayinevi.com.tr\/index.php\/wp-json\/wp\/v2\/types\/product"}],"wp:attachment":[{"href":"https:\/\/roveyayinevi.com.tr\/index.php\/wp-json\/wp\/v2\/media?parent=744769"}],"wp:term":[{"taxonomy":"product_brand","embeddable":true,"href":"https:\/\/roveyayinevi.com.tr\/index.php\/wp-json\/wp\/v2\/product_brand?post=744769"},{"taxonomy":"product_cat","embeddable":true,"href":"https:\/\/roveyayinevi.com.tr\/index.php\/wp-json\/wp\/v2\/product_cat?post=744769"},{"taxonomy":"product_tag","embeddable":true,"href":"https:\/\/roveyayinevi.com.tr\/index.php\/wp-json\/wp\/v2\/product_tag?post=744769"}],"curies":[{"name":"wp","href":"https:\/\/api.w.org\/{rel}","templated":true}]}}