{"id":744768,"date":"2025-08-28T02:04:23","date_gmt":"2025-08-27T23:04:23","guid":{"rendered":"https:\/\/roveyayinevi.com.tr\/index.php\/urun\/turkiyeden-kesitler\/"},"modified":"2026-04-16T02:56:41","modified_gmt":"2026-04-15T23:56:41","slug":"turkiyeden-kesitler","status":"publish","type":"product","link":"https:\/\/roveyayinevi.com.tr\/index.php\/urun\/turkiyeden-kesitler\/","title":{"rendered":"T\u00fcrkiye\u2019den Kesitler"},"content":{"rendered":"<p>U\u011fur K\u00f6kden edebiyat\u0131m\u0131z\u0131n gezgin anlat\u0131c\u0131lar\u0131ndan. Gerek \u00f6nceki kitaplar\u0131 gerekse elinizde tuttu\u011funuz T\u00fcrkiye\u2019den Kesitler \u2013 Y\u0131llar, Yollar, Yerler bunun en iyi ispat\u0131. K\u00f6kden g\u00fcnl\u00fck-denemelerinde yola \u00e7\u0131kt\u0131\u011f\u0131 yerden var\u0131\u015f noktas\u0131na kadar, yol boyunca g\u00f6zlemlerini, bilgi birikimini ve tan\u0131kl\u0131klar\u0131n\u0131 aktar\u0131rken, \u201cyolda olma\u201d durumunu t\u00fcm canl\u0131l\u0131\u011f\u0131yla yaz\u0131ya d\u00f6k\u00fcyor. Var\u0131\u015f noktas\u0131nda ise kalemini g\u00fclle donat\u0131yor. Tarih ile g\u00fcnceli, ge\u00e7mi\u015f ile o an\u0131 bir araya getiriyor. Kimi yerde salt g\u00fcnl\u00fck, kimi yerde deneme, kimi yerde an\u0131yla kar\u0131\u015f\u0131k \u00f6yk\u00fc tad\u0131nda metinler kaleme al\u0131yor. T\u00fcrkiye\u2019den Kesitler \u2013 Y\u0131llar, Yollar, Yerler farkl\u0131 zaman dilimlerinden ve farkl\u0131 b\u00f6lgelerden \u015fehirler, kasabalar, k\u00f6yler ve yollardan sesleniyor. <\/p>\n","protected":false},"excerpt":{"rendered":"<p>U\u011fur K\u00f6kden edebiyat\u0131m\u0131z\u0131n gezgin anlat\u0131c\u0131lar\u0131ndan. Gerek \u00f6nceki kitaplar\u0131 gerekse elinizde tuttu\u011funuz T\u00fcrkiye\u2019den Kesitler \u2013 Y\u0131llar, Yollar, Yerler bunun en iyi ispat\u0131. K\u00f6kden g\u00fcnl\u00fck-denemelerinde yola \u00e7\u0131kt\u0131\u011f\u0131 yerden<span class=\"excerpt-hellip\"> [\u2026]<\/span><\/p>\n","protected":false},"featured_media":0,"template":"","meta":{"_monsterinsights_skip_tracking":false,"_monsterinsights_sitenote_active":false,"_monsterinsights_sitenote_note":"","_monsterinsights_sitenote_category":0},"product_brand":[],"product_cat":[12777,12291],"product_tag":[],"class_list":{"0":"post-744768","1":"product","2":"type-product","3":"status-publish","5":"product_cat-deneme","6":"product_cat-edebiyat","7":"pa_cilt-ciltsiz","8":"pa_tur-kitap","9":"pa_yayinevi-kirmizi-kedi-yayinevi","10":"pa_yazar-ugur-kokden","12":"first","13":"instock","14":"sale","15":"shipping-taxable","16":"purchasable","17":"product-type-simple"},"_links":{"self":[{"href":"https:\/\/roveyayinevi.com.tr\/index.php\/wp-json\/wp\/v2\/product\/744768","targetHints":{"allow":["GET"]}}],"collection":[{"href":"https:\/\/roveyayinevi.com.tr\/index.php\/wp-json\/wp\/v2\/product"}],"about":[{"href":"https:\/\/roveyayinevi.com.tr\/index.php\/wp-json\/wp\/v2\/types\/product"}],"wp:attachment":[{"href":"https:\/\/roveyayinevi.com.tr\/index.php\/wp-json\/wp\/v2\/media?parent=744768"}],"wp:term":[{"taxonomy":"product_brand","embeddable":true,"href":"https:\/\/roveyayinevi.com.tr\/index.php\/wp-json\/wp\/v2\/product_brand?post=744768"},{"taxonomy":"product_cat","embeddable":true,"href":"https:\/\/roveyayinevi.com.tr\/index.php\/wp-json\/wp\/v2\/product_cat?post=744768"},{"taxonomy":"product_tag","embeddable":true,"href":"https:\/\/roveyayinevi.com.tr\/index.php\/wp-json\/wp\/v2\/product_tag?post=744768"}],"curies":[{"name":"wp","href":"https:\/\/api.w.org\/{rel}","templated":true}]}}