{"id":744767,"date":"2025-08-28T02:04:21","date_gmt":"2025-08-27T23:04:21","guid":{"rendered":"https:\/\/roveyayinevi.com.tr\/index.php\/urun\/cristoforo-colombonun-maceralari\/"},"modified":"2026-04-03T03:00:11","modified_gmt":"2026-04-03T00:00:11","slug":"cristoforo-colombonun-maceralari","status":"publish","type":"product","link":"https:\/\/roveyayinevi.com.tr\/index.php\/urun\/cristoforo-colombonun-maceralari\/","title":{"rendered":"Cristoforo Colombo\u2019nun Maceralar\u0131"},"content":{"rendered":"<p>Cenova\u2019da bir \u00e7ocuk\u2026 G\u00fcn\u00fcn birinde denize, a\u00e7\u0131k denize ula\u015fmak \u00fczere limandan ayr\u0131lan gemilerin g\u00fcvertesinde olmay\u0131 hayal ediyor. Bu \u00e7ocuk Cristoforo Colombo: Amerika\u2019y\u0131 ke\u015ffeden adam. On be\u015f ya\u015f\u0131nda denizci oldu Colombo. Ligurya, Provence ve Korsika denizlerinde dola\u015ft\u0131. Alize r\u00fczg\u00e2rlar\u0131n\u0131 \u00f6\u011frendi, enlem boylam hesaplar\u0131nda usta oldu, d\u00f6neminin en \u00fcnl\u00fc kozmografya eserlerini okudu. O \u00e7a\u011f\u0131n insanlar\u0131n\u0131n bildi\u011fi tek Okyanus\u2019a a\u00e7\u0131ld\u0131. Hedefi basitti: D\u00fcnya yuvarlak oldu\u011funa g\u00f6re, daima bat\u0131ya giderek o b\u00fcy\u00fcl\u00fc Do\u011fu\u2019ya, baharata, masal \u015fehirlerine, alt\u0131na, ipe\u011fe ula\u015fabilecekti. \u0130spanya kraliyetinden Fernando ile Isabela\u2019n\u0131n deste\u011fiyle yola \u00e7\u0131kt\u0131. Yeni Topraklar\u2019\u0131 buldu, \u015fimdiye kadar g\u00f6rd\u00fcklerine hi\u00e7 benzemeyen insanlar g\u00f6rd\u00fc. Reng\u00e2renk papa\u011fanlar\u0131, patatesi, ye\u015fil biberi, fasulyeyi Avrupa\u2019ya getirdi. H\u00fck\u00fcmdarlar\u0131 ad\u0131na Yeni Topraklar\u2019da koloniler kurmaya \u00e7al\u0131\u015ft\u0131, alt\u0131n arad\u0131. Binlerce yerli \u00f6ld\u00fcrd\u00fc! Defalarca Yeni Topraklar\u2019a gitti geldi, zincire vuruldu, ba\u015f\u0131ndan binbir macera ge\u00e7ti. Tart\u0131\u015fmas\u0131z b\u00fcy\u00fck bir denizciydi, bir o kadar da k\u00f6t\u00fc bir s\u00f6m\u00fcrgeci oldu. \u0130ktisat tarihi profes\u00f6r\u00fc Paolo Emilio Taviani \u00f6mr\u00fcn\u00fc Cristoforo Colombo\u2019nun ya\u015fam\u0131n\u0131 ara\u015ft\u0131rmaya adam\u0131\u015ft\u0131. Cristoforo Colombo\u2019nun Maceralar\u0131 kitab\u0131nda onun inan\u0131lmaz ser\u00fcvenini anlat\u0131yor. Taviani\u2019nin kendi deyimiyle, \u201cger\u00e7ek olaylar\u0131n roman\u0131\u201dn\u0131 yaz\u0131yor. <\/p>\n","protected":false},"excerpt":{"rendered":"<p>Cenova\u2019da bir \u00e7ocuk\u2026 G\u00fcn\u00fcn birinde denize, a\u00e7\u0131k denize ula\u015fmak \u00fczere limandan ayr\u0131lan gemilerin g\u00fcvertesinde olmay\u0131 hayal ediyor. Bu \u00e7ocuk Cristoforo Colombo: Amerika\u2019y\u0131 ke\u015ffeden adam. On be\u015f<span class=\"excerpt-hellip\"> [\u2026]<\/span><\/p>\n","protected":false},"featured_media":0,"template":"","meta":{"_monsterinsights_skip_tracking":false,"_monsterinsights_sitenote_active":false,"_monsterinsights_sitenote_note":"","_monsterinsights_sitenote_category":0},"product_brand":[],"product_cat":[12291,12711],"product_tag":[],"class_list":{"0":"post-744767","1":"product","2":"type-product","3":"status-publish","5":"product_cat-edebiyat","6":"product_cat-roman-oyku","7":"pa_cilt-ciltsiz","8":"pa_tur-kitap","9":"pa_yayinevi-kirmizi-kedi-yayinevi","10":"pa_yazar-paolo-emilio-taviani","12":"first","13":"instock","14":"sale","15":"shipping-taxable","16":"purchasable","17":"product-type-simple"},"_links":{"self":[{"href":"https:\/\/roveyayinevi.com.tr\/index.php\/wp-json\/wp\/v2\/product\/744767","targetHints":{"allow":["GET"]}}],"collection":[{"href":"https:\/\/roveyayinevi.com.tr\/index.php\/wp-json\/wp\/v2\/product"}],"about":[{"href":"https:\/\/roveyayinevi.com.tr\/index.php\/wp-json\/wp\/v2\/types\/product"}],"wp:attachment":[{"href":"https:\/\/roveyayinevi.com.tr\/index.php\/wp-json\/wp\/v2\/media?parent=744767"}],"wp:term":[{"taxonomy":"product_brand","embeddable":true,"href":"https:\/\/roveyayinevi.com.tr\/index.php\/wp-json\/wp\/v2\/product_brand?post=744767"},{"taxonomy":"product_cat","embeddable":true,"href":"https:\/\/roveyayinevi.com.tr\/index.php\/wp-json\/wp\/v2\/product_cat?post=744767"},{"taxonomy":"product_tag","embeddable":true,"href":"https:\/\/roveyayinevi.com.tr\/index.php\/wp-json\/wp\/v2\/product_tag?post=744767"}],"curies":[{"name":"wp","href":"https:\/\/api.w.org\/{rel}","templated":true}]}}