{"id":744761,"date":"2025-08-28T02:04:12","date_gmt":"2025-08-27T23:04:12","guid":{"rendered":"https:\/\/roveyayinevi.com.tr\/index.php\/urun\/baskici-olmayan-tuvalet-egitimi\/"},"modified":"2026-04-16T02:56:41","modified_gmt":"2026-04-15T23:56:41","slug":"baskici-olmayan-tuvalet-egitimi","status":"publish","type":"product","link":"https:\/\/roveyayinevi.com.tr\/index.php\/urun\/baskici-olmayan-tuvalet-egitimi\/","title":{"rendered":"Bask\u0131c\u0131 Olmayan Tuvalet E\u011fitimi"},"content":{"rendered":"<p>Ebeveynler i\u00e7in \u00e7ocuklar\u0131n\u0131n y\u00fcr\u00fcmesi, konu\u015fmas\u0131, ayakkab\u0131lar\u0131n\u0131 ba\u011flamay\u0131 veya okumay\u0131 \u00f6\u011frenmesi, bisiklete binmeye ba\u015flamas\u0131 heyecanla beklenen harika kilometre ta\u015flar\u0131d\u0131r; fakat konu tuvalet e\u011fitimine geldi\u011finde i\u015f de\u011fi\u015fir. Bu s\u00fcre\u00e7 bazen korkulu bir r\u00fcyaya, bazen ger\u00e7ekten de bir k\u00e2busa d\u00f6n\u00fc\u015febilir. Bu kitapta \u00e7ocu\u011funuz veya kendinizle ilgili olarak akl\u0131n\u0131za gelebilecek t\u00fcm sorular\u0131n yan\u0131tlar\u0131n\u0131 bulurken endi\u015feleriniz, kayg\u0131lar\u0131n\u0131z geride kalacak. \u00c7ocu\u011funuz muhtemelen sand\u0131\u011f\u0131n\u0131zdan DAHA \u00d6NCE (ideal olarak 20-30 ay aras\u0131nda) tuvalet e\u011fitimi almaya haz\u0131rd\u0131r ve bekledi\u011finizden DAHA HIZLI poposundaki o bezi at\u0131p tuvalete gitmeye ba\u015flayacakt\u0131r. Rahat olun, bu kitap on binlerce \u00e7ocuk ve ebeveynde nas\u0131l i\u015fe yarad\u0131ysa size de yard\u0131mc\u0131 olacak, yol g\u00f6sterecektir. \u00c7ocu\u011funuzla birlikte ba\u015farman\u0131n keyfini ve mutlulu\u011funu ya\u015fayacaks\u0131n\u0131z\u2026 &#8220;Jamie Glowacki&#8217;nin \u00e7ocuk dostu, e\u011flenceli ve bilgilendirici kitab\u0131n\u0131n T\u00fcrk\u00e7e&#8217;ye kazand\u0131r\u0131lmas\u0131na \u00e7ok sevindim. Bu kitapta Jamie, herhangi bir zorlama ve bask\u0131 uygulamadan \u00e7ocuklar\u0131n \u00e7ok kolay bir \u015fekilde \u00f6\u011frenebilece\u011fi tuvalet e\u011fitimi metodunu sunuyor ve ebeveynlere ad\u0131m ad\u0131m rehberlik ediyor. Kitab\u0131n bir di\u011fer g\u00fczelli\u011fi de kaka konusunda sorun ya\u015fayan \u00e7ocuklar ve dahi ebeveynler i\u00e7in \u00e7ok geni\u015f bir b\u00f6l\u00fcm ayr\u0131lm\u0131\u015f olmas\u0131. \u00c7ocu\u011funuz yeni bir \u015fey \u00f6\u011frenirken kendi kendine ba\u015fard\u0131\u011f\u0131 zaman \u00f6yle mutlu olur ki y\u00fcz\u00fcndeki o \u2018Ba\u015fard\u0131m!\u2019 ifadesi paha bi\u00e7ilmezdir. \u0130\u015fte bu kitap sayesinde \u00e7ocu\u011funuz, kendisi tuvalet ihtiyac\u0131 oldu\u011funu anlay\u0131p yine kendisi tuvalete gitmeye ba\u015flad\u0131\u011f\u0131nda y\u00fcz\u00fcnde g\u00f6rece\u011finiz ifade tam olarak bu olacakt\u0131r.&#8221; Evren Bay \u015eeng\u00fcl- &#8220;Tuvalet \u0130leti\u015fimi&#8221; yazar\u0131<\/p>\n","protected":false},"excerpt":{"rendered":"<p>Ebeveynler i\u00e7in \u00e7ocuklar\u0131n\u0131n y\u00fcr\u00fcmesi, konu\u015fmas\u0131, ayakkab\u0131lar\u0131n\u0131 ba\u011flamay\u0131 veya okumay\u0131 \u00f6\u011frenmesi, bisiklete binmeye ba\u015flamas\u0131 heyecanla beklenen harika kilometre ta\u015flar\u0131d\u0131r; fakat konu tuvalet e\u011fitimine geldi\u011finde i\u015f de\u011fi\u015fir. Bu<span class=\"excerpt-hellip\"> [\u2026]<\/span><\/p>\n","protected":false},"featured_media":0,"template":"","meta":{"_monsterinsights_skip_tracking":false,"_monsterinsights_sitenote_active":false,"_monsterinsights_sitenote_note":"","_monsterinsights_sitenote_category":0},"product_brand":[],"product_cat":[12831,12324],"product_tag":[],"class_list":{"0":"post-744761","1":"product","2":"type-product","3":"status-publish","5":"product_cat-aile-ve-cocuk","6":"product_cat-sosyoloji","7":"pa_cilt-ciltsiz","8":"pa_tur-kitap","9":"pa_yayinevi-kuraldisi-yayinevi","10":"pa_yazar-jaime-glowacki","12":"first","13":"instock","14":"sale","15":"shipping-taxable","16":"purchasable","17":"product-type-simple"},"_links":{"self":[{"href":"https:\/\/roveyayinevi.com.tr\/index.php\/wp-json\/wp\/v2\/product\/744761","targetHints":{"allow":["GET"]}}],"collection":[{"href":"https:\/\/roveyayinevi.com.tr\/index.php\/wp-json\/wp\/v2\/product"}],"about":[{"href":"https:\/\/roveyayinevi.com.tr\/index.php\/wp-json\/wp\/v2\/types\/product"}],"wp:attachment":[{"href":"https:\/\/roveyayinevi.com.tr\/index.php\/wp-json\/wp\/v2\/media?parent=744761"}],"wp:term":[{"taxonomy":"product_brand","embeddable":true,"href":"https:\/\/roveyayinevi.com.tr\/index.php\/wp-json\/wp\/v2\/product_brand?post=744761"},{"taxonomy":"product_cat","embeddable":true,"href":"https:\/\/roveyayinevi.com.tr\/index.php\/wp-json\/wp\/v2\/product_cat?post=744761"},{"taxonomy":"product_tag","embeddable":true,"href":"https:\/\/roveyayinevi.com.tr\/index.php\/wp-json\/wp\/v2\/product_tag?post=744761"}],"curies":[{"name":"wp","href":"https:\/\/api.w.org\/{rel}","templated":true}]}}