{"id":744760,"date":"2025-08-28T02:04:11","date_gmt":"2025-08-27T23:04:11","guid":{"rendered":"https:\/\/roveyayinevi.com.tr\/index.php\/urun\/oze-donus-3\/"},"modified":"2026-04-16T02:56:41","modified_gmt":"2026-04-15T23:56:41","slug":"oze-donus-3","status":"publish","type":"product","link":"https:\/\/roveyayinevi.com.tr\/index.php\/urun\/oze-donus-3\/","title":{"rendered":"\u00d6ze D\u00f6n\u00fc\u015f"},"content":{"rendered":"<p>Ba\u015far\u0131 benim i\u00e7in ne demek? \u0130\u00e7imde d\u00f6n\u00fcp duran bu huzursuzluk da nesi? De\u011fi\u015fim korkumun ard\u0131nda asl\u0131nda ne var? Ta\u015f\u0131d\u0131\u011f\u0131m rollerim ve aile ge\u00e7mi\u015fimin \u00f6tesinde, ben kimim? Neye g\u00fcvenebilirim? Ya\u015fad\u0131\u011f\u0131m\u0131 en \u00e7ok ne zaman hissediyorum? Barbara Cecil, neredeyse hepimizin zihninden ge\u00e7en bu sorulara yan\u0131t bulmam\u0131z i\u00e7in bizlere berrak bir zemin sunuyor. Biz kad\u0131nlar\u0131n asl\u0131nda o kadar da m\u00fckemmel olmak zorunda olmad\u0131\u011f\u0131m\u0131z\u0131, binlerce kad\u0131nla y  a\u015fad\u0131\u011f\u0131 deneyimlerden yola \u00e7\u0131karak aktar\u0131yor. De\u011fi\u015fimin do\u011fas\u0131nda var olan kaosun bir engel de\u011fil, hediye oldu\u011funu anlamam\u0131za yard\u0131mc\u0131 olurken, kendimize ait bir yol \u00e7izmemiz i\u00e7in bizlere rehberlik ediyor. \u00d6ze D\u00f6n\u00fc\u015f, ya\u015fam\u0131n t\u00fcm can s\u0131k\u0131c\u0131 gerekliliklerine ra\u011fmen harekete ge\u00e7ebilmemiz ve ruhumuzun sesine kulak vermemiz i\u00e7in birtak\u0131m ara\u00e7lar sunar. Bu ara\u00e7lar\u0131 kullanmay\u0131 ba\u015farabildi\u011fimizde, kendimizle nas\u0131l ba\u011flant\u0131 kuraca\u011f\u0131m\u0131z\u0131 anlar\u0131z. Do\u011fru se\u00e7imler yapar, ya\u015famlar\u0131m\u0131za anlam katar\u0131z. D\u00fcnyan\u0131n d\u00f6rt bir yan\u0131ndaki kad\u0131nlar\u0131n ki\u015fisel hik\u00e2yelerini i\u00e7eren bu kitap, i\u00e7imizdeki potansiyeli a\u00e7\u0131\u011fa \u00e7\u0131karmam\u0131z i\u00e7in bizlere umut \u0131\u015f\u0131\u011f\u0131 oluyor. Kitapta da yer ald\u0131\u011f\u0131 \u00fczere: \u201cKad\u0131n atalar\u0131m\u0131z\u0131n g\u00fc\u00e7l\u00fc omuzlar\u0131nda duruyoruz. Onlar azimle yollar\u0131na devam ettilerse biz de edebiliriz.\u201d<\/p>\n","protected":false},"excerpt":{"rendered":"<p>Ba\u015far\u0131 benim i\u00e7in ne demek? \u0130\u00e7imde d\u00f6n\u00fcp duran bu huzursuzluk da nesi? De\u011fi\u015fim korkumun ard\u0131nda asl\u0131nda ne var? Ta\u015f\u0131d\u0131\u011f\u0131m rollerim ve aile ge\u00e7mi\u015fimin \u00f6tesinde, ben kimim?<span class=\"excerpt-hellip\"> [\u2026]<\/span><\/p>\n","protected":false},"featured_media":0,"template":"","meta":{"_monsterinsights_skip_tracking":false,"_monsterinsights_sitenote_active":false,"_monsterinsights_sitenote_note":"","_monsterinsights_sitenote_category":0},"product_brand":[],"product_cat":[12358,12357],"product_tag":[],"class_list":{"0":"post-744760","1":"product","2":"type-product","3":"status-publish","5":"product_cat-genel-psikoloji","6":"product_cat-psikoloji","7":"pa_cilt-ciltsiz","8":"pa_tur-kitap","9":"pa_yayinevi-sola-unitas","10":"pa_yazar-barbara-cecil","12":"first","13":"instock","14":"sale","15":"shipping-taxable","16":"purchasable","17":"product-type-simple"},"_links":{"self":[{"href":"https:\/\/roveyayinevi.com.tr\/index.php\/wp-json\/wp\/v2\/product\/744760","targetHints":{"allow":["GET"]}}],"collection":[{"href":"https:\/\/roveyayinevi.com.tr\/index.php\/wp-json\/wp\/v2\/product"}],"about":[{"href":"https:\/\/roveyayinevi.com.tr\/index.php\/wp-json\/wp\/v2\/types\/product"}],"wp:attachment":[{"href":"https:\/\/roveyayinevi.com.tr\/index.php\/wp-json\/wp\/v2\/media?parent=744760"}],"wp:term":[{"taxonomy":"product_brand","embeddable":true,"href":"https:\/\/roveyayinevi.com.tr\/index.php\/wp-json\/wp\/v2\/product_brand?post=744760"},{"taxonomy":"product_cat","embeddable":true,"href":"https:\/\/roveyayinevi.com.tr\/index.php\/wp-json\/wp\/v2\/product_cat?post=744760"},{"taxonomy":"product_tag","embeddable":true,"href":"https:\/\/roveyayinevi.com.tr\/index.php\/wp-json\/wp\/v2\/product_tag?post=744760"}],"curies":[{"name":"wp","href":"https:\/\/api.w.org\/{rel}","templated":true}]}}