{"id":744758,"date":"2025-08-28T02:04:09","date_gmt":"2025-08-27T23:04:09","guid":{"rendered":"https:\/\/roveyayinevi.com.tr\/index.php\/urun\/neden-nicin-nasil-zor-sorular-kolay-cevaplar\/"},"modified":"2026-04-16T02:56:41","modified_gmt":"2026-04-15T23:56:41","slug":"neden-nicin-nasil-zor-sorular-kolay-cevaplar","status":"publish","type":"product","link":"https:\/\/roveyayinevi.com.tr\/index.php\/urun\/neden-nicin-nasil-zor-sorular-kolay-cevaplar\/","title":{"rendered":"Neden Ni\u00e7in Nas\u0131l? &#8211; Zor Sorular Kolay Cevaplar"},"content":{"rendered":"<p>\u0130nsan v\u00fccudu, hayvanlar, deniz alt\u0131nda ya\u015fam, bitkiler, a\u011fa\u00e7lar, dinazorlar, d\u00fcnya ve g\u00f6ky\u00fcz\u00fc, uzay, okyanuslar, sa\u011fl\u0131k, hayat\u0131n i\u00e7inden, icatlar, ke\u015fifler ve ka\u015fifler, mucitler, ya\u015fad\u0131\u011f\u0131m\u0131z evren&#8230; bir \u00e7ok konuyu ve \u00e7ok daha fazlas\u0131n\u0131, soru ve cevaplar halinde bu eserlerde bulacaks\u0131n\u0131z. <\/p>\n","protected":false},"excerpt":{"rendered":"<p>\u0130nsan v\u00fccudu, hayvanlar, deniz alt\u0131nda ya\u015fam, bitkiler, a\u011fa\u00e7lar, dinazorlar, d\u00fcnya ve g\u00f6ky\u00fcz\u00fc, uzay, okyanuslar, sa\u011fl\u0131k, hayat\u0131n i\u00e7inden, icatlar, ke\u015fifler ve ka\u015fifler, mucitler, ya\u015fad\u0131\u011f\u0131m\u0131z evren&#8230; bir \u00e7ok<span class=\"excerpt-hellip\"> [\u2026]<\/span><\/p>\n","protected":false},"featured_media":0,"template":"","meta":{"_monsterinsights_skip_tracking":false,"_monsterinsights_sitenote_active":false,"_monsterinsights_sitenote_note":"","_monsterinsights_sitenote_category":0},"product_brand":[],"product_cat":[12274,15842],"product_tag":[],"class_list":{"0":"post-744758","1":"product","2":"type-product","3":"status-publish","5":"product_cat-cocuk-ve-genclik-kitaplari","6":"product_cat-egitici-kitaplar","7":"pa_cilt-ciltsiz","8":"pa_tur-kitap","9":"pa_yayinevi-bookalemun-yayinevi","10":"pa_yazar-muge-degirmenci","12":"first","13":"instock","14":"sale","15":"shipping-taxable","16":"purchasable","17":"product-type-simple"},"_links":{"self":[{"href":"https:\/\/roveyayinevi.com.tr\/index.php\/wp-json\/wp\/v2\/product\/744758","targetHints":{"allow":["GET"]}}],"collection":[{"href":"https:\/\/roveyayinevi.com.tr\/index.php\/wp-json\/wp\/v2\/product"}],"about":[{"href":"https:\/\/roveyayinevi.com.tr\/index.php\/wp-json\/wp\/v2\/types\/product"}],"wp:attachment":[{"href":"https:\/\/roveyayinevi.com.tr\/index.php\/wp-json\/wp\/v2\/media?parent=744758"}],"wp:term":[{"taxonomy":"product_brand","embeddable":true,"href":"https:\/\/roveyayinevi.com.tr\/index.php\/wp-json\/wp\/v2\/product_brand?post=744758"},{"taxonomy":"product_cat","embeddable":true,"href":"https:\/\/roveyayinevi.com.tr\/index.php\/wp-json\/wp\/v2\/product_cat?post=744758"},{"taxonomy":"product_tag","embeddable":true,"href":"https:\/\/roveyayinevi.com.tr\/index.php\/wp-json\/wp\/v2\/product_tag?post=744758"}],"curies":[{"name":"wp","href":"https:\/\/api.w.org\/{rel}","templated":true}]}}