{"id":744746,"date":"2025-08-28T02:03:55","date_gmt":"2025-08-27T23:03:55","guid":{"rendered":"https:\/\/roveyayinevi.com.tr\/index.php\/urun\/200-akil-ve-zeka-oyunu\/"},"modified":"2026-04-16T02:56:40","modified_gmt":"2026-04-15T23:56:40","slug":"200-akil-ve-zeka-oyunu","status":"publish","type":"product","link":"https:\/\/roveyayinevi.com.tr\/index.php\/urun\/200-akil-ve-zeka-oyunu\/","title":{"rendered":"200 Ak\u0131l ve Zeka Oyunu"},"content":{"rendered":"<p>\u00c7ocuklar\u0131n zekalar\u0131n\u0131 geli\u015ftirmelerine yard\u0131m etmek \u00fczere haz\u0131rlanm\u0131\u015f ak\u0131l ve zeka oyunlar\u0131. Maceraya haz\u0131r m\u0131s\u0131n\u0131z? Bu kitap, beynimizin her b\u00f6l\u00fcm\u00fcn\u00fc test edebilece\u011fimiz \u015fekilde tasarlanm\u0131\u015f 200 Zeka ve Ak\u0131l Oyunu i\u00e7ermektedir. Her bir Zeka ve Ak\u0131l Oyunu birbirinden farkl\u0131d\u0131r. Ak\u0131l ve zeka oyunlar\u0131 ba\u015flas\u0131n! <\/p>\n","protected":false},"excerpt":{"rendered":"<p>\u00c7ocuklar\u0131n zekalar\u0131n\u0131 geli\u015ftirmelerine yard\u0131m etmek \u00fczere haz\u0131rlanm\u0131\u015f ak\u0131l ve zeka oyunlar\u0131. Maceraya haz\u0131r m\u0131s\u0131n\u0131z? Bu kitap, beynimizin her b\u00f6l\u00fcm\u00fcn\u00fc test edebilece\u011fimiz \u015fekilde tasarlanm\u0131\u015f 200 Zeka ve<span class=\"excerpt-hellip\"> [\u2026]<\/span><\/p>\n","protected":false},"featured_media":0,"template":"","meta":{"_monsterinsights_skip_tracking":false,"_monsterinsights_sitenote_active":false,"_monsterinsights_sitenote_note":"","_monsterinsights_sitenote_category":0},"product_brand":[],"product_cat":[12274,17859],"product_tag":[],"class_list":{"0":"post-744746","1":"product","2":"type-product","3":"status-publish","5":"product_cat-cocuk-ve-genclik-kitaplari","6":"product_cat-oyun-kitaplari","7":"pa_cilt-ciltsiz","8":"pa_tur-kitap","9":"pa_yayinevi-bookalemun-yayinevi","10":"pa_yazar-furkan-karakaya","12":"first","13":"instock","14":"sale","15":"shipping-taxable","16":"purchasable","17":"product-type-simple"},"_links":{"self":[{"href":"https:\/\/roveyayinevi.com.tr\/index.php\/wp-json\/wp\/v2\/product\/744746","targetHints":{"allow":["GET"]}}],"collection":[{"href":"https:\/\/roveyayinevi.com.tr\/index.php\/wp-json\/wp\/v2\/product"}],"about":[{"href":"https:\/\/roveyayinevi.com.tr\/index.php\/wp-json\/wp\/v2\/types\/product"}],"wp:attachment":[{"href":"https:\/\/roveyayinevi.com.tr\/index.php\/wp-json\/wp\/v2\/media?parent=744746"}],"wp:term":[{"taxonomy":"product_brand","embeddable":true,"href":"https:\/\/roveyayinevi.com.tr\/index.php\/wp-json\/wp\/v2\/product_brand?post=744746"},{"taxonomy":"product_cat","embeddable":true,"href":"https:\/\/roveyayinevi.com.tr\/index.php\/wp-json\/wp\/v2\/product_cat?post=744746"},{"taxonomy":"product_tag","embeddable":true,"href":"https:\/\/roveyayinevi.com.tr\/index.php\/wp-json\/wp\/v2\/product_tag?post=744746"}],"curies":[{"name":"wp","href":"https:\/\/api.w.org\/{rel}","templated":true}]}}